{"id":59439,"date":"2022-10-17T21:00:19","date_gmt":"2022-10-17T19:00:19","guid":{"rendered":"https:\/\/safeblood.at\/?page_id=59439"},"modified":"2025-05-10T19:15:47","modified_gmt":"2025-05-10T17:15:47","slug":"edit-patient-decree","status":"publish","type":"page","link":"https:\/\/safeblood.at\/en\/edit-patient-decree\/","title":{"rendered":"Edit Patient Decree"},"content":{"rendered":"[vc_row type=&#8221;in_container&#8221; full_screen_row_position=&#8221;middle&#8221; column_margin=&#8221;default&#8221; column_direction=&#8221;default&#8221; column_direction_tablet=&#8221;default&#8221; column_direction_phone=&#8221;default&#8221; scene_position=&#8221;center&#8221; text_color=&#8221;dark&#8221; text_align=&#8221;left&#8221; row_border_radius=&#8221;none&#8221; row_border_radius_applies=&#8221;bg&#8221; overlay_strength=&#8221;0.3&#8243; gradient_direction=&#8221;left_to_right&#8221; shape_divider_position=&#8221;bottom&#8221; bg_image_animation=&#8221;none&#8221;][vc_column column_padding=&#8221;no-extra-padding&#8221; column_padding_tablet=&#8221;inherit&#8221; column_padding_phone=&#8221;inherit&#8221; column_padding_position=&#8221;all&#8221; column_element_spacing=&#8221;default&#8221; background_color_opacity=&#8221;1&#8243; background_hover_color_opacity=&#8221;1&#8243; column_shadow=&#8221;none&#8221; column_border_radius=&#8221;none&#8221; column_link_target=&#8221;_self&#8221; gradient_direction=&#8221;left_to_right&#8221; overlay_strength=&#8221;0.3&#8243; width=&#8221;1\/1&#8243; tablet_width_inherit=&#8221;default&#8221; tablet_text_alignment=&#8221;default&#8221; phone_text_alignment=&#8221;default&#8221; bg_image_animation=&#8221;none&#8221; border_type=&#8221;simple&#8221; column_border_width=&#8221;none&#8221; column_border_style=&#8221;solid&#8221;][vc_column_text]<strong>On this page you can customize your personal living will.<\/strong><\/p>\n<p><strong>The first part<\/strong>: The &#8220;Personal data decreeing person&#8221; and &#8220;Medical data decreeing person&#8221; come directly from the database and <strong>cannot be changed here<\/strong>, but only in your member area under <a href=\"https:\/\/safeblood.us\/en\/profile\/\" target=\"_blank\" rel=\"noopener\">safeblood.us\/en\/profile<\/a> (or with your country code) where you press &#8220;edit&#8221;.<\/p>\n<p><strong>The second part<\/strong>: In the text field, the actual <strong>text<\/strong> of your living will is given as a sample. <strong>You can change whatever you like<\/strong>. In any case, <strong>you must complete<\/strong> the points where there is a &#8220;<strong>&#8230;..<\/strong>&#8220;. Behind the &#8220;&#8230;..&#8221; is explained in each case what you have to put there instead of the points (<em>e.g. &#8220;first name + surname&#8221;<\/em>). You then delete this oblique explanation text.<br \/>\n<strong>If you don&#8217;t have or don&#8217;t want a &#8220;trusted person&#8221;, delete everything related to it.<br \/>\nIf your trusted person does not have the same blood group as you, you must change this passage here in the text or delete the entire passage.<\/strong><br \/>\n<strong>Very important<\/strong>: When you have customized your living will, <strong>save it<\/strong> by pressing <strong>the red &#8220;Save changes&#8221; button<\/strong> &#8211; if you do not do this, everything will revert to the original text.<br \/>\n<strong>After<\/strong> you have saved your changes, you can <strong>upload a scanned signature<\/strong>. To do this, select the file that contains your signature (Choose file) and then click on \u201cUpload signature\u201d. After you see the message \u201cSignature successfully uploaded\u201d, your living will is up-to-date.<br \/>\nIf you do not yet have a scanned signature, make one on white paper and photograph or scan it before you can upload it.<br \/>\n(Please do not upload the signature under \u201cUpload ID\u201d. If you see this option, you are on the wrong page).<\/p>\n<p>We recommend that you <strong>print out the living will<\/strong> at the end and sign it by hand so that you can deliver the printed version later if this is required.<\/p>\n<h1>LIVING WILL<\/h1><div class=\"patient_directive_table\"><div class=\"row\"><div class=\"col-full\">Disposing person, personal data:<\/div><\/div><div class=\"row\"><div class=\"col-title\">SafeBlood Donation membership no:<\/div><div class=\"col-data\"><\/div><\/div><div class=\"row\"><div class=\"col-title\">SafeBlood Link personal data:<\/div><div class=\"col-data\">https:\/\/sbl.onl\/-<\/div><\/div><div class=\"row\"><div class=\"col-title\">First name, Family name:<\/div><div class=\"col-data\"> <\/div><\/div><div class=\"row\"><div class=\"col-title\">Date of birth:<\/div><div class=\"col-data\">01.01.1970<\/div><\/div><div class=\"row\"><div style=\"vertical-align:top;\" class=\"col-title\">Postal address:<\/div><div class=\"col-data\"> <br> <\/div><\/div><div class=\"row\"><div class=\"col-title\">Country:<\/div><div class=\"col-data\"><\/div><\/div><div class=\"row\"><div class=\"col-title\">Cell number:<\/div><div class=\"col-data\"><\/div><\/div><div class=\"row\"><div class=\"col-title\">E-mail:<\/div><div class=\"col-data\"><\/div><\/div><div class=\"row\"><\/div><div class=\"row\"><div class=\"col-full\">Disposing person, medical data:<\/div><\/div><div class=\"row\"><div class=\"col-title\">Blood group:<\/div><div class=\"col-data\"><\/div><\/div><div class=\"row\"><div class=\"col-title\">Blood group RH Kell:<\/div><div class=\"col-data\"><\/div><\/div><div class=\"row\"><div class=\"col-title\">Antibodies:<\/div><div class=\"col-data\"><\/div><\/div><div class=\"row\"><div class=\"col-title\">Covid vaccination status:<\/div><div class=\"col-data\"><\/div><\/div><div class=\"row\"><div class=\"col-title\">Emergency information:<\/div><div class=\"col-data\"><\/div><\/div><\/div><br><br><br><br><p><form  name=\"edit_patient_directive\" method=\"POST\"><div id=\"wp-long_patient_directive-wrap\" class=\"wp-core-ui wp-editor-wrap tmce-active\"><link rel='stylesheet' id='dashicons-css'  href='https:\/\/safeblood.at\/wp-includes\/css\/dashicons.min.css?ver=6.0.3' type='text\/css' media='all' \/>\n<link rel='stylesheet' id='editor-buttons-css'  href='https:\/\/safeblood.at\/wp-includes\/css\/editor.min.css?ver=6.0.3' type='text\/css' media='all' \/>\n<div id=\"wp-long_patient_directive-editor-container\" class=\"wp-editor-container\"><textarea class=\"wp-editor-area\" rows=\"10\" autocomplete=\"off\" cols=\"40\" name=\"long_patient_directive\" id=\"long_patient_directive\">&lt;h3&gt;Verf\u00fcgende und vertretungsberechtigte Person&lt;\/h3&gt;\r\nIch, ... &lt;em&gt;(Vorname + Name)&lt;\/em&gt;, ernenne folgende vertretungsberechtigte Person, die im Falle meiner Urteilsunfa\u0308higkeit mit der behandelnden \u00c4rztin oder dem behandelnden Arzt die medizinischen Massnahmen besprechen und in meinem Namen entscheiden soll.\r\n&lt;h3&gt;Vertretungsberechtigte Vertrauensperson&lt;\/h3&gt;\r\n... &lt;em&gt;(Name, Adresse, Email + Tel.)&lt;\/em&gt;\r\nEs besteht ein besonderes Vertrauensverh\u00e4ltnis, kein Interessenkonflikt, die Person ist in der Lage, meine Werte und Haltungen auch in Ernstsituationen durchzusetzen. Sie vertritt mich zu 100% bei jeder Entscheidung.\r\n&lt;h3&gt;Medizinische Behandlungen in einer Notfallsituation:&lt;\/h3&gt;\r\nDurchgef\u00fchrt werden d\u00fcrfen und sollen s\u00e4mtliche auf der Intensivstation in Notfallsituationen normalerweise angewendeten Massnahmen, in Absprache mit der von mir genannten vertretungsberechtigten Person, mit folgenden Ausnahmen:\r\n\r\n&lt;strong&gt;Keine maschinelle Intubation.&lt;\/strong&gt;\r\n\r\n&lt;strong&gt;Keine Verwendung von Blutkonserven, &lt;\/strong&gt;es sei denn, sie tragen das Attribut \"nur f\u00fcr Safeblood-Mitglieder verwenden\". Im Notfall will ich aus pers\u00f6nlichen Gr\u00fcnden Blut ausschlie\u00dflich von meiner oben genannten Vertrauensperson gespendet bekommen - sie hat eine kompatible Blutgruppe. Ich akzeptiere ihr Blut im Notfall auch als Direkttransfusion ohne jegliche Aufbereitung. Meine Vertrauensperson ist bei jedem terminierten Eingriff pers\u00f6nlich anwesend und kann daher unmittelbar als Blutspender dienen. Ist sie ausnahmsweise direkt nicht verf\u00fcgbar, bestimmt nur sie, oder die Organisation SafeBlood Donation, einen geeigneten Ersatz - in der Regel die oben erw\u00e4hnte Blutkonserve mit der Bezeichnung \"nur f\u00fcr Safeblood-Mitglieder verwenden\".\r\n&lt;strong&gt;Transfusionen sollen nur bei lebensbedrohlichen Situationen angewendet werden&lt;\/strong&gt;, und erst, wenn der H\u00e4moglobinwert unter 5 g\/dl liegt, und nachdem alle Optionen ausgesch\u00f6pft worden sind, wie Volumenexpander (Kochsalz, Dextran, Haemaccel, Ringer-Laktat-L\u00f6sung. Hydroxy\u00e4thylst\u00e4rke H\u00c4S) oder \u00e4hnliches, und Methoden wie Elektrokauter, Eisenpr\u00e4parate (intramuskul\u00e4r oder intraven\u00f6s), k\u00fcnstlich hergestelltes ESF, &lt;strong&gt;oder und insbesondere&lt;\/strong&gt; Absaugen des Blutes aus der Wunde und R\u00fcckf\u00fchrung in den Kreislauf (Autotransfusion ATS\/MAT oder Re-Transfusion ADR).\r\n\r\nTelefon SafeBlood Donation Switzerland: +41 79 55 99 079\r\n&lt;h3&gt;Organspende&lt;\/h3&gt;\r\nIch m\u00f6chte keine Spenderin sein, au\u00dfer f\u00fcr direkte Verwandte in einer lebensbedrohlichen Situation.\r\n\r\n&amp;nbsp;\r\n\r\n\u2026., \u2026.., .....&lt;em&gt; (Vorname + Name, Ort, Datum)&lt;\/em&gt;\r\n&lt;strong&gt;Digital unterschrieben&lt;\/strong&gt; im Mitgliederbereich von SafeBlood.net\r\n(Das unterschriebene Original\/Papierversion kann auf Verlangen nachgeliefert werden.)\r\n\r\n&amp;nbsp;\r\n\r\n.............................................................................................................\r\n\r\n&lt;em&gt;(Unterschrift f\u00fcr die gedruckte Version)&lt;\/em&gt;<\/textarea><\/div>\n<\/div>\n\n<br><br><input type=\"submit\" name=\"edit\" value=\"Save changes\" \/> <a href=\"\/en\/member-card-and-living-will\/?id=\"  class=\"nectar-button regular       regular-button \">Back<\/a> <input type=\"submit\" style=\"background-color:black;\" name=\"preview\" value=\"View living will\" \/><input type=\"hidden\" name=\"code\" value=\"\" \/><input type=\"hidden\" name=\"edit_patient_directive\" value=\"\" \/><\/form><p class=\"signature-error\">Error: User ID is required.<\/p><\/p>\n\t<style>\n\t.patient_directive_table .row {\n\t\twidth: 90%;\n\t}\n\t\n\t.row, div.clear {\n\t\tpadding-bottom: 0;\n\t}\n\t\n\t.patient_directive_table .row:nth-child(2n) {\n\t\tbackground: #f6f7f7;\n\t}\n\t\n\t.patient_directive_table .col-full {\n\t\twidth: 100%;\n\t\tfont-weight: bold;\n\t\tmargin-left:5mm;\n\t}\n\t\n\t.patient_directive_table .col-title {\n\t\twidth: 34%;\n\t\tdisplay: inline-block;\n\t\tvertical-align:top;\n\t\tmargin-left:10mm;\n\t}\n\t\n\t.patient_directive_table .col-data {\n\t\twidth: 58%;\n\t\tdisplay: inline-block;\n\t\tvertical-align:top;\n\t\tpadding-left: 10mm;\n\t}\n\t\n\t@media print  {\n\t\tbody {\n\t\t  margin: 0;\n\t\t  color: #000;\n\t\t  background-color: #fff;\n\t\t}\n\t\n\t\t#footer-outer,.pd-buttons {display: none;}\n\t\t#header-outer {display: block; z-index: 0;}\n\t\n\t}\n\t\n\t.heading-title {display: none;}\n\t<\/style>\n[\/vc_column_text][\/vc_column][\/vc_row]\n","protected":false},"excerpt":{"rendered":"<p>[vc_row type=&#8221;in_container&#8221; full_screen_row_position=&#8221;middle&#8221; column_margin=&#8221;default&#8221; column_direction=&#8221;default&#8221; column_direction_tablet=&#8221;default&#8221; column_direction_phone=&#8221;default&#8221; scene_position=&#8221;center&#8221; text_color=&#8221;dark&#8221; text_align=&#8221;left&#8221; row_border_radius=&#8221;none&#8221; row_border_radius_applies=&#8221;bg&#8221; overlay_strength=&#8221;0.3&#8243; gradient_direction=&#8221;left_to_right&#8221; shape_divider_position=&#8221;bottom&#8221; bg_image_animation=&#8221;none&#8221;][vc_column column_padding=&#8221;no-extra-padding&#8221; column_padding_tablet=&#8221;inherit&#8221; column_padding_phone=&#8221;inherit&#8221; column_padding_position=&#8221;all&#8221; column_element_spacing=&#8221;default&#8221; background_color_opacity=&#8221;1&#8243; background_hover_color_opacity=&#8221;1&#8243; column_shadow=&#8221;none&#8221; column_border_radius=&#8221;none&#8221; column_link_target=&#8221;_self&#8221; gradient_direction=&#8221;left_to_right&#8221; overlay_strength=&#8221;0.3&#8243; width=&#8221;1\/1&#8243; tablet_width_inherit=&#8221;default&#8221;&#8230;<\/p>\n","protected":false},"author":2,"featured_media":0,"parent":0,"menu_order":0,"comment_status":"closed","ping_status":"closed","template":"","meta":[],"_links":{"self":[{"href":"https:\/\/safeblood.at\/en\/wp-json\/wp\/v2\/pages\/59439"}],"collection":[{"href":"https:\/\/safeblood.at\/en\/wp-json\/wp\/v2\/pages"}],"about":[{"href":"https:\/\/safeblood.at\/en\/wp-json\/wp\/v2\/types\/page"}],"author":[{"embeddable":true,"href":"https:\/\/safeblood.at\/en\/wp-json\/wp\/v2\/users\/2"}],"replies":[{"embeddable":true,"href":"https:\/\/safeblood.at\/en\/wp-json\/wp\/v2\/comments?post=59439"}],"version-history":[{"count":6,"href":"https:\/\/safeblood.at\/en\/wp-json\/wp\/v2\/pages\/59439\/revisions"}],"predecessor-version":[{"id":79587,"href":"https:\/\/safeblood.at\/en\/wp-json\/wp\/v2\/pages\/59439\/revisions\/79587"}],"wp:attachment":[{"href":"https:\/\/safeblood.at\/en\/wp-json\/wp\/v2\/media?parent=59439"}],"curies":[{"name":"wp","href":"https:\/\/api.w.org\/{rel}","templated":true}]}}