{"id":75746,"date":"2024-05-06T11:05:41","date_gmt":"2024-05-06T09:05:41","guid":{"rendered":"https:\/\/safeblood.at\/?page_id=75746"},"modified":"2025-05-10T19:13:20","modified_gmt":"2025-05-10T17:13:20","slug":"edit-testamento-vital","status":"publish","type":"page","link":"https:\/\/safeblood.at\/es\/edit-testamento-vital\/","title":{"rendered":"Editar Testamento vital"},"content":{"rendered":"[vc_row type=\u00bbin_container\u00bb full_screen_row_position=\u00bbmiddle\u00bb column_margin=\u00bbdefault\u00bb column_direction=\u00bbdefault\u00bb column_direction_tablet=\u00bbdefault\u00bb column_direction_phone=\u00bbdefault\u00bb scene_position=\u00bbcenter\u00bb text_color=\u00bbdark\u00bb text_align=\u00bbleft\u00bb row_border_radius=\u00bbnone\u00bb row_border_radius_applies=\u00bbbg\u00bb overlay_strength=\u00bb0.3&#8243; gradient_direction=\u00bbleft_to_right\u00bb shape_divider_position=\u00bbbottom\u00bb bg_image_animation=\u00bbnone\u00bb][vc_column column_padding=\u00bbno-extra-padding\u00bb column_padding_tablet=\u00bbinherit\u00bb column_padding_phone=\u00bbinherit\u00bb column_padding_position=\u00bball\u00bb column_element_spacing=\u00bbdefault\u00bb background_color_opacity=\u00bb1&#8243; background_hover_color_opacity=\u00bb1&#8243; column_shadow=\u00bbnone\u00bb column_border_radius=\u00bbnone\u00bb column_link_target=\u00bb_self\u00bb gradient_direction=\u00bbleft_to_right\u00bb overlay_strength=\u00bb0.3&#8243; width=\u00bb1\/1&#8243; tablet_width_inherit=\u00bbdefault\u00bb tablet_text_alignment=\u00bbdefault\u00bb phone_text_alignment=\u00bbdefault\u00bb bg_image_animation=\u00bbnone\u00bb border_type=\u00bbsimple\u00bb column_border_width=\u00bbnone\u00bb column_border_style=\u00bbsolid\u00bb][vc_column_text]<strong>En esta p\u00e1gina puedes personalizar tu testamento vital personal.<\/strong><\/p>\n<p><strong>La primera parte<\/strong>: Los campos \u00abDatos personales del otorgante\u00bb y \u00abDatos m\u00e9dicos del otorgante\u00bb provienen directamente de la base de datos y <strong>no se pueden cambiar aqu\u00ed<\/strong>, sino solo en tu \u00e1rea de miembro en <a href=\"https:\/\/safeblood.net\/es\/profile-mi-perfil-ver-editar\/\" target=\"_blank\" rel=\"noopener\">https:\/\/safeblood.net\/es\/profile-mi-perfil-ver-editar\/<\/a> (o con tu c\u00f3digo de pa\u00eds) donde presionas \u00abeditar\u00bb.<\/p>\n<p><strong>La segunda parte<\/strong>: En el campo de <strong>texto<\/strong>, se proporciona el texto real de tu testamento vital como ejemplo. <strong>Puedes cambiar lo que desees<\/strong>. En cualquier caso, <strong>debes completar<\/strong> los puntos donde hay \u00ab&#8230;..\u00bb. Detr\u00e1s de los \u00ab&#8230;..\u00bb se explica en cada caso qu\u00e9 debes poner all\u00ed en lugar de los puntos <em>(por ejemplo, \u00abnombre + apellido\u00bb)<\/em>. Luego elimina este texto de explicaci\u00f3n oblicua.<\/p>\n<p><strong>Si no tienes o no quieres una \u00abpersona de confianza\u00bb, elimina todo lo relacionado con ello.<\/strong><\/p>\n<p><strong>Si tu persona de confianza no tiene el mismo grupo sangu\u00edneo que t\u00fa, debes cambiar este pasaje aqu\u00ed en el texto o eliminar todo el pasaje.<\/strong><\/p>\n<p><strong>Muy importante<\/strong>: Cuando hayas personalizado tu testamento vital, <strong>gu\u00e1rdalo<\/strong> presionando <strong>el bot\u00f3n rojo \u00abGuardar cambios\u00bb<\/strong> &#8211; si no lo haces, todo volver\u00e1 al texto original.<\/p>\n<p>Una vez que haya guardado los cambios, puede cargar una firma escaneada. Para ello, seleccione el archivo que contiene su firma (Choose file) y, a continuaci\u00f3n, haga clic en \u00abCargar firma\u00bb. Cuando aparezca el mensaje \u00abFirma cargada correctamente\u00bb, su testamento vital estar\u00e1 actualizado.<br \/>\nSi a\u00fan no dispone de una firma escaneada, haga una en papel blanco y fotograf\u00edela o escan\u00e9ela antes de cargarla.<br \/>\n(No cargue la firma en \u00abCargar ID\u00bb. Si ve esta opci\u00f3n, se ha equivocado de p\u00e1gina).<\/p>\n<p>Le recomendamos que <strong>imprima el testamento vital<\/strong> al final y lo firme a mano para poder entregar la versi\u00f3n impresa m\u00e1s adelante si as\u00ed se requiere.<\/p>\n<h1>TESTAMENTO VITAL<\/h1><div class=\"patient_directive_table\"><div class=\"row\"><div class=\"col-full\">Responsable de datos personales:<\/div><\/div><div class=\"row\"><div class=\"col-title\">SafeBlood Donation N\u00famero de socio:<\/div><div class=\"col-data\"><\/div><\/div><div class=\"row\"><div class=\"col-title\">SafeBlood Vincular datos personales:<\/div><div class=\"col-data\">https:\/\/sbl.onl\/-<\/div><\/div><div class=\"row\"><div class=\"col-title\">Nombre, Apellidos:<\/div><div class=\"col-data\"> <\/div><\/div><div class=\"row\"><div class=\"col-title\">Fecha de nacimiento:<\/div><div class=\"col-data\">01.01.1970<\/div><\/div><div class=\"row\"><div style=\"vertical-align:top;\" class=\"col-title\">Direcci\u00f3n postal:<\/div><div class=\"col-data\"> <br> <\/div><\/div><div class=\"row\"><div class=\"col-title\">Pa\u00eds:<\/div><div class=\"col-data\"><\/div><\/div><div class=\"row\"><div class=\"col-title\">M\u00f3vil:<\/div><div class=\"col-data\"><\/div><\/div><div class=\"row\"><div class=\"col-title\">E-mail:<\/div><div class=\"col-data\"><\/div><\/div><div class=\"row\"><\/div><div class=\"row\"><div class=\"col-full\">Persona que dispone de los datos m\u00e9dicos:<\/div><\/div><div class=\"row\"><div class=\"col-title\">Grupo sangu\u00edneo:<\/div><div class=\"col-data\"><\/div><\/div><div class=\"row\"><div class=\"col-title\">Grupo sangu\u00edneo RH Kell:<\/div><div class=\"col-data\"><\/div><\/div><div class=\"row\"><div class=\"col-title\">Anticuerpos:<\/div><div class=\"col-data\"><\/div><\/div><div class=\"row\"><div class=\"col-title\">Estado de vacunaci\u00f3n contra Covid:<\/div><div class=\"col-data\"><\/div><\/div><div class=\"row\"><div class=\"col-title\">Informaci\u00f3n de emergencia:<\/div><div class=\"col-data\"><\/div><\/div><\/div><br><br><br><br><p><form  name=\"edit_patient_directive\" method=\"POST\"><div id=\"wp-long_patient_directive-wrap\" class=\"wp-core-ui wp-editor-wrap tmce-active\"><link rel='stylesheet' id='dashicons-css'  href='https:\/\/safeblood.at\/wp-includes\/css\/dashicons.min.css?ver=6.0.3' type='text\/css' media='all' \/>\n<link rel='stylesheet' id='editor-buttons-css'  href='https:\/\/safeblood.at\/wp-includes\/css\/editor.min.css?ver=6.0.3' type='text\/css' media='all' \/>\n<div id=\"wp-long_patient_directive-editor-container\" class=\"wp-editor-container\"><textarea class=\"wp-editor-area\" rows=\"10\" autocomplete=\"off\" cols=\"40\" name=\"long_patient_directive\" id=\"long_patient_directive\">&lt;h3&gt;Verf\u00fcgende und vertretungsberechtigte Person&lt;\/h3&gt;\r\nIch, ... &lt;em&gt;(Vorname + Name)&lt;\/em&gt;, ernenne folgende vertretungsberechtigte Person, die im Falle meiner Urteilsunfa\u0308higkeit mit der behandelnden \u00c4rztin oder dem behandelnden Arzt die medizinischen Massnahmen besprechen und in meinem Namen entscheiden soll.\r\n&lt;h3&gt;Vertretungsberechtigte Vertrauensperson&lt;\/h3&gt;\r\n... &lt;em&gt;(Name, Adresse, Email + Tel.)&lt;\/em&gt;\r\nEs besteht ein besonderes Vertrauensverh\u00e4ltnis, kein Interessenkonflikt, die Person ist in der Lage, meine Werte und Haltungen auch in Ernstsituationen durchzusetzen. Sie vertritt mich zu 100% bei jeder Entscheidung.\r\n&lt;h3&gt;Medizinische Behandlungen in einer Notfallsituation:&lt;\/h3&gt;\r\nDurchgef\u00fchrt werden d\u00fcrfen und sollen s\u00e4mtliche auf der Intensivstation in Notfallsituationen normalerweise angewendeten Massnahmen, in Absprache mit der von mir genannten vertretungsberechtigten Person, mit folgenden Ausnahmen:\r\n\r\n&lt;strong&gt;Keine maschinelle Intubation.&lt;\/strong&gt;\r\n\r\n&lt;strong&gt;Keine Verwendung von Blutkonserven, &lt;\/strong&gt;es sei denn, sie tragen das Attribut \"nur f\u00fcr Safeblood-Mitglieder verwenden\". Im Notfall will ich aus pers\u00f6nlichen Gr\u00fcnden Blut ausschlie\u00dflich von meiner oben genannten Vertrauensperson gespendet bekommen - sie hat eine kompatible Blutgruppe. Ich akzeptiere ihr Blut im Notfall auch als Direkttransfusion ohne jegliche Aufbereitung. Meine Vertrauensperson ist bei jedem terminierten Eingriff pers\u00f6nlich anwesend und kann daher unmittelbar als Blutspender dienen. Ist sie ausnahmsweise direkt nicht verf\u00fcgbar, bestimmt nur sie, oder die Organisation SafeBlood Donation, einen geeigneten Ersatz - in der Regel die oben erw\u00e4hnte Blutkonserve mit der Bezeichnung \"nur f\u00fcr Safeblood-Mitglieder verwenden\".\r\n&lt;strong&gt;Transfusionen sollen nur bei lebensbedrohlichen Situationen angewendet werden&lt;\/strong&gt;, und erst, wenn der H\u00e4moglobinwert unter 5 g\/dl liegt, und nachdem alle Optionen ausgesch\u00f6pft worden sind, wie Volumenexpander (Kochsalz, Dextran, Haemaccel, Ringer-Laktat-L\u00f6sung. Hydroxy\u00e4thylst\u00e4rke H\u00c4S) oder \u00e4hnliches, und Methoden wie Elektrokauter, Eisenpr\u00e4parate (intramuskul\u00e4r oder intraven\u00f6s), k\u00fcnstlich hergestelltes ESF, &lt;strong&gt;oder und insbesondere&lt;\/strong&gt; Absaugen des Blutes aus der Wunde und R\u00fcckf\u00fchrung in den Kreislauf (Autotransfusion ATS\/MAT oder Re-Transfusion ADR).\r\n\r\nTelefon SafeBlood Donation Switzerland: +41 79 55 99 079\r\n&lt;h3&gt;Organspende&lt;\/h3&gt;\r\nIch m\u00f6chte keine Spenderin sein, au\u00dfer f\u00fcr direkte Verwandte in einer lebensbedrohlichen Situation.\r\n\r\n&amp;nbsp;\r\n\r\n\u2026., \u2026.., .....&lt;em&gt; (Vorname + Name, Ort, Datum)&lt;\/em&gt;\r\n&lt;strong&gt;Digital unterschrieben&lt;\/strong&gt; im Mitgliederbereich von SafeBlood.net\r\n(Das unterschriebene Original\/Papierversion kann auf Verlangen nachgeliefert werden.)\r\n\r\n&amp;nbsp;\r\n\r\n.............................................................................................................\r\n\r\n&lt;em&gt;(Unterschrift f\u00fcr die gedruckte Version)&lt;\/em&gt;<\/textarea><\/div>\n<\/div>\n\n<br><br><input type=\"submit\" name=\"edit\" value=\"Guardar cambios\" \/> <a href=\"\/es\/tarjeta-de-miembro-y-testamento-vital?id=\"  class=\"nectar-button regular       regular-button \">Volver<\/a> <input type=\"submit\" style=\"background-color:black;\" name=\"preview\" value=\"Ver testamento vital\" \/><input type=\"hidden\" name=\"code\" value=\"\" \/><input type=\"hidden\" name=\"edit_patient_directive\" value=\"\" \/><\/form><p class=\"signature-error\">Error: User ID is required.<\/p><\/p>\n\t<style>\n\t.patient_directive_table .row {\n\t\twidth: 90%;\n\t}\n\t\n\t.row, div.clear {\n\t\tpadding-bottom: 0;\n\t}\n\t\n\t.patient_directive_table .row:nth-child(2n) {\n\t\tbackground: #f6f7f7;\n\t}\n\t\n\t.patient_directive_table .col-full {\n\t\twidth: 100%;\n\t\tfont-weight: bold;\n\t\tmargin-left:5mm;\n\t}\n\t\n\t.patient_directive_table .col-title {\n\t\twidth: 34%;\n\t\tdisplay: inline-block;\n\t\tvertical-align:top;\n\t\tmargin-left:10mm;\n\t}\n\t\n\t.patient_directive_table .col-data {\n\t\twidth: 58%;\n\t\tdisplay: inline-block;\n\t\tvertical-align:top;\n\t\tpadding-left: 10mm;\n\t}\n\t\n\t@media print  {\n\t\tbody {\n\t\t  margin: 0;\n\t\t  color: #000;\n\t\t  background-color: #fff;\n\t\t}\n\t\n\t\t#footer-outer,.pd-buttons {display: none;}\n\t\t#header-outer {display: block; z-index: 0;}\n\t\n\t}\n\t\n\t.heading-title {display: none;}\n\t<\/style>\n[\/vc_column_text][\/vc_column][\/vc_row]\n","protected":false},"excerpt":{"rendered":"<p>[vc_row type=\u00bbin_container\u00bb full_screen_row_position=\u00bbmiddle\u00bb column_margin=\u00bbdefault\u00bb column_direction=\u00bbdefault\u00bb column_direction_tablet=\u00bbdefault\u00bb column_direction_phone=\u00bbdefault\u00bb scene_position=\u00bbcenter\u00bb text_color=\u00bbdark\u00bb text_align=\u00bbleft\u00bb row_border_radius=\u00bbnone\u00bb row_border_radius_applies=\u00bbbg\u00bb overlay_strength=\u00bb0.3&#8243; gradient_direction=\u00bbleft_to_right\u00bb shape_divider_position=\u00bbbottom\u00bb bg_image_animation=\u00bbnone\u00bb][vc_column column_padding=\u00bbno-extra-padding\u00bb column_padding_tablet=\u00bbinherit\u00bb column_padding_phone=\u00bbinherit\u00bb column_padding_position=\u00bball\u00bb column_element_spacing=\u00bbdefault\u00bb background_color_opacity=\u00bb1&#8243; background_hover_color_opacity=\u00bb1&#8243; column_shadow=\u00bbnone\u00bb column_border_radius=\u00bbnone\u00bb column_link_target=\u00bb_self\u00bb gradient_direction=\u00bbleft_to_right\u00bb overlay_strength=\u00bb0.3&#8243; width=\u00bb1\/1&#8243; tablet_width_inherit=\u00bbdefault\u00bb&#8230;<\/p>\n","protected":false},"author":2,"featured_media":0,"parent":0,"menu_order":0,"comment_status":"closed","ping_status":"closed","template":"","meta":[],"_links":{"self":[{"href":"https:\/\/safeblood.at\/es\/wp-json\/wp\/v2\/pages\/75746"}],"collection":[{"href":"https:\/\/safeblood.at\/es\/wp-json\/wp\/v2\/pages"}],"about":[{"href":"https:\/\/safeblood.at\/es\/wp-json\/wp\/v2\/types\/page"}],"author":[{"embeddable":true,"href":"https:\/\/safeblood.at\/es\/wp-json\/wp\/v2\/users\/2"}],"replies":[{"embeddable":true,"href":"https:\/\/safeblood.at\/es\/wp-json\/wp\/v2\/comments?post=75746"}],"version-history":[{"count":7,"href":"https:\/\/safeblood.at\/es\/wp-json\/wp\/v2\/pages\/75746\/revisions"}],"predecessor-version":[{"id":79583,"href":"https:\/\/safeblood.at\/es\/wp-json\/wp\/v2\/pages\/75746\/revisions\/79583"}],"wp:attachment":[{"href":"https:\/\/safeblood.at\/es\/wp-json\/wp\/v2\/media?parent=75746"}],"curies":[{"name":"wp","href":"https:\/\/api.w.org\/{rel}","templated":true}]}}