{"id":77185,"date":"2024-07-13T10:44:50","date_gmt":"2024-07-13T08:44:50","guid":{"rendered":"https:\/\/safeblood.at\/?page_id=77185"},"modified":"2026-01-10T16:36:45","modified_gmt":"2026-01-10T15:36:45","slug":"metodos-de-diagnostico","status":"publish","type":"page","link":"https:\/\/safeblood.at\/es\/metodos-de-diagnostico\/","title":{"rendered":"M\u00e9todos de diagn\u00f3stico"},"content":{"rendered":"[vc_row type=\u00bbin_container\u00bb full_screen_row_position=\u00bbmiddle\u00bb column_margin=\u00bbdefault\u00bb column_direction=\u00bbdefault\u00bb column_direction_tablet=\u00bbdefault\u00bb column_direction_phone=\u00bbdefault\u00bb scene_position=\u00bbcenter\u00bb text_color=\u00bbdark\u00bb text_align=\u00bbleft\u00bb row_border_radius=\u00bbnone\u00bb row_border_radius_applies=\u00bbbg\u00bb overlay_strength=\u00bb0.3&#8243; gradient_direction=\u00bbleft_to_right\u00bb shape_divider_position=\u00bbbottom\u00bb bg_image_animation=\u00bbnone\u00bb][vc_column column_padding=\u00bbno-extra-padding\u00bb column_padding_tablet=\u00bbinherit\u00bb column_padding_phone=\u00bbinherit\u00bb column_padding_position=\u00bball\u00bb column_element_spacing=\u00bbdefault\u00bb background_color_opacity=\u00bb1&#8243; background_hover_color_opacity=\u00bb1&#8243; column_shadow=\u00bbnone\u00bb column_border_radius=\u00bbnone\u00bb column_link_target=\u00bb_self\u00bb gradient_direction=\u00bbleft_to_right\u00bb overlay_strength=\u00bb0.3&#8243; width=\u00bb1\/1&#8243; tablet_width_inherit=\u00bbdefault\u00bb tablet_text_alignment=\u00bbdefault\u00bb phone_text_alignment=\u00bbdefault\u00bb bg_image_animation=\u00bbnone\u00bb border_type=\u00bbsimple\u00bb column_border_width=\u00bbnone\u00bb column_border_style=\u00bbsolid\u00bb][vc_column_text css=\u00bb.vc_custom_1720859397779{margin-top: -50px !important;}\u00bb]\n<h1 style=\"text-align: center;\">M\u00e9todos de diagn\u00f3stico<\/h1>\n[\/vc_column_text][\/vc_column][\/vc_row][vc_row type=\u00bbin_container\u00bb full_screen_row_position=\u00bbmiddle\u00bb column_margin=\u00bbdefault\u00bb column_direction=\u00bbdefault\u00bb column_direction_tablet=\u00bbdefault\u00bb column_direction_phone=\u00bbdefault\u00bb scene_position=\u00bbcenter\u00bb text_color=\u00bbdark\u00bb text_align=\u00bbleft\u00bb row_border_radius=\u00bbnone\u00bb row_border_radius_applies=\u00bbbg\u00bb overlay_strength=\u00bb0.3&#8243; gradient_direction=\u00bbleft_to_right\u00bb shape_divider_position=\u00bbbottom\u00bb bg_image_animation=\u00bbnone\u00bb][vc_column column_padding=\u00bbno-extra-padding\u00bb column_padding_tablet=\u00bbinherit\u00bb column_padding_phone=\u00bbinherit\u00bb column_padding_position=\u00bball\u00bb column_element_spacing=\u00bbdefault\u00bb background_color_opacity=\u00bb1&#8243; background_hover_color_opacity=\u00bb1&#8243; column_shadow=\u00bbnone\u00bb column_border_radius=\u00bbnone\u00bb column_link_target=\u00bb_self\u00bb gradient_direction=\u00bbleft_to_right\u00bb overlay_strength=\u00bb0.3&#8243; width=\u00bb1\/1&#8243; tablet_width_inherit=\u00bbdefault\u00bb tablet_text_alignment=\u00bbdefault\u00bb phone_text_alignment=\u00bbdefault\u00bb bg_image_animation=\u00bbnone\u00bb border_type=\u00bbsimple\u00bb column_border_width=\u00bbnone\u00bb column_border_style=\u00bbsolid\u00bb][vc_column_text css=\u00bb.vc_custom_1768059402207{margin-top: -20px !important;}\u00bb]En esta p\u00e1gina encontrar\u00e1 una compilaci\u00f3n de <strong>m\u00e9todos de diagn\u00f3stico<\/strong> que pueden utilizarse <strong>para detectar residuos de las vacunas de ARNm<\/strong>. Esto es particularmente importante porque un diagn\u00f3stico correcto es la base para un tratamiento exitoso. Hasta hace poco, la microscop\u00eda de campo oscuro (o an\u00e1lisis de sangre viva) era el \u00fanico m\u00e9todo, pero ahora tenemos varias alternativas.<\/p>\n<p>&nbsp;<\/p>\n<h3>\u00bfCu\u00e1les son los mejores m\u00e9todos?<\/h3>\n<p>&nbsp;<\/p>\n<hr \/>\n<p><a href=\"https:\/\/safeblood.net\/es\/analisis-residual-de-la-vacuna-covid19\/\" target=\"_blank\" rel=\"noopener\"><strong>El An\u00e1lisis de Residuos de Vacunas Covid19<\/strong><\/a>, que SafeBlood ofrece en colaboraci\u00f3n con <a href=\"https:\/\/www.createdforhealth.com\/\" target=\"_blank\" rel=\"noopener\">Created for Health<\/a>, es completamente nuevo. Revela lo siguiente:<\/p>\n<ul>\n<li>Residuos de cualquier vacuna Covid19<\/li>\n<li>La presencia de prote\u00ednas de pico<\/li>\n<li>Si la funcionalidad de su ARN y ADN est\u00e1 alterada o da\u00f1ada<\/li>\n<\/ul>\n<p>Este an\u00e1lisis es un cambio de juego, ya que no solo puede estar seguro de que realmente recibir\u00e1 sangre limpia en caso de una transfusi\u00f3n, sino que tambi\u00e9n tendr\u00e1 una visi\u00f3n general del \u00e9xito de los tratamientos para las v\u00edctimas de las vacunas de ARNm.<\/p>\n<p>Haga clic\u00a0<a href=\"https:\/\/safeblood.net\/es\/analisis-residual-de-la-vacuna-covid19\/\" target=\"_blank\" rel=\"noopener\">aqui<\/a> para el An\u00e1lisis de Residuos de Vacunas Covid19, con c\u00f3digo de descuento para miembros de SafeBlood.<\/p>\n<hr \/>\n<p><strong>La microscop\u00eda de campo oscuro (an\u00e1lisis de sangre viva)<\/strong><\/p>\n<p>sigue siendo un m\u00e9todo excelente para detectar los efectos nocivos de las vacunas de ARNm directamente y en tiempo real en la sangre. Ning\u00fan otro m\u00e9todo permite ver los cambios en la sangre de manera tan realista.<\/p>\n<p>El \u00fanico problema con este m\u00e9todo de an\u00e1lisis es que deja espacio para la interpretaci\u00f3n del practicante en cuanto a las posibles causas de los cambios en la sangre. Sin embargo, en una comparaci\u00f3n directa antes y despu\u00e9s, este factor es insignificante. Lamentablemente, estas condiciones ideales rara vez se dan.<\/p>\n<p>Adem\u00e1s, este no es un \u00abtest de cinco minutos\u00bb, sino un an\u00e1lisis integral que proporciona una impresi\u00f3n \u00f3ptima de su estado general de salud. Una sesi\u00f3n generalmente dura al menos una hora y es ofrecida por practicantes alternativos experimentados.<\/p>\n<p>Es por eso que no hay un enlace al m\u00e9todo aqu\u00ed, sino a nuestra p\u00e1gina <a href=\"https:\/\/safeblood.net\/es\/encontrar-una-instalacion-medica\/\" target=\"_blank\" rel=\"noopener\">Encontrar un centro m\u00e9dico<\/a>, donde puede buscar directamente terapeutas que ofrezcan este m\u00e9todo.<\/p>\n<p>Desafortunadamente, todav\u00eda hay muy pocos terapeutas listados aqu\u00ed. As\u00ed que, si conoce a un buen terapeuta, por favor, h\u00e1gales saber que pueden ser a\u00f1adidos a esta lista.<\/p>\n<hr \/>\n<p><strong>Pruebas de laboratorio cl\u00e1sicas<\/strong><\/p>\n<p>Actualmente existen varias pruebas de laboratorio cl\u00e1sicas (seg\u00fan la medicina bioqu\u00edmica occidental) que pueden determinar si la sangre de una persona sometida a la prueba procede de una persona vacunada o no vacunada.<\/p>\n<p>Solo unos pocos laboratorios ofrecen pruebas que <strong>no solo detectan las prote\u00ednas de espiga<\/strong>, sino tambi\u00e9n <strong>el origen de estas prote\u00ednas<\/strong>, ya sea <strong>una vacuna o una infecci\u00f3n<\/strong>. Sin embargo, tambi\u00e9n hay que tener en cuenta que las prote\u00ednas de espiga son, por supuesto, solo uno de los muchos factores problem\u00e1ticos relacionados con las vacunas de ARNm, y que, en mi opini\u00f3n, hay otros factores que tienen m\u00e1s peso.<\/p>\n<p>Existen numerosas pruebas individuales que proporcionan indicios espec\u00edficos (por ejemplo, el d\u00edmero D) y que, en combinaci\u00f3n, apuntan a una contaminaci\u00f3n con sangre contaminada con ARNm.<\/p>\n<p><strong>La mayor\u00eda<\/strong> de los laboratorios especializados <strong>se encuentran en Alemania<\/strong>. A continuaci\u00f3n se muestran algunos ejemplos de laboratorios que permiten realizar an\u00e1lisis de sangre de diferentes par\u00e1metros que proporcionan indicios claros de contaminaci\u00f3n con residuos de ARNm:<\/p>\n<p>Un laboratorio que colabora estrechamente con la MWGFD, la asociaci\u00f3n m\u00e1s importante de m\u00e9dicos cr\u00edticos de Alemania, es <a href=\"https:\/\/inmodia.de\/\" target=\"_blank\" rel=\"noopener\">Inmodia<\/a>, en 84131 Vilsbiburg. Todo lo que sale de la fragua de la MWGFD es, en principio, recomendable.<\/p>\n<p>La MWGDF tambi\u00e9n recomienda <a href=\"https:\/\/www.mmd-labor.de\/en\/\" target=\"_blank\" rel=\"noopener\">MMD (Magdeburg Molecular Detections GmbH)<\/a> en Magdeburgo. La Dra. <strong>Brigitte K\u00f6nig<\/strong>, mente pensante de la empresa, se ha labrado una excelente reputaci\u00f3n como pionera en el diagn\u00f3stico de residuos de ARNm.<\/p>\n<p>Un proveedor de servicios que colabora con diversos laboratorios y que es un punto de contacto muy \u00fatil para los laboratorios de habla alemana: <a href=\"https:\/\/bin-ich-schon-immun.de\/\" target=\"_blank\" rel=\"noopener\">WIR SIND IMMUN<\/a>, en 60329 Fr\u00e1ncfort del Meno. Su p\u00e1gina web tambi\u00e9n ofrece una base de datos en la que se pueden buscar s\u00edntomas u \u00f3rganos. Aqu\u00ed hay <a href=\"https:\/\/vimeo.com\/872726082?fl=pl&amp;fe=vl&amp;pgroup=plc\" target=\"_blank\" rel=\"noopener\">un breve v\u00eddeo<\/a> (en alem\u00e1n) del director general Christian Hannig con explicaciones m\u00e1s detalladas.<\/p>\n<p>Un m\u00e9todo diagn\u00f3stico muy popular \u00faltimamente, que solo mide los anticuerpos contra las prote\u00ednas Spike (IgG, en BAU\/ml), pero que resulta muy \u00fatil como primera informaci\u00f3n y, con un precio de unos 30 \u20ac, es adem\u00e1s extraordinariamente econ\u00f3mico, es el <a href=\"https:\/\/drbine.substack.com\/p\/studie-projekt-scan-2000\" target=\"_blank\" rel=\"noopener\">SCAN 2000<\/a> de la competente cient\u00edfica <strong>Dra. Sabine Stebel<\/strong>. Este <a href=\"https:\/\/drbine.substack.com\/p\/studie-projekt-scan-2000\" target=\"_blank\" rel=\"noopener\">enlace<\/a> lleva a su art\u00edculo en Substack, que es muy extenso y no es f\u00e1cil de leer para los \u00abno cient\u00edficos\u00bb, pero tambi\u00e9n contiene enlaces a terapeutas que ofrecen este m\u00e9todo. Si se desplaza hacia abajo en la p\u00e1gina web, los encontrar\u00e1 ordenados por c\u00f3digo postal.<br \/>\nAqu\u00ed hay <strong>una selecci\u00f3n<\/strong>:<br \/>\n<a href=\"https:\/\/www.naturheilpraxis-krenn.de\/\" target=\"_blank\" rel=\"noopener\">Naturheilpraxis Helen Krenn<\/a> en el distrito de Rosenheim. <strong>Helen Krenn<\/strong> no solo ofrece una gama extremadamente amplia de tratamientos naturistas en su consulta, sino que tambi\u00e9n es la fundadora de la p\u00e1gina web <a href=\"https:\/\/expertcouncil.one\/\" target=\"_blank\" rel=\"noopener\">Expertcouncil<\/a>, una red de expertos muy recomendable.<br \/>\nEl <a href=\"https:\/\/www.ayurveda-hannover.org\/\" target=\"_blank\" rel=\"noopener\">natur\u00f3pata <strong>Uwe Schewe<\/strong><\/a> en su <a href=\"https:\/\/www.ayurveda-hannover.org\/\" target=\"_blank\" rel=\"noopener\">consulta de ayurveda<\/a> en 30161 Hannover.<br \/>\nDr. med. <strong>Beatrix Braack<\/strong>,\u00a0Westerallee 12, 24937 Flensburg , Telefon: <a>+49 (0) 461 40 77 56 94<\/a>, email <a href=\"mailto:salutogeneticum@t-online.de\">salutogeneticum@t-online.de<\/a><\/p>\n<p>Y la <strong>\u00fanica direcci\u00f3n en Suiza<\/strong>: consulta de <a href=\"https:\/\/www.xn--sandra-spni-t8a.ch\/home\" target=\"_blank\" rel=\"noopener\">medicina natural de Sandra Sp\u00e4ni<\/a>, en 8868 Oberurnen, en el cant\u00f3n de Glarus.<\/p>\n<p><strong>Prueba de anticuerpos contra la COVID-19 en EE. UU.<\/strong>, para enviar por correo (70 $):\u00a0 <a href=\"https:\/\/www.ondemand.labcorp.com\/lab-tests\/covid-19-antibody-test?utm_source=substack&amp;utm_medium=email\" target=\"_blank\" rel=\"noopener\">ondemand.labcorp.com<\/a><\/p>\n<hr \/>\n<h4><em><strong>Otras pruebas de laboratorio cl\u00e1sicas para comprobar varios par\u00e1metros importantes de salud:<\/strong><\/em><\/h4>\n<hr \/>\n<p>Los <strong>micropl\u00e1sticos<\/strong> representan una gran amenaza para nuestro sistema inmunol\u00f3gico. Cuando pensamos en micropl\u00e1sticos, primero pensamos en el pl\u00e1stico en los oc\u00e9anos, pero tambi\u00e9n acumulamos micropl\u00e1sticos en nuestros cuerpos, por ejemplo, residuos de PET y muchos otros. \u00bfTambi\u00e9n bebe de botellas de PET, verdad?<br \/>\nLa empresa<strong> plastictox<\/strong> ha introducido una nueva prueba para determinar la exposici\u00f3n del cuerpo humano a los micropl\u00e1sticos. Si desea saber si su sistema est\u00e1 afectado, visite <a href=\"https:\/\/plastictox.com\/?coupon=safeblood\" target=\"_blank\" rel=\"noopener\">https:\/\/plastictox.com\/<\/a>, y use el c\u00f3digo SAFEBLOOD al finalizar la compra para recibir un descuento del 10%.<\/p>\n<hr \/>\n<p><strong>\u00bfConoce alg\u00fan otro m\u00e9todo de diagn\u00f3stico del que a\u00fan no estemos al tanto? Por favor, env\u00edenos un <a href=\"mailto:george@safeblood.net\" target=\"_blank\" rel=\"noopener\">correo electr\u00f3nico<\/a>.<\/strong><\/p>\n<p class=\"p1\"><b>AVISO LEGAL:<\/b><\/p>\n<p class=\"p1\"><b>SAFE BLOOD DONATION NO PROPORCIONA CONSEJOS M\u00c9DICOS.<\/b><\/p>\n<p class=\"p1\">La informaci\u00f3n, incluyendo pero no limit\u00e1ndose a, texto, gr\u00e1ficos, im\u00e1genes y otros materiales publicados o transmitidos por Safe Blood Donation y sus afiliados, directores, funcionarios, gerentes, empleados u otros representantes, es solo para fines informativos. Ning\u00fan material est\u00e1 destinado a ser un sustituto del consejo, diagn\u00f3stico o tratamiento m\u00e9dico profesional. Siempre busque el consejo de su proveedor de atenci\u00f3n m\u00e9dica de confianza con cualquier pregunta que pueda tener con respecto a una condici\u00f3n m\u00e9dica o tratamiento y antes de iniciar un nuevo r\u00e9gimen de atenci\u00f3n m\u00e9dica, y nunca ignore el consejo m\u00e9dico profesional ni retrase su b\u00fasqueda debido a algo que haya le\u00eddo o visto en cualquier publicaci\u00f3n o transmisi\u00f3n de Safe Blood Donation.<\/p>\n[\/vc_column_text][\/vc_column][\/vc_row]\n","protected":false},"excerpt":{"rendered":"<p>[vc_row type=\u00bbin_container\u00bb full_screen_row_position=\u00bbmiddle\u00bb column_margin=\u00bbdefault\u00bb column_direction=\u00bbdefault\u00bb column_direction_tablet=\u00bbdefault\u00bb column_direction_phone=\u00bbdefault\u00bb scene_position=\u00bbcenter\u00bb text_color=\u00bbdark\u00bb text_align=\u00bbleft\u00bb row_border_radius=\u00bbnone\u00bb row_border_radius_applies=\u00bbbg\u00bb overlay_strength=\u00bb0.3&#8243; gradient_direction=\u00bbleft_to_right\u00bb shape_divider_position=\u00bbbottom\u00bb bg_image_animation=\u00bbnone\u00bb][vc_column column_padding=\u00bbno-extra-padding\u00bb column_padding_tablet=\u00bbinherit\u00bb column_padding_phone=\u00bbinherit\u00bb column_padding_position=\u00bball\u00bb column_element_spacing=\u00bbdefault\u00bb background_color_opacity=\u00bb1&#8243; background_hover_color_opacity=\u00bb1&#8243; column_shadow=\u00bbnone\u00bb column_border_radius=\u00bbnone\u00bb column_link_target=\u00bb_self\u00bb gradient_direction=\u00bbleft_to_right\u00bb overlay_strength=\u00bb0.3&#8243; width=\u00bb1\/1&#8243; tablet_width_inherit=\u00bbdefault\u00bb&#8230;<\/p>\n","protected":false},"author":2,"featured_media":0,"parent":0,"menu_order":0,"comment_status":"closed","ping_status":"closed","template":"","meta":[],"_links":{"self":[{"href":"https:\/\/safeblood.at\/es\/wp-json\/wp\/v2\/pages\/77185"}],"collection":[{"href":"https:\/\/safeblood.at\/es\/wp-json\/wp\/v2\/pages"}],"about":[{"href":"https:\/\/safeblood.at\/es\/wp-json\/wp\/v2\/types\/page"}],"author":[{"embeddable":true,"href":"https:\/\/safeblood.at\/es\/wp-json\/wp\/v2\/users\/2"}],"replies":[{"embeddable":true,"href":"https:\/\/safeblood.at\/es\/wp-json\/wp\/v2\/comments?post=77185"}],"version-history":[{"count":10,"href":"https:\/\/safeblood.at\/es\/wp-json\/wp\/v2\/pages\/77185\/revisions"}],"predecessor-version":[{"id":81502,"href":"https:\/\/safeblood.at\/es\/wp-json\/wp\/v2\/pages\/77185\/revisions\/81502"}],"wp:attachment":[{"href":"https:\/\/safeblood.at\/es\/wp-json\/wp\/v2\/media?parent=77185"}],"curies":[{"name":"wp","href":"https:\/\/api.w.org\/{rel}","templated":true}]}}