{"id":77193,"date":"2024-07-13T11:20:23","date_gmt":"2024-07-13T09:20:23","guid":{"rendered":"https:\/\/safeblood.at\/?page_id=77193"},"modified":"2024-07-27T19:46:11","modified_gmt":"2024-07-27T17:46:11","slug":"terapia","status":"publish","type":"page","link":"https:\/\/safeblood.at\/es\/terapia\/","title":{"rendered":"Terapia"},"content":{"rendered":"[vc_row type=\u00bbin_container\u00bb full_screen_row_position=\u00bbmiddle\u00bb column_margin=\u00bbdefault\u00bb column_direction=\u00bbdefault\u00bb column_direction_tablet=\u00bbdefault\u00bb column_direction_phone=\u00bbdefault\u00bb scene_position=\u00bbcenter\u00bb text_color=\u00bbdark\u00bb text_align=\u00bbleft\u00bb row_border_radius=\u00bbnone\u00bb row_border_radius_applies=\u00bbbg\u00bb overlay_strength=\u00bb0.3&#8243; gradient_direction=\u00bbleft_to_right\u00bb shape_divider_position=\u00bbbottom\u00bb bg_image_animation=\u00bbnone\u00bb][vc_column column_padding=\u00bbno-extra-padding\u00bb column_padding_tablet=\u00bbinherit\u00bb column_padding_phone=\u00bbinherit\u00bb column_padding_position=\u00bball\u00bb column_element_spacing=\u00bbdefault\u00bb background_color_opacity=\u00bb1&#8243; background_hover_color_opacity=\u00bb1&#8243; column_shadow=\u00bbnone\u00bb column_border_radius=\u00bbnone\u00bb column_link_target=\u00bb_self\u00bb gradient_direction=\u00bbleft_to_right\u00bb overlay_strength=\u00bb0.3&#8243; width=\u00bb1\/1&#8243; tablet_width_inherit=\u00bbdefault\u00bb tablet_text_alignment=\u00bbdefault\u00bb phone_text_alignment=\u00bbdefault\u00bb bg_image_animation=\u00bbnone\u00bb border_type=\u00bbsimple\u00bb column_border_width=\u00bbnone\u00bb column_border_style=\u00bbsolid\u00bb][vc_column_text css=\u00bb.vc_custom_1720861694986{margin-top: -50px !important;}\u00bb]\n<h2 style=\"text-align: center;\">Terapia: Tratamientos para da\u00f1os por vacunas de ARNm<\/h2>\n[\/vc_column_text][\/vc_column][\/vc_row][vc_row type=\u00bbin_container\u00bb full_screen_row_position=\u00bbmiddle\u00bb column_margin=\u00bbdefault\u00bb column_direction=\u00bbdefault\u00bb column_direction_tablet=\u00bbdefault\u00bb column_direction_phone=\u00bbdefault\u00bb scene_position=\u00bbcenter\u00bb text_color=\u00bbdark\u00bb text_align=\u00bbleft\u00bb row_border_radius=\u00bbnone\u00bb row_border_radius_applies=\u00bbbg\u00bb overlay_strength=\u00bb0.3&#8243; gradient_direction=\u00bbleft_to_right\u00bb shape_divider_position=\u00bbbottom\u00bb bg_image_animation=\u00bbnone\u00bb][vc_column column_padding=\u00bbno-extra-padding\u00bb column_padding_tablet=\u00bbinherit\u00bb column_padding_phone=\u00bbinherit\u00bb column_padding_position=\u00bball\u00bb column_element_spacing=\u00bbdefault\u00bb background_color_opacity=\u00bb1&#8243; background_hover_color_opacity=\u00bb1&#8243; column_shadow=\u00bbnone\u00bb column_border_radius=\u00bbnone\u00bb column_link_target=\u00bb_self\u00bb gradient_direction=\u00bbleft_to_right\u00bb overlay_strength=\u00bb0.3&#8243; width=\u00bb1\/1&#8243; tablet_width_inherit=\u00bbdefault\u00bb tablet_text_alignment=\u00bbdefault\u00bb phone_text_alignment=\u00bbdefault\u00bb bg_image_animation=\u00bbnone\u00bb border_type=\u00bbsimple\u00bb column_border_width=\u00bbnone\u00bb column_border_style=\u00bbsolid\u00bb][vc_column_text css=\u00bb.vc_custom_1722102369012{margin-top: -20px !important;}\u00bb]En esta p\u00e1gina encontrar\u00e1 una recopilaci\u00f3n de <strong>m\u00e9todos y protocolos de tratamiento<\/strong> que han demostrado tener un efecto positivo en la eliminaci\u00f3n de la contaminaci\u00f3n y los da\u00f1os de las vacunas de ARNm.<\/p>\n<p>Lo recuerdo como si fuera ayer. La primera vez que vi la sangre de una persona vacunada con ARNm bajo el microscopio de campo oscuro, pens\u00e9: \u00abNo puedo imaginar c\u00f3mo deshacernos de la basura que vi en este an\u00e1lisis de sangre viva\u00bb. No solo se ve\u00eda como la sangre que hab\u00eda visto en pacientes terminales, sino que tambi\u00e9n conten\u00eda objetos extra\u00f1os, nunca antes vistos. Esta impresi\u00f3n llev\u00f3 a la creaci\u00f3n de SafeBlood porque me di cuenta de que era una situaci\u00f3n de emergencia.<\/p>\n<p>Hoy, tres a\u00f1os despu\u00e9s, hemos aprendido mucho sobre los posibles tratamientos y enumeramos aqu\u00ed los m\u00e9todos m\u00e1s eficientes que conocemos en diferentes categor\u00edas.<\/p>\n<p>&nbsp;<\/p>\n<p>&nbsp;<\/p>\n<h3>\u00bfCu\u00e1les son los m\u00e9todos m\u00e1s eficientes?<\/h3>\n<p>&nbsp;<\/p>\n<hr \/>\n<h3>Medicina energ\u00e9tica, terapias de frecuencia<\/h3>\n<p>\u201cLa medicina del futuro ser\u00e1 la medicina de las frecuencias\u201d, dijo Albert Einstein, incluso antes de que pudiera prever un desastre como las vacunas de ARNm. Creo que tiene raz\u00f3n, y es por eso que considero las terapias de frecuencia como la forma m\u00e1s eficiente de reparar el da\u00f1o del ADN y desintoxicar los residuos de las vacunas de ARNm.<\/p>\n<p>Los <strong>dispositivos de BioResonancia Cu\u00e1ntica<\/strong> de <a href=\"https:\/\/biophotonic.uk\/\" target=\"_blank\" rel=\"noopener\">BioPhotonic<\/a> son un avance en la ayuda contra todo tipo de radiaci\u00f3n, todo tipo de enfermedades, apoyo a la desintoxicaci\u00f3n e incluso reparaci\u00f3n del ADN.<br \/>\nAseg\u00farese de revisar esta p\u00e1gina: <a href=\"https:\/\/safeblood.net\/es\/bioresonancia-biofotonica\/\" target=\"_blank\" rel=\"noopener\">https:\/\/safeblood.net\/es\/bioresonancia-biofotonica\/<\/a>, con c\u00f3digo de descuento para miembros de Safeblood y suscriptores del bolet\u00edn informativo.<br \/>\nLos dispositivos para fines terap\u00e9uticos BioNexus, BioPhotonic y, hasta cierto punto, la Photonic Wave, que es una combinaci\u00f3n de protecci\u00f3n y terapia.<br \/>\n<em>Personalmente, creo firmemente que los dispositivos BioPhotonic deber\u00edan ser un equipo est\u00e1ndar para cualquier persona seria en combatir los da\u00f1os por la vacunaci\u00f3n de ARNm.<\/em><\/p>\n<hr \/>\n<h3>Un enfoque natural, resumido en protocolos por cient\u00edficos especializados, natur\u00f3patas, m\u00e9dicos y organizaciones.<\/h3>\n<p>Muchos profesionales m\u00e9dicos excepcionales de todo tipo han investigado los m\u00e9todos m\u00e1s efectivos para tratar las lesiones por vacunas y todos han llegado a la misma conclusi\u00f3n: No existe un tratamiento \u00fanico que conduzca a la recuperaci\u00f3n del da\u00f1o por vacunas de ARNm. Todos llegaron a combinaciones de los tratamientos m\u00e1s importantes, en su mayor\u00eda naturop\u00e1ticos, pero no solo.<\/p>\n<h3><strong>Haga clic <a href=\"https:\/\/safeblood.net\/es\/protocolos-de-tratamiento\/\" target=\"_blank\" rel=\"noopener\">aqui<\/a> para una lista de diferentes protocolos<\/strong>,<\/h3>\n<p>que a menudo son similares, a veces completamente contrarios, pero todos muy completos. Tendr\u00e1 que averiguar por s\u00ed mismo cu\u00e1l es el mejor para usted. Y probablemente tambi\u00e9n querr\u00e1 combinarlos, tal vez tambi\u00e9n con terapia de frecuencia.<\/p>\n<hr \/>\n<h3>Sanaci\u00f3n espiritual<\/h3>\n<p>En realidad, tambi\u00e9n pertenece a la \u00abmedicina energ\u00e9tica\u00bb, pero en este caso es independiente de cualquier dispositivo electr\u00f3nico. Aqu\u00ed conf\u00edas completamente en un terapeuta, un sanador natural, que es un sanador nato y puede simplemente devolver tu salud al equilibrio con su energ\u00eda, o si lo deseas, divina. El \u00e9xito depende principalmente del sanador y la qu\u00edmica entre t\u00fa y \u00e9l.<\/p>\n<p>Es por eso que no hay un enlace al m\u00e9todo aqu\u00ed, sino <a href=\"https:\/\/safeblood.net\/es\/encontrar-una-instalacion-medica\/\" target=\"_blank\" rel=\"noopener\">a nuestra p\u00e1gina de Buscar una instalaci\u00f3n m\u00e9dica<\/a>, donde puede buscar directamente terapeutas y sanadores que ofrezcan este m\u00e9todo.<br \/>\nDesafortunadamente, muy pocos sanadores se han registrado aqu\u00ed todav\u00eda. As\u00ed que si conoces a uno bueno, por favor h\u00e1zles saber que pueden ser agregados a esta lista.<\/p>\n<hr \/>\n<p><strong>\u00bfConoce otro m\u00e9todo de tratamiento que a\u00fan no conocemos? Por favor env\u00edenos <a href=\"mailto:george@safeblood.net\" target=\"_blank\" rel=\"noopener\">correo electr\u00f3nico<\/a>.<\/strong><\/p>\n<p class=\"p1\"><b>AVISO LEGAL:<\/b><\/p>\n<p class=\"p1\"><b>SAFE BLOOD DONATION NO PROPORCIONA CONSEJOS M\u00c9DICOS.<\/b><\/p>\n<p class=\"p1\">La informaci\u00f3n, incluyendo pero no limit\u00e1ndose a, texto, gr\u00e1ficos, im\u00e1genes y otros materiales publicados o transmitidos por Safe Blood Donation y sus afiliados, directores, funcionarios, gerentes, empleados u otros representantes, es solo para fines informativos. Ning\u00fan material est\u00e1 destinado a ser un sustituto del consejo, diagn\u00f3stico o tratamiento m\u00e9dico profesional. Siempre busque el consejo de su proveedor de atenci\u00f3n m\u00e9dica de confianza con cualquier pregunta que pueda tener con respecto a una condici\u00f3n m\u00e9dica o tratamiento y antes de iniciar un nuevo r\u00e9gimen de atenci\u00f3n m\u00e9dica, y nunca ignore el consejo m\u00e9dico profesional ni retrase su b\u00fasqueda debido a algo que haya le\u00eddo o visto en cualquier publicaci\u00f3n o transmisi\u00f3n de Safe Blood Donation.<\/p>\n[\/vc_column_text][\/vc_column][\/vc_row]\n","protected":false},"excerpt":{"rendered":"<p>[vc_row type=\u00bbin_container\u00bb full_screen_row_position=\u00bbmiddle\u00bb column_margin=\u00bbdefault\u00bb column_direction=\u00bbdefault\u00bb column_direction_tablet=\u00bbdefault\u00bb column_direction_phone=\u00bbdefault\u00bb scene_position=\u00bbcenter\u00bb text_color=\u00bbdark\u00bb text_align=\u00bbleft\u00bb row_border_radius=\u00bbnone\u00bb row_border_radius_applies=\u00bbbg\u00bb overlay_strength=\u00bb0.3&#8243; gradient_direction=\u00bbleft_to_right\u00bb shape_divider_position=\u00bbbottom\u00bb bg_image_animation=\u00bbnone\u00bb][vc_column column_padding=\u00bbno-extra-padding\u00bb column_padding_tablet=\u00bbinherit\u00bb column_padding_phone=\u00bbinherit\u00bb column_padding_position=\u00bball\u00bb column_element_spacing=\u00bbdefault\u00bb background_color_opacity=\u00bb1&#8243; background_hover_color_opacity=\u00bb1&#8243; column_shadow=\u00bbnone\u00bb column_border_radius=\u00bbnone\u00bb column_link_target=\u00bb_self\u00bb gradient_direction=\u00bbleft_to_right\u00bb overlay_strength=\u00bb0.3&#8243; width=\u00bb1\/1&#8243; tablet_width_inherit=\u00bbdefault\u00bb&#8230;<\/p>\n","protected":false},"author":2,"featured_media":0,"parent":0,"menu_order":0,"comment_status":"closed","ping_status":"closed","template":"","meta":[],"_links":{"self":[{"href":"https:\/\/safeblood.at\/es\/wp-json\/wp\/v2\/pages\/77193"}],"collection":[{"href":"https:\/\/safeblood.at\/es\/wp-json\/wp\/v2\/pages"}],"about":[{"href":"https:\/\/safeblood.at\/es\/wp-json\/wp\/v2\/types\/page"}],"author":[{"embeddable":true,"href":"https:\/\/safeblood.at\/es\/wp-json\/wp\/v2\/users\/2"}],"replies":[{"embeddable":true,"href":"https:\/\/safeblood.at\/es\/wp-json\/wp\/v2\/comments?post=77193"}],"version-history":[{"count":3,"href":"https:\/\/safeblood.at\/es\/wp-json\/wp\/v2\/pages\/77193\/revisions"}],"predecessor-version":[{"id":77467,"href":"https:\/\/safeblood.at\/es\/wp-json\/wp\/v2\/pages\/77193\/revisions\/77467"}],"wp:attachment":[{"href":"https:\/\/safeblood.at\/es\/wp-json\/wp\/v2\/media?parent=77193"}],"curies":[{"name":"wp","href":"https:\/\/api.w.org\/{rel}","templated":true}]}}