{"id":74197,"date":"2024-03-03T13:57:54","date_gmt":"2024-03-03T12:57:54","guid":{"rendered":"https:\/\/safeblood.at\/?page_id=74197"},"modified":"2026-02-23T17:29:20","modified_gmt":"2026-02-23T16:29:20","slug":"about-us-and-privacy-policy","status":"publish","type":"page","link":"https:\/\/safeblood.at\/fr\/about-us-and-privacy-policy\/","title":{"rendered":"a propos de nous et politique de confidentialite"},"content":{"rendered":"[vc_row type=\u00a0\u00bbin_container\u00a0\u00bb full_screen_row_position=\u00a0\u00bbmiddle\u00a0\u00bb column_margin=\u00a0\u00bbdefault\u00a0\u00bb column_direction=\u00a0\u00bbdefault\u00a0\u00bb column_direction_tablet=\u00a0\u00bbdefault\u00a0\u00bb column_direction_phone=\u00a0\u00bbdefault\u00a0\u00bb scene_position=\u00a0\u00bbcenter\u00a0\u00bb text_color=\u00a0\u00bbdark\u00a0\u00bb text_align=\u00a0\u00bbleft\u00a0\u00bb row_border_radius=\u00a0\u00bbnone\u00a0\u00bb row_border_radius_applies=\u00a0\u00bbbg\u00a0\u00bb overlay_strength=\u00a0\u00bb0.3&Prime; gradient_direction=\u00a0\u00bbleft_to_right\u00a0\u00bb shape_divider_position=\u00a0\u00bbbottom\u00a0\u00bb bg_image_animation=\u00a0\u00bbnone\u00a0\u00bb][vc_column column_padding=\u00a0\u00bbno-extra-padding\u00a0\u00bb column_padding_tablet=\u00a0\u00bbinherit\u00a0\u00bb column_padding_phone=\u00a0\u00bbinherit\u00a0\u00bb column_padding_position=\u00a0\u00bball\u00a0\u00bb column_element_spacing=\u00a0\u00bbdefault\u00a0\u00bb background_color_opacity=\u00a0\u00bb1&Prime; background_hover_color_opacity=\u00a0\u00bb1&Prime; column_shadow=\u00a0\u00bbnone\u00a0\u00bb column_border_radius=\u00a0\u00bbnone\u00a0\u00bb column_link_target=\u00a0\u00bb_self\u00a0\u00bb gradient_direction=\u00a0\u00bbleft_to_right\u00a0\u00bb overlay_strength=\u00a0\u00bb0.3&Prime; width=\u00a0\u00bb1\/1&Prime; tablet_width_inherit=\u00a0\u00bbdefault\u00a0\u00bb tablet_text_alignment=\u00a0\u00bbdefault\u00a0\u00bb phone_text_alignment=\u00a0\u00bbdefault\u00a0\u00bb bg_image_animation=\u00a0\u00bbnone\u00a0\u00bb border_type=\u00a0\u00bbsimple\u00a0\u00bb column_border_width=\u00a0\u00bbnone\u00a0\u00bb column_border_style=\u00a0\u00bbsolid\u00a0\u00bb][vc_column_text]<strong>Qui sommes-nous ?<\/strong><\/p>\n<p>SafeBlood Donation est une association \u00e0 but non lucratif bas\u00e9e \u00e0 Zurich.<br \/>\n(Les statuts actuels peuvent \u00eatre t\u00e9l\u00e9charg\u00e9s <a href=\"https:\/\/safeblood.at\/wp-content\/uploads\/2023\/06\/statutes-safeblood.pdf\" target=\"_blank\" rel=\"noopener\">ici<\/a>,seulement en englais)<\/p>\n<p>L&rsquo;adresse commerciale est Ankenweid 29, 8041 Zurich, Suisse.<br \/>\nCourriel : <a href=\"mailto:info@safeblood.ch\">info@safeblood.ch<\/a><strong><br \/>\n<\/strong><\/p>\n<p>T\u00e9l. +41 79 55 99 079<br \/>\nDirecteur g\u00e9n\u00e9ral pour la Suisse et l&rsquo;international : Georg Della Pietra <a href=\"mailto:george@safeblood.ch\" target=\"_blank\" rel=\"noopener\">george@safeblood.ch<\/a><\/p>\n<p>Secr\u00e9tariat : Kay &#8211; <a href=\"mailto:kay@safeblood.ch\" target=\"_blank\" rel=\"noopener\">kay@safeblood.ch<\/a><\/p>\n<p>L&rsquo;adresse de notre site web est :\u00a0<a href=\"https:\/\/safeblood.net\/fr\" target=\"_blank\" rel=\"noopener\">https:\/\/safeblood.net<\/a> ou <a href=\"https:\/\/safeblood.international\" target=\"_blank\" rel=\"noopener\">https:\/\/safeblood.international<\/a><\/p>\n<p>Notre site web de reproduction: <a href=\"https:\/\/safereproduction.net\/\" target=\"_blank\" rel=\"noopener\">safereproduction.net<\/a><\/p>\n<p>Le site Web de SafeBlood USA (SafeBlood, Inc) est <a href=\"https:\/\/safeblood.com\/\" target=\"_blank\" rel=\"noopener\">safeblood.com<\/a><\/p>\n<p>Notre bureau pour SafeBlood Donation USA est joignable \u00e0 l&rsquo;adresse suivante <a href=\"mailto:info@safeblood.com\" target=\"_blank\" rel=\"noopener\">info@safeblood.com<\/a><br \/>\nChef d&rsquo;\u00e9quipe : Demitra<br \/>\nT\u00e9l\u00e9phone : 1-800-925-6120<br \/>\n(pas pour les cas d&rsquo;urgence)<\/p>\n<p>Notre bureau pour SafeBlood Donation Belgique est joignable \u00e0 l&rsquo;adresse suivante :\u00a0<a href=\"mailto:info@safeblood.be\">info@safeblood.be<\/a>.<br \/>\nChef d&rsquo;\u00e9quipe : Alexander van der Sel<br \/>\nT\u00e9l. +31 6 101 791 66<\/p>\n<p>Notre bureau pour SafeBlood Donation Afrique est joignable \u00e0 l&rsquo;adresse<br \/>\n<a href=\"mailto:kay@safeblood.africa\">kay@safeblood.africa<\/a>.<br \/>\nChef d&rsquo;\u00e9quipe : Kabaso Kapema<br \/>\nT\u00e9l. +41 79 55 99 079<\/p>\n<p><strong>EUROPE<\/strong><\/p>\n<p>Site Internet pour l&rsquo;Allemagne :\u00a0 <a href=\"https:\/\/safeblood.de\/fr\/\" target=\"_blank\" rel=\"noopener\">safeblood.de<\/a><br \/>\nPage nationale pour l&rsquo;\u00a0 <a href=\"https:\/\/safeblood.de\/location\/news-aus-den-laendern\/deutschland\/\" target=\"_blank\" rel=\"noopener\">Allemagne<\/a><\/p>\n<p>Site web pour l&rsquo;Autriche : \u00a0<a href=\"https:\/\/safeblood.at\/fr\" target=\"_blank\" rel=\"noopener\">safeblood.at<\/a><\/p>\n<p>Site Internet pour la Belgique :\u00a0 <a href=\"http:\/\/safeblood.be\/fr\" target=\"_blank\" rel=\"noopener\">safeblood.be<\/a><\/p>\n<p>Site Internet pour la R\u00e9publique tch\u00e8que :\u00a0<a href=\"https:\/\/safeblood.cz\/fr\/\" target=\"_blank\" rel=\"noopener\">safeblood.cz<\/a><\/p>\n<p>Site Internet pour le Danemark : <a href=\"https:\/\/safeblood.dk\/fr\/\" target=\"_blank\" rel=\"noopener\">safeblood.dk<\/a><br \/>\nPage nationale pour\u00a0 \u00a0<a href=\"https:\/\/safeblood.dk\/fr\/location\/denmark\/\" target=\"_blank\" rel=\"noopener\">Danemark<\/a><\/p>\n<p>Site Internet pour la Finlande : \u00a0<a href=\"https:\/\/safeblood.fi\/fr\/\" target=\"_blank\" rel=\"noopener\">safeblood.fi<\/a><br \/>\nPage nationale pour la\u00a0 <a href=\"https:\/\/safeblood.fi\/en\/location\/news-from-the-countries\/finland\/\" target=\"_blank\" rel=\"noopener\">Finlande<\/a><\/p>\n<p>Site Internet pour la France :\u00a0 <a href=\"https:\/\/safeblood.fr\/fr\/\" target=\"_blank\" rel=\"noopener\">safeblood.fr<\/a><br \/>\nPage nationale pour la\u00a0 <a href=\"https:\/\/safeblood.at\/fr\/location\/nouvelles-des-pays\/france-fr\/\" target=\"_blank\" rel=\"noopener\">France<\/a><\/p>\n<p>Site Internet pour l&rsquo;Italie : \u00a0<a href=\"https:\/\/safeblood.it\/fr\/\" target=\"_blank\" rel=\"noopener\">safeblood.it<\/a><br \/>\nPage nationale pour l&rsquo;\u00a0 <a href=\"https:\/\/safeblood.it\/en\/location\/news-from-the-countries\/italy\/\" target=\"_blank\" rel=\"noopener\">Italie<\/a><\/p>\n<p>Site Internet pour le Luxembourg :\u00a0 <a href=\"https:\/\/safeblood.lu\/fr\/\" target=\"_blank\" rel=\"noopener\">safeblood.lu<\/a><\/p>\n<p>Site web pour le Mont\u00e9n\u00e9gro :\u00a0\u00a0<a href=\"https:\/\/safeblood.me\/fr\/\" target=\"_blank\" rel=\"noopener\">safeblood.me<\/a><\/p>\n<p>Site web pour les Pays-Bas :\u00a0 <a href=\"https:\/\/safeblood.nl\/fr\/\" target=\"_blank\" rel=\"noopener\">safeblood.nl<\/a><br \/>\nPage nationale pour les\u00a0 <a href=\"https:\/\/safeblood.nl\/nl\/location\/nieuws-uit-de-landen\/nederland\/\" target=\"_blank\" rel=\"noopener\">Pays-Bas<\/a><\/p>\n<p>Page nationale pour la\u00a0\u00a0 <a href=\"https:\/\/safeblood.net\/en\/location\/news-from-the-countries\/norway\/\" target=\"_blank\" rel=\"noopener\">Norv\u00e8ge<\/a><\/p>\n<p>Site web pour la Pologne : \u00a0<a href=\"https:\/\/safeblood.pl\/fr\/\" target=\"_blank\" rel=\"noopener\">safeblood.pl<\/a><\/p>\n<p>Site web pour le Portugal :\u00a0 <a href=\"https:\/\/safeblood.pt\/fr\/\" target=\"_blank\" rel=\"noopener\">safeblood.pt<\/a><br \/>\nPage nationale pour le \u00a0<a href=\"https:\/\/safeblood.pt\/en\/location\/news-from-the-countries\/portugal\/\" target=\"_blank\" rel=\"noopener\">Portugal<\/a><\/p>\n<p>Site Internet pour la Roumanie :\u00a0 <a href=\"https:\/\/safeblood.ro\/fr\/\" target=\"_blank\" rel=\"noopener\">safeblood.ro<\/a><\/p>\n<p>Site Internet pour la Serbie :\u00a0 <a href=\"https:\/\/safeblood.rs\/fr\/\" target=\"_blank\" rel=\"noopener\">safeblood.rs<\/a><br \/>\nPage nationale pour la \u00a0 <a href=\"https:\/\/safeblood.rs\/en\/location\/news-from-the-countries\/serbia\/\" target=\"_blank\" rel=\"noopener\">Serbie<\/a><\/p>\n<p>Site Internet pour la Slovaquie :\u00a0\u00a0<a href=\"https:\/\/safeblood.sk\/fr\/\" target=\"_blank\" rel=\"noopener\">safeblood.sk<\/a><\/p>\n<p>Page du pays Safeblood pour l&rsquo;Espagne \u00a0<a href=\"https:\/\/safeblood.es\/fr\/\" target=\"_blank\" rel=\"noopener\">safeblood.es<\/a><br \/>\nPage nationale pour l&rsquo; \u00a0<a href=\"https:\/\/safeblood.net\/en\/location\/news-from-the-countries\/spain\/\" target=\"_blank\" rel=\"noopener\">Espagne<\/a><\/p>\n<p>Site web pour la Su\u00e8de :\u00a0\u00a0<a href=\"https:\/\/safeblood.se\/fr\/\" target=\"_blank\" rel=\"noopener\">safeblood.se<\/a><br \/>\nPage nationale pour la\u00a0\u00a0 <a href=\"https:\/\/safeblood.se\/en\/location\/news-from-the-countries\/sweden\/\" target=\"_blank\" rel=\"noopener\">Su\u00e8de<\/a><\/p>\n<p>Site web pour la Suisse :\u00a0\u00a0<a href=\"https:\/\/safeblood.at\/fr\/\" target=\"_blank\" rel=\"noopener\">safeblood.ch<\/a><br \/>\nPage nationale pour la \u00a0\u00a0<a href=\"https:\/\/safeblood.at\/location\/non-classifiee\/schweiz\/\" target=\"_blank\" rel=\"noopener\">Suisse (partie allemande)<\/a><br \/>\nPage nationale pour la \u00a0 <a href=\"https:\/\/safeblood.at\/fr\/location\/nouvelles-des-pays\/suisse-romande-fr\/\" target=\"_blank\" rel=\"noopener\">Suisse (partie fran\u00e7aise)<\/a><br \/>\nPage nationale pour la\u00a0 \u00a0<a href=\"https:\/\/safeblood.at\/it\/location\/news\/svizzera-italiana-en\/\" target=\"_blank\" rel=\"noopener\">Suisse (partie italienne)<\/a><\/p>\n<p>Site web pour le Royaume-Uni :\u00a0 <a href=\"http:\/\/safeblood.uk\/fr\/\" target=\"_blank\" rel=\"noopener\">safeblood.uk<\/a><br \/>\nPage nationale pour le \u00a0<a href=\"https:\/\/safeblood.uk\/en\/location\/news-from-the-countries\/united-kingdom\/\" target=\"_blank\" rel=\"noopener\">Royaume-Uni<\/a><\/p>\n<p><strong>AM\u00c9RIQUES<\/strong><\/p>\n<p>Site web pour les \u00c9tats-Unis :\u00a0\u00a0<a href=\"https:\/\/safeblood.com\/\" target=\"_blank\" rel=\"noopener\">safeblood.com<\/a>\u00a0et (temporairement) <a href=\"https:\/\/safeblood.us\/fr\/\" target=\"_blank\" rel=\"noopener\">safeblood.us<\/a><br \/>\nPage nationale pour les\u00a0\u00a0<a href=\"https:\/\/safeblood.net\/en\/location\/news-from-the-countries\/usa\/\" target=\"_blank\" rel=\"noopener\">\u00c9tats-Unis<\/a><\/p>\n<p>Site web pour le Canada :\u00a0 <a href=\"https:\/\/safeblood.ca\/fr\/\" target=\"_blank\" rel=\"noopener\">safeblood.ca<\/a><br \/>\nPage nationale pour le \u00a0 <a href=\"https:\/\/safeblood.ca\/en\/location\/news-from-the-countries\/canada\/\" target=\"_blank\" rel=\"noopener\">Canada<\/a><br \/>\nPage nationale pour le \u00a0 <a href=\"https:\/\/safeblood.net\/fr\/location\/nouvelles-des-pays\/canada-francais-fr\/\" target=\"_blank\" rel=\"noopener\">Canada fran\u00e7ais<\/a><\/p>\n<p>Site web pour le Mexique :\u00a0\u00a0<a href=\"https:\/\/safeblood.mx\/fr\/\" target=\"_blank\" rel=\"noopener\">safeblood.mx<\/a><br \/>\nPage nationale pour le\u00a0\u00a0<a href=\"https:\/\/safeblood.mx\/en\/location\/news-from-the-countries\/mexico\/\" target=\"_blank\" rel=\"noopener\">Mexique<\/a><\/p>\n<p><strong>AUSTRALIE\/OCEANIE<\/strong><\/p>\n<p>Site Internet pour l&rsquo;Australie :\u00a0 <a href=\"https:\/\/safeblood.au\/fr\/\" target=\"_blank\" rel=\"noopener\">safeblood.au<\/a><br \/>\nPage nationale pour l&rsquo; <a href=\"https:\/\/safeblood.at\/fr\/location\/australia-fr\/\" target=\"_blank\" rel=\"noopener\">Australie<\/a><\/p>\n<p>Site Internet pour la Nouvelle-Z\u00e9lande :\u00a0\u00a0<a href=\"https:\/\/safeblood.nz\/fr\/\" target=\"_blank\" rel=\"noopener\">safeblood.nz<\/a><br \/>\nPage nationale pour la \u00a0\u00a0<a href=\"https:\/\/safeblood.nz\/en\/location\/news-from-the-countries\/new-zealand\/\" target=\"_blank\" rel=\"noopener\">Nouvelle-Z\u00e9lande<\/a><\/p>\n<p><strong>AFRIQUE<\/strong><\/p>\n<p>Site Internet pour l&rsquo;Afrique :\u00a0\u00a0<a href=\"http:\/\/safeblood.africa\/fr\/\" target=\"_blank\" rel=\"noopener\">safeblood.africa<\/a><br \/>\nPage nationale pour l&rsquo; <a href=\"https:\/\/safeblood.africa\/en\/location\/news-from-the-countries\/africa\/\" target=\"_blank\" rel=\"noopener\">Afrique<\/a><\/p>\n<p><strong>ASIE<\/strong><\/p>\n<p>Site Internet pour l&rsquo;Asie :\u00a0 \u00a0<a href=\"https:\/\/safeblood.asia\/fr\/\" target=\"_blank\" rel=\"noopener\">safeblood.asia<\/a><\/p>\n<p>Site Internet pour la Chine :\u00a0 \u00a0<a href=\"https:\/\/safeblood.cn\/fr\/\" target=\"_blank\" rel=\"noopener\">safeblood.cn<\/a><\/p>\n<p>Site Internet pour l&rsquo;Inde :\u00a0 \u00a0<a href=\"https:\/\/safeblood.in\/fr\/\" target=\"_blank\" rel=\"noopener\">safeblood.in<\/a><\/p>\n<p>Site Internet pour le Japon :\u00a0\u00a0<a href=\"https:\/\/safeblood.jp\/fr\/\" target=\"_blank\" rel=\"noopener\">safeblood.jp<\/a><\/p>\n<p>Site Internet pour les Philippines :\u00a0\u00a0<a href=\"https:\/\/safeblood.ph\/fr\/\" target=\"_blank\" rel=\"noopener\">safeblood.ph<\/a><br \/>\nPage nationale pour les <a href=\"https:\/\/safeblood.ph\/en\/location\/news-from-the-countries\/philippines\/\" target=\"_blank\" rel=\"noopener\">Philippines<\/a><\/p>\n<p>Sites web pour la Tha\u00eflande :\u00a0<a href=\"http:\/\/safeblood.in.th\/fr\/\" target=\"_blank\" rel=\"noopener\">safeblood.in.th<\/a>\u00a0+ <a href=\"http:\/\/safeblood.in.th\/fr\/\" target=\"_blank\" rel=\"noopener\">\u0e40\u0e25\u0e37\u0e2d\u0e14\u0e17\u0e35\u0e48\u0e1b\u0e25\u0e2d\u0e14\u0e20\u0e31\u0e22.TH<\/a> + <a href=\"http:\/\/safeblood.in.th\/fr\/\" target=\"_blank\" rel=\"noopener\">\u0e40\u0e25\u0e37\u0e2d\u0e14\u0e17\u0e35\u0e48\u0e1b\u0e25\u0e2d\u0e14\u0e20\u0e31\u0e22.\u0e44\u0e17\u0e22<\/a><br \/>\nPage nationale pour la\u00a0\u00a0<a href=\"https:\/\/safeblood.in.th\/en\/location\/news-from-the-countries\/thailand\/\" target=\"_blank\" rel=\"noopener\">Tha\u00eflande<\/a><\/p>\n<p>Tous les autres pays :\u00a0 <a href=\"https:\/\/safeblood.net\/fr\/\" target=\"_blank\" rel=\"noopener\">safeblood.net<\/a><\/p>\n<p>Vous trouverez <a href=\"https:\/\/safeblood.us\/en\/contact\/\" target=\"_blank\" rel=\"noopener\">ihttps:\/\/safeblood.net\/fr\/contacts\/ci<\/a> des liens vers nos <strong>cha\u00eenes Telegram<\/strong>.<\/p>\n<p>Conception, contenu et maintenance du site web :<br \/>\nGeorg Della Pietra<br \/>\n(avec l&rsquo;aide de quelques brownies anonymes &#8211; merci beaucoup !)<\/p>\n<p><b>CLAUSE DE NON-RESPONSABILIT\u00c9 <\/b><b>M\u00c9DICALE<\/b><b> :<\/b><br \/>\nSAFE BLOOD NE FOURNIT PAS DE CONSEILS M\u00c9DICAUX.<br \/>\nLes informations, y compris, mais sans s&rsquo;y limiter, les textes, les graphiques, les images et tout autre mat\u00e9riel publi\u00e9 ou transmis par Safe Blood Donation et ses affili\u00e9s, directeurs, responsables, gestionnaires, employ\u00e9s ou autres repr\u00e9sentants sont uniquement destin\u00e9s \u00e0 des fins d&rsquo;information. Aucun mat\u00e9riel n&rsquo;est destin\u00e9 \u00e0 se substituer \u00e0 un conseil m\u00e9dical professionnel, \u00e0 un diagnostic ou \u00e0 un traitement. Demandez toujours l&rsquo;avis de votre fournisseur de soins de sant\u00e9 de confiance pour toute question que vous pourriez avoir concernant un \u00e9tat de sant\u00e9 ou un traitement, avant d&rsquo;entreprendre un nouveau r\u00e9gime de soins de sant\u00e9, et ne n\u00e9gligez jamais un avis m\u00e9dical professionnel ou ne tardez pas \u00e0 le demander \u00e0 cause de quelque chose que vous avez lu ou vu dans une publication ou une transmission de Safe Blood Donation.<\/p>\n<p><b>Clause de non-responsabilit\u00e9<br \/>\n<\/b>L&rsquo;auteur se r\u00e9serve le droit de ne pas \u00eatre responsable de l&rsquo;actualit\u00e9, de l&rsquo;exactitude, de l&rsquo;exhaustivit\u00e9 ou de la qualit\u00e9 des informations fournies. Les demandes de responsabilit\u00e9 concernant les dommages caus\u00e9s par l&rsquo;utilisation de toute information fournie, y compris tout type d&rsquo;information incompl\u00e8te ou incorrecte, seront par cons\u00e9quent rejet\u00e9es. Toutes les offres sont sans engagement. L&rsquo;auteur se r\u00e9serve le droit de compl\u00e9ter, de modifier ou de supprimer partiellement ou totalement certaines parties des pages ou l&rsquo;ensemble de la publication, y compris toutes les offres et informations, sans avis pr\u00e9alable.<\/p>\n<p><b>Clause de non-responsabilit\u00e9 pour les liens<\/b><br \/>\nLes r\u00e9f\u00e9rences et les liens vers des sites web de tiers ne rel\u00e8vent pas de notre responsabilit\u00e9. Nous d\u00e9clinons toute responsabilit\u00e9 \u00e0 l&rsquo;\u00e9gard de ces sites. L&rsquo;acc\u00e8s et l&rsquo;utilisation de ces sites se font aux risques et p\u00e9rils de l&rsquo;utilisateur.<\/p>\n<p><b>Droits d&rsquo;auteur<\/b><br \/>\nLes droits d&rsquo;auteur et tous les autres droits sur le contenu, les images, les photos ou les autres fichiers de ce site Web appartiennent exclusivement \u00e0 l&rsquo;association SafeBlood en tant que d\u00e9tenteur des droits. Pour la reproduction de tout \u00e9l\u00e9ment, l&rsquo;accord \u00e9crit du d\u00e9tenteur des droits d&rsquo;auteur doit \u00eatre obtenu au pr\u00e9alable. En outre, les photos utilis\u00e9es proviennent de photographes anonymes.<\/p>\n<p>Source: <a href=\"https:\/\/www.swissanwalt.ch\/\" target=\"_blank\" rel=\"noopener\">SwissAnwalt<\/a> (avocats suisses)<\/p>\n<p><b>Politique de confidentialit\u00e9<\/b><br \/>\nComme pour toute connexion \u00e0 un serveur web, le serveur de notre fournisseur d&rsquo;h\u00e9bergement web Metanet \u00e0 Zurich, en Suisse, enregistre et stocke certaines donn\u00e9es techniques. Ces donn\u00e9es comprennent l&rsquo;adresse IP et le syst\u00e8me d&rsquo;exploitation de votre appareil, les dates, le temps d&rsquo;acc\u00e8s, le type de navigateur et la requ\u00eate du navigateur, y compris l&rsquo;origine de la requ\u00eate (r\u00e9f\u00e9rent). Ces donn\u00e9es sont n\u00e9cessaires pour des raisons techniques afin de vous fournir notre site web. Metanet prot\u00e8ge ces donn\u00e9es par des mesures techniques et organisationnelles contre tout acc\u00e8s non autoris\u00e9 et ne les transmet pas \u00e0 des tiers. Dans la mesure o\u00f9 nous traitons des donn\u00e9es personnelles dans le processus, nous le faisons sur la base de notre int\u00e9r\u00eat \u00e0 vous fournir la meilleure exp\u00e9rience utilisateur possible et \u00e0 assurer la s\u00e9curit\u00e9 et la stabilit\u00e9 de nos syst\u00e8mes.<\/p>\n<p><b>Avec qui nous partageons vos donn\u00e9es<\/b><br \/>\nSi vous demandez une r\u00e9initialisation de votre mot de passe, votre adresse IP sera incluse dans l&rsquo;e-mail de r\u00e9initialisation. Nous ne partageons pas vos donn\u00e9es avec qui que ce soit, y compris les agences gouvernementales.<\/p>\n<p><b>Dur\u00e9e de conservation des donn\u00e9es<\/b><br \/>\nPour les utilisateurs qui s&rsquo;inscrivent sur notre site web, nous stockons \u00e9galement les informations personnelles qu&rsquo;ils fournissent dans leur profil d&rsquo;utilisateur. Tous les utilisateurs peuvent consulter, modifier ou supprimer leurs informations personnelles \u00e0 tout moment (sauf qu&rsquo;ils ne peuvent pas changer leur nom d&rsquo;utilisateur). Les administrateurs du site web peuvent \u00e9galement consulter et modifier ces informations. Nous conservons toutes ces donn\u00e9es jusqu&rsquo;\u00e0 ce que vous supprimiez votre compte ou mettiez fin \u00e0 votre adh\u00e9sion.<\/p>\n<p><b>Quels sont vos droits sur vos informations ?<\/b><br \/>\nSi vous avez un compte sur ce site web ou si vous avez laiss\u00e9 des commentaires, vous pouvez demander \u00e0 recevoir un fichier export\u00e9 des donn\u00e9es personnelles que nous d\u00e9tenons \u00e0 votre sujet, y compris toutes les donn\u00e9es que vous nous avez fournies. Vous pouvez \u00e9galement nous demander de supprimer toutes les donn\u00e9es \u00e0 caract\u00e8re personnel que nous d\u00e9tenons \u00e0 votre sujet. Cela n&rsquo;inclut pas les donn\u00e9es que nous sommes tenus de conserver pour des raisons administratives, juridiques ou de s\u00e9curit\u00e9.[\/vc_column_text][\/vc_column][\/vc_row]\n","protected":false},"excerpt":{"rendered":"<p>[vc_row type=\u00a0\u00bbin_container\u00a0\u00bb full_screen_row_position=\u00a0\u00bbmiddle\u00a0\u00bb column_margin=\u00a0\u00bbdefault\u00a0\u00bb column_direction=\u00a0\u00bbdefault\u00a0\u00bb column_direction_tablet=\u00a0\u00bbdefault\u00a0\u00bb column_direction_phone=\u00a0\u00bbdefault\u00a0\u00bb scene_position=\u00a0\u00bbcenter\u00a0\u00bb text_color=\u00a0\u00bbdark\u00a0\u00bb text_align=\u00a0\u00bbleft\u00a0\u00bb row_border_radius=\u00a0\u00bbnone\u00a0\u00bb row_border_radius_applies=\u00a0\u00bbbg\u00a0\u00bb overlay_strength=\u00a0\u00bb0.3&Prime; gradient_direction=\u00a0\u00bbleft_to_right\u00a0\u00bb shape_divider_position=\u00a0\u00bbbottom\u00a0\u00bb bg_image_animation=\u00a0\u00bbnone\u00a0\u00bb][vc_column column_padding=\u00a0\u00bbno-extra-padding\u00a0\u00bb column_padding_tablet=\u00a0\u00bbinherit\u00a0\u00bb column_padding_phone=\u00a0\u00bbinherit\u00a0\u00bb column_padding_position=\u00a0\u00bball\u00a0\u00bb column_element_spacing=\u00a0\u00bbdefault\u00a0\u00bb background_color_opacity=\u00a0\u00bb1&Prime; background_hover_color_opacity=\u00a0\u00bb1&Prime; column_shadow=\u00a0\u00bbnone\u00a0\u00bb column_border_radius=\u00a0\u00bbnone\u00a0\u00bb column_link_target=\u00a0\u00bb_self\u00a0\u00bb gradient_direction=\u00a0\u00bbleft_to_right\u00a0\u00bb overlay_strength=\u00a0\u00bb0.3&Prime; width=\u00a0\u00bb1\/1&Prime; tablet_width_inherit=\u00a0\u00bbdefault\u00a0\u00bb&#8230;<\/p>\n","protected":false},"author":2,"featured_media":0,"parent":0,"menu_order":0,"comment_status":"closed","ping_status":"open","template":"","meta":[],"_links":{"self":[{"href":"https:\/\/safeblood.at\/fr\/wp-json\/wp\/v2\/pages\/74197"}],"collection":[{"href":"https:\/\/safeblood.at\/fr\/wp-json\/wp\/v2\/pages"}],"about":[{"href":"https:\/\/safeblood.at\/fr\/wp-json\/wp\/v2\/types\/page"}],"author":[{"embeddable":true,"href":"https:\/\/safeblood.at\/fr\/wp-json\/wp\/v2\/users\/2"}],"replies":[{"embeddable":true,"href":"https:\/\/safeblood.at\/fr\/wp-json\/wp\/v2\/comments?post=74197"}],"version-history":[{"count":9,"href":"https:\/\/safeblood.at\/fr\/wp-json\/wp\/v2\/pages\/74197\/revisions"}],"predecessor-version":[{"id":81789,"href":"https:\/\/safeblood.at\/fr\/wp-json\/wp\/v2\/pages\/74197\/revisions\/81789"}],"wp:attachment":[{"href":"https:\/\/safeblood.at\/fr\/wp-json\/wp\/v2\/media?parent=74197"}],"curies":[{"name":"wp","href":"https:\/\/api.w.org\/{rel}","templated":true}]}}