{"id":75571,"date":"2024-05-03T17:24:00","date_gmt":"2024-05-03T15:24:00","guid":{"rendered":"https:\/\/safeblood.at\/?page_id=75571"},"modified":"2024-05-15T20:41:44","modified_gmt":"2024-05-15T18:41:44","slug":"carte-des-donneurs-de-sang","status":"publish","type":"page","link":"https:\/\/safeblood.at\/fr\/carte-des-donneurs-de-sang\/","title":{"rendered":"Carte des donneurs de sang"},"content":{"rendered":"[vc_row type=\u00a0\u00bbin_container\u00a0\u00bb full_screen_row_position=\u00a0\u00bbmiddle\u00a0\u00bb column_margin=\u00a0\u00bbdefault\u00a0\u00bb column_direction=\u00a0\u00bbdefault\u00a0\u00bb column_direction_tablet=\u00a0\u00bbdefault\u00a0\u00bb column_direction_phone=\u00a0\u00bbdefault\u00a0\u00bb scene_position=\u00a0\u00bbcenter\u00a0\u00bb text_color=\u00a0\u00bbdark\u00a0\u00bb text_align=\u00a0\u00bbleft\u00a0\u00bb row_border_radius=\u00a0\u00bbnone\u00a0\u00bb row_border_radius_applies=\u00a0\u00bbbg\u00a0\u00bb overlay_strength=\u00a0\u00bb0.3&Prime; gradient_direction=\u00a0\u00bbleft_to_right\u00a0\u00bb shape_divider_position=\u00a0\u00bbbottom\u00a0\u00bb bg_image_animation=\u00a0\u00bbnone\u00a0\u00bb][vc_column column_padding=\u00a0\u00bbno-extra-padding\u00a0\u00bb column_padding_tablet=\u00a0\u00bbinherit\u00a0\u00bb column_padding_phone=\u00a0\u00bbinherit\u00a0\u00bb column_padding_position=\u00a0\u00bball\u00a0\u00bb top_margin=\u00a0\u00bb-20&Prime; column_element_spacing=\u00a0\u00bbdefault\u00a0\u00bb background_color_opacity=\u00a0\u00bb1&Prime; background_hover_color_opacity=\u00a0\u00bb1&Prime; column_shadow=\u00a0\u00bbnone\u00a0\u00bb column_border_radius=\u00a0\u00bbnone\u00a0\u00bb column_link_target=\u00a0\u00bb_self\u00a0\u00bb gradient_direction=\u00a0\u00bbleft_to_right\u00a0\u00bb overlay_strength=\u00a0\u00bb0.3&Prime; width=\u00a0\u00bb1\/1&Prime; tablet_width_inherit=\u00a0\u00bbdefault\u00a0\u00bb tablet_text_alignment=\u00a0\u00bbdefault\u00a0\u00bb phone_text_alignment=\u00a0\u00bbdefault\u00a0\u00bb bg_image_animation=\u00a0\u00bbnone\u00a0\u00bb border_type=\u00a0\u00bbsimple\u00a0\u00bb column_border_width=\u00a0\u00bbnone\u00a0\u00bb column_border_style=\u00a0\u00bbsolid\u00a0\u00bb][vc_column_text]\n<p lang=\"zxx\">Sur cette page, vous pouvez rechercher un donneur de sang non vaccin\u00e9 compatible, dans le monde entier. Pour l&rsquo;instant, vous ne trouverez que les membres de SafeBlood Donation, subdivis\u00e9s en <strong>Safeblood International (<a href=\"https:\/\/safeblood.net\/fr\/\" target=\"_blank\" rel=\"noopener\">safeblood.net<\/a><\/strong> ou safeblood.le domaine de votre pays, par exemple <a href=\"https:\/\/safeblood.fr\/fr\/\" target=\"_blank\" rel=\"noopener\">safeblood.fr<\/a>), pour les membres partout dans le monde sauf aux \u00c9tats-Unis, et <strong>SafeBlood USA (<a href=\"https:\/\/safeblood.com\/\" target=\"_blank\" rel=\"noopener\">safeblood.com<\/a>)<\/strong>, pour les \u00c9tats-Unis uniquement.<br \/>\nUlt\u00e9rieurement, nous inclurons les membres d&rsquo;autres services de don de sang non-vaxin\u00e9e s&rsquo;ils souhaitent \u00eatre r\u00e9pertori\u00e9s ici \u00e9galement. Lorsque vous cliquez sur un donneur potentiel sur la carte, vous verrez son affiliation \u00e0 cette organisation.<\/p>\n<p lang=\"zxx\">Si vous \u00eates membre de SafeBlood, vous trouverez une carte de recherche de sang plus pr\u00e9cise et plus rapide dans votre espace membre <a href=\"https:\/\/safeblood.net\/fr\/recherche-de-donneurs-de-sang\/\" target=\"_blank\" rel=\"noopener\">ici<\/a>\u00a0qui vous permettra \u00e9galement de demander un donneur de sang directement \u00e0 partir de cette page, avec un d\u00e9lai de r\u00e9ponse de quelques heures seulement. Logiquement, seuls les membres de SafeBlood sont affich\u00e9s sur cette page comme donneurs compatibles avec une demande de contact direct. Cependant, les non-membres peuvent \u00e9galement utiliser cette page de recherche ; elle offre un peu plus d&rsquo;options et permet, par exemple, d&rsquo;effectuer une recherche par pays ou par tous les groupes sanguins en m\u00eame temps, tout en affichant les r\u00e9sultats de toutes les associations participantes.<\/p>\n[\/vc_column_text][\/vc_column][\/vc_row][vc_row type=\u00a0\u00bbin_container\u00a0\u00bb full_screen_row_position=\u00a0\u00bbmiddle\u00a0\u00bb column_margin=\u00a0\u00bbdefault\u00a0\u00bb column_direction=\u00a0\u00bbdefault\u00a0\u00bb column_direction_tablet=\u00a0\u00bbdefault\u00a0\u00bb column_direction_phone=\u00a0\u00bbdefault\u00a0\u00bb scene_position=\u00a0\u00bbcenter\u00a0\u00bb text_color=\u00a0\u00bbdark\u00a0\u00bb text_align=\u00a0\u00bbleft\u00a0\u00bb row_border_radius=\u00a0\u00bbnone\u00a0\u00bb row_border_radius_applies=\u00a0\u00bbbg\u00a0\u00bb overlay_strength=\u00a0\u00bb0.3&Prime; gradient_direction=\u00a0\u00bbleft_to_right\u00a0\u00bb shape_divider_position=\u00a0\u00bbbottom\u00a0\u00bb bg_image_animation=\u00a0\u00bbnone\u00a0\u00bb][vc_column column_padding=\u00a0\u00bbno-extra-padding\u00a0\u00bb column_padding_tablet=\u00a0\u00bbinherit\u00a0\u00bb column_padding_phone=\u00a0\u00bbinherit\u00a0\u00bb column_padding_position=\u00a0\u00bball\u00a0\u00bb top_margin=\u00a0\u00bb-20&Prime; column_element_spacing=\u00a0\u00bbdefault\u00a0\u00bb background_color_opacity=\u00a0\u00bb1&Prime; background_hover_color_opacity=\u00a0\u00bb1&Prime; column_shadow=\u00a0\u00bbnone\u00a0\u00bb column_border_radius=\u00a0\u00bbnone\u00a0\u00bb column_link_target=\u00a0\u00bb_self\u00a0\u00bb gradient_direction=\u00a0\u00bbleft_to_right\u00a0\u00bb overlay_strength=\u00a0\u00bb0.3&Prime; width=\u00a0\u00bb1\/1&Prime; tablet_width_inherit=\u00a0\u00bbdefault\u00a0\u00bb tablet_text_alignment=\u00a0\u00bbdefault\u00a0\u00bb phone_text_alignment=\u00a0\u00bbdefault\u00a0\u00bb bg_image_animation=\u00a0\u00bbnone\u00a0\u00bb border_type=\u00a0\u00bbsimple\u00a0\u00bb column_border_width=\u00a0\u00bbnone\u00a0\u00bb column_border_style=\u00a0\u00bbsolid\u00a0\u00bb][vc_column_text]<a name=\"sbusms\"><\/a><div class=\"safeblood-us-map-search-form\"><form action=\"#sbusms\" method=\"post\"><div class=\"sbusms-blood-type-container\"><div class=\"sbusms-blood-type-label\"><h2>Votre groupe sanguin<\/h2><\/div><div class=\"sbusms-blood-type-options\"><div><button type=\"button\" data-blood-type=\"0-\">O-<\/button><\/div><div><button type=\"button\" data-blood-type=\"0+\">O+<\/button><\/div><div><button type=\"button\" data-blood-type=\"A-\">A-<\/button><\/div><div><button type=\"button\" data-blood-type=\"A+\">A+<\/button><\/div><div><button type=\"button\" data-blood-type=\"B-\">B-<\/button><\/div><div><button type=\"button\" data-blood-type=\"B+\">B+<\/button><\/div><div><button type=\"button\" data-blood-type=\"AB-\">AB-<\/button><\/div><div><button type=\"button\" data-blood-type=\"AB+\" class=\"bt-selected\" >AB+<\/button><\/div><script>\r\n(function($) {\r\njQuery('.sbusms-blood-type-options button').on('click', function() {\r\njQuery('.sbusms-blood-type-options [name=blood_type]').val(jQuery(this).attr('data-blood-type'));\r\njQuery('.sbusms-blood-type-options button').removeClass('bt-selected');\r\njQuery(this).addClass('bt-selected');\r\nsafebloodMapGetData();\r\n});\r\njQuery(document).on('click', '.sbusms-submit-button', function(e) {\r\nsafebloodMapGetData();return false;\r\n});\r\n})(jQuery);\r\n<\/script>\r\n<input type=\"hidden\" name=\"blood_type\" value=\"AB+\" \/><\/div><\/div><div class=\"sbusms-location-container\"><div class=\"sbusms-location-label\"><h2>Votre localisation<\/h2><\/div><div class=\"sbusms-location-wrap\"><input id=\"sbusms-user-location\" name=\"user_location\" placeholder=\"Tapez et s\u00e9lectionnez la ville\" value=\"\">\r\n<input type=\"hidden\" id=\"sbusms-user-lat\" name=\"user_lat\" value=\"\" \/>\r\n<input type=\"hidden\" id=\"sbusms-user-lng\" name=\"user_lng\" value=\"\" \/>\r\n<\/div><script>\r\n(function($) {\r\nsbusms_autocomplete('sbusms-user-location', 'sbusms-user-lat', 'sbusms-user-lng');\r\n})(jQuery);\r\n<\/script>\r\n<div class=\"sbusms-submit-wrap\"><input type=\"submit\" class=\"sbusms-submit-button\" name=\"safeblood_us_map_search\" value=\"Rechercher\" \/><\/div><\/div><\/form><\/div><div class=\"safeblood-us-map-search-result\"><div id=\"safeblood-map\"><\/div><div class=\"small-text\">Affichage des matchs compatibles avec votre groupe sanguin. Les emplacements sont approximatifs.<\/div><\/div><script>\r\nvar sbMapContainer = document.getElementById('safeblood-map');\r\nsbMapContainer.style = 'height:58vH;';\r\nvar sbMap = L.map(sbMapContainer);\r\nL.tileLayer('https:\/\/{s}.tile.osm.org\/{z}\/{x}\/{y}.png', {}).addTo(sbMap);\r\nvar sbMapCenter = L.latLng('39.833333', '-48.583333');\r\nsbMap.setView(sbMapCenter, 2)\r\nvar markers = L.layerGroup();function safebloodMapGetData() {\r\nvar postData = {\r\n'blood_type': jQuery('input[name=blood_type]').val(),\r\n'user_lat': jQuery('input[name=user_lat]').val(),\r\n'user_lng': jQuery('input[name=user_lng]').val(),\r\n};\r\njQuery.ajax({\r\ntype: 'post',\r\nurl: '\/wp-admin\/admin-ajax.php',\r\ndata: {action: 'safeblood_map_search_data', postData},\r\nsuccess: function(response) {\r\nif (postData.user_lat && postData.user_lng) {\r\nvar sbMapCenter = L.latLng(postData.user_lat, postData.user_lng);\r\nsbMap.setView(sbMapCenter, 10)\r\n} else {\r\nvar sbMapCenter = L.latLng('39.833333', '-48.583333');\r\nsbMap.setView(sbMapCenter, 2)\r\n}\r\nresponse = JSON.parse(response);\r\nif (response.errors) {\r\nresponse.errors.forEach(function (error) {\r\nconsole.log(error);\r\n});\r\n}\r\nif (response.markers) {\r\nmarkers.clearLayers();\r\nresponse.markers.forEach(function (item) {\r\nvar marker = L.marker([item.lat, item.lng]);\r\nmarker.bindPopup(item.popup);\r\nmarker.addTo(markers);\r\n});\r\nsbMap.addLayer(markers);\r\n}\r\n}\r\n});\r\n}\r\nsafebloodMapGetData();\r\n<\/script>\r\n[\/vc_column_text][\/vc_column][\/vc_row]\n","protected":false},"excerpt":{"rendered":"<p>[vc_row type=\u00a0\u00bbin_container\u00a0\u00bb full_screen_row_position=\u00a0\u00bbmiddle\u00a0\u00bb column_margin=\u00a0\u00bbdefault\u00a0\u00bb column_direction=\u00a0\u00bbdefault\u00a0\u00bb column_direction_tablet=\u00a0\u00bbdefault\u00a0\u00bb column_direction_phone=\u00a0\u00bbdefault\u00a0\u00bb scene_position=\u00a0\u00bbcenter\u00a0\u00bb text_color=\u00a0\u00bbdark\u00a0\u00bb text_align=\u00a0\u00bbleft\u00a0\u00bb row_border_radius=\u00a0\u00bbnone\u00a0\u00bb row_border_radius_applies=\u00a0\u00bbbg\u00a0\u00bb overlay_strength=\u00a0\u00bb0.3&Prime; gradient_direction=\u00a0\u00bbleft_to_right\u00a0\u00bb shape_divider_position=\u00a0\u00bbbottom\u00a0\u00bb bg_image_animation=\u00a0\u00bbnone\u00a0\u00bb][vc_column column_padding=\u00a0\u00bbno-extra-padding\u00a0\u00bb column_padding_tablet=\u00a0\u00bbinherit\u00a0\u00bb column_padding_phone=\u00a0\u00bbinherit\u00a0\u00bb column_padding_position=\u00a0\u00bball\u00a0\u00bb top_margin=\u00a0\u00bb-20&Prime; column_element_spacing=\u00a0\u00bbdefault\u00a0\u00bb background_color_opacity=\u00a0\u00bb1&Prime; background_hover_color_opacity=\u00a0\u00bb1&Prime; column_shadow=\u00a0\u00bbnone\u00a0\u00bb column_border_radius=\u00a0\u00bbnone\u00a0\u00bb column_link_target=\u00a0\u00bb_self\u00a0\u00bb gradient_direction=\u00a0\u00bbleft_to_right\u00a0\u00bb overlay_strength=\u00a0\u00bb0.3&Prime; width=\u00a0\u00bb1\/1&Prime;&#8230;<\/p>\n","protected":false},"author":2,"featured_media":0,"parent":0,"menu_order":0,"comment_status":"closed","ping_status":"closed","template":"","meta":[],"_links":{"self":[{"href":"https:\/\/safeblood.at\/fr\/wp-json\/wp\/v2\/pages\/75571"}],"collection":[{"href":"https:\/\/safeblood.at\/fr\/wp-json\/wp\/v2\/pages"}],"about":[{"href":"https:\/\/safeblood.at\/fr\/wp-json\/wp\/v2\/types\/page"}],"author":[{"embeddable":true,"href":"https:\/\/safeblood.at\/fr\/wp-json\/wp\/v2\/users\/2"}],"replies":[{"embeddable":true,"href":"https:\/\/safeblood.at\/fr\/wp-json\/wp\/v2\/comments?post=75571"}],"version-history":[{"count":3,"href":"https:\/\/safeblood.at\/fr\/wp-json\/wp\/v2\/pages\/75571\/revisions"}],"predecessor-version":[{"id":76057,"href":"https:\/\/safeblood.at\/fr\/wp-json\/wp\/v2\/pages\/75571\/revisions\/76057"}],"wp:attachment":[{"href":"https:\/\/safeblood.at\/fr\/wp-json\/wp\/v2\/media?parent=75571"}],"curies":[{"name":"wp","href":"https:\/\/api.w.org\/{rel}","templated":true}]}}