{"id":77040,"date":"2024-07-04T17:13:42","date_gmt":"2024-07-04T15:13:42","guid":{"rendered":"https:\/\/safeblood.at\/?page_id=77040"},"modified":"2024-07-25T13:49:46","modified_gmt":"2024-07-25T11:49:46","slug":"therapie","status":"publish","type":"page","link":"https:\/\/safeblood.at\/fr\/therapie\/","title":{"rendered":"Th\u00e9rapie"},"content":{"rendered":"[vc_row type=\u00a0\u00bbin_container\u00a0\u00bb full_screen_row_position=\u00a0\u00bbmiddle\u00a0\u00bb column_margin=\u00a0\u00bbdefault\u00a0\u00bb column_direction=\u00a0\u00bbdefault\u00a0\u00bb column_direction_tablet=\u00a0\u00bbdefault\u00a0\u00bb column_direction_phone=\u00a0\u00bbdefault\u00a0\u00bb scene_position=\u00a0\u00bbcenter\u00a0\u00bb text_color=\u00a0\u00bbdark\u00a0\u00bb text_align=\u00a0\u00bbleft\u00a0\u00bb row_border_radius=\u00a0\u00bbnone\u00a0\u00bb row_border_radius_applies=\u00a0\u00bbbg\u00a0\u00bb overlay_strength=\u00a0\u00bb0.3&Prime; gradient_direction=\u00a0\u00bbleft_to_right\u00a0\u00bb shape_divider_position=\u00a0\u00bbbottom\u00a0\u00bb bg_image_animation=\u00a0\u00bbnone\u00a0\u00bb][vc_column column_padding=\u00a0\u00bbno-extra-padding\u00a0\u00bb column_padding_tablet=\u00a0\u00bbinherit\u00a0\u00bb column_padding_phone=\u00a0\u00bbinherit\u00a0\u00bb column_padding_position=\u00a0\u00bball\u00a0\u00bb column_element_spacing=\u00a0\u00bbdefault\u00a0\u00bb background_color_opacity=\u00a0\u00bb1&Prime; background_hover_color_opacity=\u00a0\u00bb1&Prime; column_shadow=\u00a0\u00bbnone\u00a0\u00bb column_border_radius=\u00a0\u00bbnone\u00a0\u00bb column_link_target=\u00a0\u00bb_self\u00a0\u00bb gradient_direction=\u00a0\u00bbleft_to_right\u00a0\u00bb overlay_strength=\u00a0\u00bb0.3&Prime; width=\u00a0\u00bb1\/1&Prime; tablet_width_inherit=\u00a0\u00bbdefault\u00a0\u00bb tablet_text_alignment=\u00a0\u00bbdefault\u00a0\u00bb phone_text_alignment=\u00a0\u00bbdefault\u00a0\u00bb bg_image_animation=\u00a0\u00bbnone\u00a0\u00bb border_type=\u00a0\u00bbsimple\u00a0\u00bb column_border_width=\u00a0\u00bbnone\u00a0\u00bb column_border_style=\u00a0\u00bbsolid\u00a0\u00bb][vc_column_text css=\u00a0\u00bb.vc_custom_1720106205418{margin-top: -50px !important;}\u00a0\u00bb]\n<h3><\/h3>\n<h3 style=\"text-align: center;\"><b>Th\u00e9rapie : Traitements des dommages caus\u00e9s par les vaccins \u00e0 ARNm<\/b><\/h3>\n[\/vc_column_text][\/vc_column][\/vc_row][vc_row type=\u00a0\u00bbin_container\u00a0\u00bb full_screen_row_position=\u00a0\u00bbmiddle\u00a0\u00bb column_margin=\u00a0\u00bbdefault\u00a0\u00bb column_direction=\u00a0\u00bbdefault\u00a0\u00bb column_direction_tablet=\u00a0\u00bbdefault\u00a0\u00bb column_direction_phone=\u00a0\u00bbdefault\u00a0\u00bb scene_position=\u00a0\u00bbcenter\u00a0\u00bb text_color=\u00a0\u00bbdark\u00a0\u00bb text_align=\u00a0\u00bbleft\u00a0\u00bb row_border_radius=\u00a0\u00bbnone\u00a0\u00bb row_border_radius_applies=\u00a0\u00bbbg\u00a0\u00bb overlay_strength=\u00a0\u00bb0.3&Prime; gradient_direction=\u00a0\u00bbleft_to_right\u00a0\u00bb shape_divider_position=\u00a0\u00bbbottom\u00a0\u00bb bg_image_animation=\u00a0\u00bbnone\u00a0\u00bb][vc_column column_padding=\u00a0\u00bbno-extra-padding\u00a0\u00bb column_padding_tablet=\u00a0\u00bbinherit\u00a0\u00bb column_padding_phone=\u00a0\u00bbinherit\u00a0\u00bb column_padding_position=\u00a0\u00bball\u00a0\u00bb column_element_spacing=\u00a0\u00bbdefault\u00a0\u00bb background_color_opacity=\u00a0\u00bb1&Prime; background_hover_color_opacity=\u00a0\u00bb1&Prime; column_shadow=\u00a0\u00bbnone\u00a0\u00bb column_border_radius=\u00a0\u00bbnone\u00a0\u00bb column_link_target=\u00a0\u00bb_self\u00a0\u00bb gradient_direction=\u00a0\u00bbleft_to_right\u00a0\u00bb overlay_strength=\u00a0\u00bb0.3&Prime; width=\u00a0\u00bb1\/1&Prime; tablet_width_inherit=\u00a0\u00bbdefault\u00a0\u00bb tablet_text_alignment=\u00a0\u00bbdefault\u00a0\u00bb phone_text_alignment=\u00a0\u00bbdefault\u00a0\u00bb bg_image_animation=\u00a0\u00bbnone\u00a0\u00bb border_type=\u00a0\u00bbsimple\u00a0\u00bb column_border_width=\u00a0\u00bbnone\u00a0\u00bb column_border_style=\u00a0\u00bbsolid\u00a0\u00bb][vc_column_text css=\u00a0\u00bb.vc_custom_1721908183701{margin-top: -20px !important;}\u00a0\u00bb]Vous trouverez sur cette page une compilation de<b> m\u00e9thodes et de protocoles de traitement<\/b> qui se sont av\u00e9r\u00e9s efficaces pour \u00e9liminer la contamination et les dommages caus\u00e9s par les vaccins ARNm&#8230;<\/p>\n<p>Je m&rsquo;en souviens comme si c&rsquo;\u00e9tait hier. La premi\u00e8re fois que j&rsquo;ai vu le sang d&rsquo;une personne vaccin\u00e9e \u00e0 l&rsquo;ARNm au microscope \u00e0 fond noir, j&rsquo;ai pens\u00e9 : \u00ab\u00a0Je ne peux pas imaginer comment me d\u00e9barrasser des salet\u00e9s que j&rsquo;ai vues dans cette analyse de sang vivant.\u00a0\u00bb Non seulement ce sang ressemblait \u00e0 celui que j&rsquo;avais vu chez des patients en phase terminale, mais il contenait aussi des objets \u00e9tranges, jamais vus auparavant. Cette impression a conduit \u00e0 la cr\u00e9ation de SafeBlood, car j&rsquo;ai compris qu&rsquo;il s&rsquo;agissait d&rsquo;une situation d&rsquo;urgence.<\/p>\n<p>Aujourd&rsquo;hui, trois ans plus tard, nous avons beaucoup appris sur les traitements possibles et nous listons ici les m\u00e9thodes les plus efficaces que nous connaissons dans diff\u00e9rentes cat\u00e9gories.<\/p>\n<p>&nbsp;<\/p>\n<h3><b>Quelles sont les m\u00e9thodes les plus efficaces ?<\/b><\/h3>\n<p>&nbsp;<\/p>\n<hr \/>\n<h3><b>M\u00e9decine \u00e9nerg\u00e9tique, th\u00e9rapies par les fr\u00e9quences<\/b><\/h3>\n<p>\u00ab\u00a0La m\u00e9decine de l&rsquo;avenir sera la m\u00e9decine des fr\u00e9quences\u00a0\u00bb, a d\u00e9clar\u00e9 Albert Einstein, avant m\u00eame d&rsquo;avoir pu pr\u00e9voir un d\u00e9sastre tel que les vaccins ARNm. Je pense qu&rsquo;il a raison, et c&rsquo;est pourquoi je consid\u00e8re que les th\u00e9rapies par fr\u00e9quences sont le moyen le plus efficace de r\u00e9parer les dommages caus\u00e9s \u00e0 l&rsquo;ADN et de d\u00e9toxifier les r\u00e9sidus de vaccins ARNm.<\/p>\n<p><b>Les appareils de bio-r\u00e9sonance quantique<\/b> de <a href=\"https:\/\/biophotonic.uk\/\" target=\"_blank\" rel=\"noopener\">BioPhotonic<\/a>\u00a0constituent une perc\u00e9e dans la lutte contre tous les types de rayonnements, tous les types de maladies, la d\u00e9sintoxication et m\u00eame la r\u00e9paration de l&rsquo;ADN.<\/p>\n<p>Ne manquez pas de consulter cette page : <a href=\"https:\/\/safeblood.net\/fr\/analyse-des-residus-du-vaccin-covid19\/\" target=\"_blank\" rel=\"noopener\">https:\/\/safeblood.net\/fr\/analyse-des-residus-du-vaccin-covid19\/<\/a>, avec un code de r\u00e9duction pour les membres de Safeblood et les abonn\u00e9s \u00e0 la lettre d&rsquo;information.<br \/>\nLes appareils \u00e0 usage th\u00e9rapeutique sont BioNexus, BioPhotonic et, dans une certaine mesure, Photonic Wave, qui est une combinaison de protection et de th\u00e9rapie.<\/p>\n<p><em>Personnellement, je suis convaincu que les appareils BioPhotonic devraient faire partie de l&rsquo;\u00e9quipement standard de toute personne souhaitant s\u00e9rieusement lutter contre les dommages caus\u00e9s par la vaccination \u00e0 l&rsquo;ARNm<\/em><em>.<\/em><\/p>\n<hr \/>\n<h3><b>Une approche naturelle, r\u00e9sum\u00e9e dans des protocoles de scientifiques sp\u00e9cialis\u00e9s, de naturopathes, de m\u00e9decins et d&rsquo;organisations.<\/b><\/h3>\n<p>De nombreux professionnels de la sant\u00e9 exceptionnels de toutes sortes ont \u00e9tudi\u00e9 les m\u00e9thodes les plus efficaces pour traiter les l\u00e9sions caus\u00e9es par les vaccins et sont tous parvenus \u00e0 la m\u00eame conclusion : Il n&rsquo;existe pas de traitement unique permettant de gu\u00e9rir les l\u00e9sions caus\u00e9es par les vaccins \u00e0 ARNm. Ils ont tous propos\u00e9 des combinaisons des traitements les plus importants, principalement naturopathiques, mais pas seulement.<\/p>\n<h3><b>Cliquez <a href=\"https:\/\/safeblood.net\/en\/treatment-protocols\/\" target=\"_blank\" rel=\"noopener\">ici<\/a><\/b><b>\u00a0pour obtenir une liste des diff\u00e9rents protocoles<\/b><span style=\"font-size: 16px;\">,<\/span><\/h3>\n<p>qui sont souvent similaires, parfois compl\u00e8tement contraires, mais tous tr\u00e8s complets. Vous devrez trouver par vous-m\u00eame celui qui vous convient le mieux. Et vous aurez probablement envie de les combiner, peut-\u00eatre aussi avec la th\u00e9rapie par la fr\u00e9quence.<\/p>\n<hr \/>\n<h3><b>Gu\u00e9rison spirituelle<\/b><\/h3>\n<p>La gu\u00e9rison spirituelle fait \u00e9galement partie de la \u00ab\u00a0m\u00e9decine \u00e9nerg\u00e9tique\u00a0\u00bb, mais dans ce cas, elle est ind\u00e9pendante de tout appareil \u00e9lectronique. Ici, vous vous en remettez enti\u00e8rement \u00e0 un th\u00e9rapeute, un gu\u00e9risseur naturel, qui est un gu\u00e9risseur n\u00e9 et qui peut simplement r\u00e9tablir l&rsquo;\u00e9quilibre de votre sant\u00e9 gr\u00e2ce \u00e0 son \u00e9nergie ou, si vous le souhaitez, \u00e0 l&rsquo;\u00e9nergie divine. Le succ\u00e8s d\u00e9pend principalement du gu\u00e9risseur et de la chimie qui s&rsquo;\u00e9tablit entre vous et lui.<\/p>\n<p>C&rsquo;est pourquoi il n&rsquo;y a pas de lien vers la m\u00e9thode ici, mais vers notre page <a href=\"https:\/\/safeblood.net\/fr\/recherche-detablissements-medicaux\/\" target=\"_blank\" rel=\"noopener\"><span style=\"color: #800000;\">Trouver un \u00e9tablissement m\u00e9dical<\/span><\/a>, o\u00f9 vous pouvez rechercher directement des th\u00e9rapeutes et des gu\u00e9risseurs qui proposent cette m\u00e9thode.<br \/>\nMalheureusement, tr\u00e8s peu de gu\u00e9risseurs se sont encore inscrits sur cette page. Si vous en connaissez un, faites-lui savoir qu&rsquo;il peut \u00eatre ajout\u00e9 \u00e0 cette liste.<\/p>\n<hr \/>\n<p><b>Connaissez-vous une autre m\u00e9thode de traitement que nous ne connaissons pas encore ? Envoyez-nous un <\/b><strong><a href=\"mailto:george@safeblood.net\" target=\"_blank\" rel=\"noopener\">courriel<\/a>.<\/strong><\/p>\n<p><b>CLAUSE DE NON-RESPONSABILIT\u00c9 :<\/b><br \/>\nSAFE BLOOD NE FOURNIT PAS DE CONSEILS M\u00c9DICAUX.<br \/>\nLes informations, y compris, mais sans s&rsquo;y limiter, les textes, les graphiques, les images et tout autre mat\u00e9riel publi\u00e9 ou transmis par Safe Blood Donation et ses affili\u00e9s, directeurs, responsables, gestionnaires, employ\u00e9s ou autres repr\u00e9sentants sont uniquement destin\u00e9s \u00e0 des fins d&rsquo;information. Aucun mat\u00e9riel n&rsquo;est destin\u00e9 \u00e0 se substituer \u00e0 un conseil m\u00e9dical professionnel, \u00e0 un diagnostic ou \u00e0 un traitement. Demandez toujours l&rsquo;avis de votre fournisseur de soins de sant\u00e9 de confiance pour toute question que vous pourriez avoir concernant un \u00e9tat de sant\u00e9 ou un traitement, avant d&rsquo;entreprendre un nouveau r\u00e9gime de soins de sant\u00e9, et ne n\u00e9gligez jamais un avis m\u00e9dical professionnel ou ne tardez pas \u00e0 le demander \u00e0 cause de quelque chose que vous avez lu ou vu dans une publication ou une transmission de Safe Blood Donation.[\/vc_column_text][\/vc_column][\/vc_row]\n","protected":false},"excerpt":{"rendered":"<p>[vc_row type=\u00a0\u00bbin_container\u00a0\u00bb full_screen_row_position=\u00a0\u00bbmiddle\u00a0\u00bb column_margin=\u00a0\u00bbdefault\u00a0\u00bb column_direction=\u00a0\u00bbdefault\u00a0\u00bb column_direction_tablet=\u00a0\u00bbdefault\u00a0\u00bb column_direction_phone=\u00a0\u00bbdefault\u00a0\u00bb scene_position=\u00a0\u00bbcenter\u00a0\u00bb text_color=\u00a0\u00bbdark\u00a0\u00bb text_align=\u00a0\u00bbleft\u00a0\u00bb row_border_radius=\u00a0\u00bbnone\u00a0\u00bb row_border_radius_applies=\u00a0\u00bbbg\u00a0\u00bb overlay_strength=\u00a0\u00bb0.3&Prime; gradient_direction=\u00a0\u00bbleft_to_right\u00a0\u00bb shape_divider_position=\u00a0\u00bbbottom\u00a0\u00bb bg_image_animation=\u00a0\u00bbnone\u00a0\u00bb][vc_column column_padding=\u00a0\u00bbno-extra-padding\u00a0\u00bb column_padding_tablet=\u00a0\u00bbinherit\u00a0\u00bb column_padding_phone=\u00a0\u00bbinherit\u00a0\u00bb column_padding_position=\u00a0\u00bball\u00a0\u00bb column_element_spacing=\u00a0\u00bbdefault\u00a0\u00bb background_color_opacity=\u00a0\u00bb1&Prime; background_hover_color_opacity=\u00a0\u00bb1&Prime; column_shadow=\u00a0\u00bbnone\u00a0\u00bb column_border_radius=\u00a0\u00bbnone\u00a0\u00bb column_link_target=\u00a0\u00bb_self\u00a0\u00bb gradient_direction=\u00a0\u00bbleft_to_right\u00a0\u00bb overlay_strength=\u00a0\u00bb0.3&Prime; width=\u00a0\u00bb1\/1&Prime; tablet_width_inherit=\u00a0\u00bbdefault\u00a0\u00bb&#8230;<\/p>\n","protected":false},"author":2,"featured_media":0,"parent":0,"menu_order":0,"comment_status":"closed","ping_status":"closed","template":"","meta":[],"_links":{"self":[{"href":"https:\/\/safeblood.at\/fr\/wp-json\/wp\/v2\/pages\/77040"}],"collection":[{"href":"https:\/\/safeblood.at\/fr\/wp-json\/wp\/v2\/pages"}],"about":[{"href":"https:\/\/safeblood.at\/fr\/wp-json\/wp\/v2\/types\/page"}],"author":[{"embeddable":true,"href":"https:\/\/safeblood.at\/fr\/wp-json\/wp\/v2\/users\/2"}],"replies":[{"embeddable":true,"href":"https:\/\/safeblood.at\/fr\/wp-json\/wp\/v2\/comments?post=77040"}],"version-history":[{"count":8,"href":"https:\/\/safeblood.at\/fr\/wp-json\/wp\/v2\/pages\/77040\/revisions"}],"predecessor-version":[{"id":77406,"href":"https:\/\/safeblood.at\/fr\/wp-json\/wp\/v2\/pages\/77040\/revisions\/77406"}],"wp:attachment":[{"href":"https:\/\/safeblood.at\/fr\/wp-json\/wp\/v2\/media?parent=77040"}],"curies":[{"name":"wp","href":"https:\/\/api.w.org\/{rel}","templated":true}]}}