{"id":68368,"date":"2023-02-13T11:52:46","date_gmt":"2023-02-13T10:52:46","guid":{"rendered":"https:\/\/safeblood.at\/?page_id=68368"},"modified":"2025-05-10T19:14:31","modified_gmt":"2025-05-10T17:14:31","slug":"edit-volonta-in-vita","status":"publish","type":"page","link":"https:\/\/safeblood.at\/it\/edit-volonta-in-vita\/","title":{"rendered":"Edit volonta\u0300 in vita"},"content":{"rendered":"[vc_row type=&#8221;in_container&#8221; full_screen_row_position=&#8221;middle&#8221; column_margin=&#8221;default&#8221; column_direction=&#8221;default&#8221; column_direction_tablet=&#8221;default&#8221; column_direction_phone=&#8221;default&#8221; scene_position=&#8221;center&#8221; text_color=&#8221;dark&#8221; text_align=&#8221;left&#8221; row_border_radius=&#8221;none&#8221; row_border_radius_applies=&#8221;bg&#8221; overlay_strength=&#8221;0.3&#8243; gradient_direction=&#8221;left_to_right&#8221; shape_divider_position=&#8221;bottom&#8221; bg_image_animation=&#8221;none&#8221;][vc_column column_padding=&#8221;no-extra-padding&#8221; column_padding_tablet=&#8221;inherit&#8221; column_padding_phone=&#8221;inherit&#8221; column_padding_position=&#8221;all&#8221; column_element_spacing=&#8221;default&#8221; background_color_opacity=&#8221;1&#8243; background_hover_color_opacity=&#8221;1&#8243; column_shadow=&#8221;none&#8221; column_border_radius=&#8221;none&#8221; column_link_target=&#8221;_self&#8221; gradient_direction=&#8221;left_to_right&#8221; overlay_strength=&#8221;0.3&#8243; width=&#8221;1\/1&#8243; tablet_width_inherit=&#8221;default&#8221; tablet_text_alignment=&#8221;default&#8221; phone_text_alignment=&#8221;default&#8221; bg_image_animation=&#8221;none&#8221; border_type=&#8221;simple&#8221; column_border_width=&#8221;none&#8221; column_border_style=&#8221;solid&#8221;][vc_column_text]<strong>In questa pagina \u00e8 possibile personalizzare il proprio testamento biologico.<\/strong><\/p>\n<p>La prima parte: I &#8220;Dati personali del Disponente&#8221; e &#8220;Dati medici del Disponente&#8221; provengono direttamente dalla banca dati e non possono essere modificati qui, ma solo nella vostra area riservati ai membri alla voce <a href=\"https:\/\/safeblood.it\/it\/profile\/\" target=\"_blank\" rel=\"noopener\">https:\/\/safeblood.it\/it\/profile\/<\/a> (o con il codice del vostro Paese) dove premete &#8220;modifica&#8221;.<\/p>\n<p><strong>La seconda parte<\/strong>: Nel campo del testo, il testo predisposto per l\u2019introduzione delle proprie volonta\u0300, il testo che trovate come testamento biologico viene fornito solo come esempio. Potete modificare il testo a vostro piacimento. In ogni caso, \u00e8 necessario completare i punti in cui \u00e8 presente un virgolettata &#8220;&#8230;..&#8221;. Di seguito al virgolettata &#8220;&#8230;..&#8221; viene spiegato in ogni caso cosa si deve mettere al posto dei puntini (<em>ad esempio &#8220;nome + cognome&#8221;<\/em>). Si cancella quindi questo testo di spiegazione in corsivo.<\/p>\n<p><strong>Se non avete o non volete una &#8220;persona di fiducia&#8221;, cancellate tutto ci\u00f2 che la riguarda.<\/strong><\/p>\n<p>Se la persona di fiducia non ha il vostro stesso gruppo sanguigno, dovete modificare questo passaggio qui nel testo o cancellare l&#8217;intero passaggio.<\/p>\n<p><strong>Molto importante<\/strong>: quando avete personalizzato il vostro testamento biologico, <strong>salvatelo<\/strong> premendo il pulsante rosso &#8220;<strong>Salva modifiche<\/strong>&#8220;; se non lo fate, tutto torner\u00e0 al testo originale.<\/p>\n<p><strong>Dopo<\/strong> aver salvato le modifiche, \u00e8 possibile <strong>caricare una firma scansionata<\/strong>. A tal fine, selezionare il file contenente la firma (Choose file) e cliccare su \u201cCarica firma\u201d. Una volta visualizzato il messaggio \u201cFirma caricata con successo\u201d, il testamento biologico \u00e8 aggiornato.<br \/>\nSe non avete ancora una firma scannerizzata, fatene una su carta bianca e fotografatela o scannerizzatela prima di poterla caricare.<br \/>\n(Non caricare la firma alla voce \u201cCarica ID\u201d. Se vedete questa opzione, siete nella pagina sbagliata).<\/p>\n<p>Si consiglia <strong>di stampare il testamento biologico<\/strong> alla fine e di firmarlo a mano, in modo da poter consegnare la versione stampata in un secondo momento, se necessario.<\/p>\n<div class=\"page\" title=\"Page 1\">\n<div class=\"section\">\n<div class=\"layoutArea\">\n<div class=\"column\">\n<p><strong>NOTE PER LA COMPILAZIONE DELLA DAT (Disposizione Anticipata di Trattamento)<\/strong><\/p>\n<p>QUESTA E\u0300 LA NUOVA VERSIONE DEL TESTAMENTO BIOLOGICO CON L\u2019APPROPRIATA <strong>FORMULAZIONE LEGALE PER L\u2019ITALIA<\/strong>.<\/p>\n<p><strong>SE VIVI IN SVIZZERA (TICINO)<\/strong> ED UTILIZZI IL NOSTRO SITO IN ITALIANO, MANTIENI VALIDA LA VERSIONE PRECEDENTE CHE HAI GIA\u0300 COMPILATO.<br \/>\nSE INTENDI MODIFICARE LA TUA VERSIONE, SCRIVICI <a href=\"mailto:info@safeblood.it\" target=\"_blank\" rel=\"noopener\">UNA EMAIL<\/a> E NOI TI INVIEREMO IL TESTO DELLA VERSIONE INTERNAZIONALE, CHE POTRAI POI COPIARE E INSERIRE.<\/p>\n<p><strong>SE VIVI IN ITALIA<\/strong> ED HAI GIA\u0300 COMPILATO UNA PRECEDENTE VERSIONE CHE VUOI MODIFICARE:<\/p>\n<ol>\n<li>CLICCA SU \u201c<strong>MODIFICA VOLONTA\u0300 IN VITA\/TESTAMENTO BIOLOGICO<\/strong>\u201d CHE TI PORTERA\u0300 ALLA VERSIONE GIA\u0300 ESISTENTE.<\/li>\n<li>CLICCA SU \u201dSELEZIONA TUTTO (select all)\u201d E POI SU \u201dCANCELLA (delete)\u201d.<\/li>\n<li>CLICCA <a href=\"https:\/\/safeblood.at\/wp-content\/uploads\/2024\/04\/DISPOSIZIONE-ANTICIPATA-DI-TRATTAMENTO.pdf\" target=\"_blank\" rel=\"noopener\"><strong>QUI<\/strong><\/a>\u00a0PER VEDERE IL NUOVO TESTO.<\/li>\n<li>COPIA L\u2019INTERO TESTO CON \u201cSELEZIONA TUTTO&#8221; <em>(SCORCIATOIA DA TASTIERA &#8220;COMANDO+A&#8221;)<\/em>, E POI &#8220;COMANDO+C\u201d,\u00a0 E POI FAI \u201cINCOLLA&#8221; <em>(SCORCIATOIA DA TASTIERA &#8220;COMANDO+V&#8221;).<\/em><\/li>\n<li>\n<div class=\"page\" title=\"Page 1\">\n<div class=\"section\">\n<div class=\"layoutArea\">\n<div class=\"column\">AL POSTO DI QUELLO PRECEDENTE CHE HAI GIA\u0300 CANCELLATO.<br \/>\n<em>SE HAI PROBLEMI COPIARE IL TESTO, SCRIVICI <a href=\"mailto:info@safeblood.it\" target=\"_blank\" rel=\"noopener\">UNA EMAIL<\/a> E NOI TI INVIEREMO IL TESTO VIA EMAIL, CHE POTRAI POI COPIARE E INSERIRE<\/em><\/div>\n<\/div>\n<\/div>\n<\/div>\n<\/li>\n<li>UNA VOLTA INSERITO PUOI MODIFICARE IL TESTO INSERENDO LE TUE INFORMAZIONI DETTAGLIATE.<\/li>\n<\/ol>\n<p>Abbiamo modificato e adattato la forma delle Volonta\u0300 in Vita, o Testamento Biologico, affinche\u0301 fossero al 100% aderenti alle disposizioni della Legge italiana riguardanti il suo <strong>inserimento nel Registro Nazionale delle DAT<\/strong>. Se non hai ancora ultimato la compilazione delle tue volonta\u0300 qui sul sito SafeBlood, procedi e inserisci le informazioni necessarie.<\/p>\n<p>Se hai gia\u0300 compilato il documento nella modalita\u0300 precedente, allora premi \u201cmodifica Volonta\u0300 in Vita\u201d e segui le modalita\u0300 della procedura sopra descritta per compilare la nuova versione con i tuoi dati.<\/p>\n<div class=\"page\" title=\"Page 3\">\n<div class=\"section\">\n<div class=\"layoutArea\">\n<div class=\"column\">\n<p>La versione stampata comprendera\u0300 nella parte iniziale anche la versione internazionale dei dati originata automaticamente dal sistema informatico di SafeBlood per il Testamento Biologico, ma la nuova forma con l\u2019attuale dicitura e\u0300 quella conforme alla Legge italiana sulle DAT.<\/p>\n<\/div>\n<\/div>\n<\/div>\n<\/div>\n<p>Una volta stampata, la potrai poi portare all&#8217;Ufficio di Stato Civile del tuo Comune di residenza affinche\u0301 venga inserita nel Registro Nazionale delle Disposizioni Anticipate di Trattamento. Tutti i medici e i sanitari di tutte le strutture sono OBBLIGATI a connettersi con questo registro nazionale prima di intervenire su un paziente. Questa e\u0300 un\u2019ulteriore sicurezza affinche\u0301 le tue volonta\u0300 vengano seguite alla lettera e, nel malaugurato caso in cui non lo fossero, attribuisce ai professionisti e alle strutture le reciproche responsabilita\u0300 in caso di tua denuncia penale.<\/p>\n<p>Le DAT possono essere redatte in diverse forme:<\/p>\n<ul>\n<li>dal notaio (sia con atto pubblico, sia con scrittura privata in cui la persona scrive autonomamente le proprie volonta\u0300 e fa autenticare le firme dal notaio). In entrambi i casi il notaio conserva l\u2019originale;<\/li>\n<li><strong>come scrittura privata, consegnata dal disponente all&#8217;Ufficio di Stato Civile del Comune di residenza che provvede all\u2019annotazione in un apposito registro, ove istituito;<\/strong><\/li>\n<li>come scrittura privata, consegnata dal disponente presso le strutture sanitarie competenti nelle Regioni che abbiano regolamentato la raccolta delle DAT ed adottato modalita\u0300 telematiche di gestione della cartella clinica o il fascicolo sanitario elettronico o comunque altre modalita\u0300 di gestione dei dati dei singoli iscritti al Servizio Sanitario Nazionale.<\/li>\n<\/ul>\n<\/div>\n<\/div>\n<\/div>\n<\/div>\n<div class=\"page\" title=\"Page 2\">\n<div class=\"section\">\n<div class=\"layoutArea\">\n<div class=\"column\">\n<p>Le DAT sono esenti dall\u2019obbligo di registrazione, dall\u2019imposta di bollo e da qualsiasi altro tributo, imposta, diritto e tassa.<\/p>\n<p>Le persone con disabilita\u0300 fisiche possono esprimere le proprie DAT anche attraverso videoregistrazione o con l\u2019ausilio di altri dispositivi di comunicazione. Le DAT sono sempre modificabili e la legge non prevede alcun termine entro il quale debbano essere rinnovate dal disponente.<\/p>\n<p><strong>IL FIDUCIARIO<br \/>\n<\/strong>La legge prevede per il disponente la possibilita\u0300 di individuare, mediante una dichiarazione anticipata, una persona di fiducia che faccia le sue veci e che lo rappresenti nelle relazioni con i medici e i sanitari: il fiduciario. Il fiduciario deve essere una persona maggiorenne e capace di intendere e di volere. Il rapporto e\u0300 basato sulla reciproca \u201cfiducia\u201d: la nomina puo\u0300 essere revocata in ogni momento e il fiduciario e\u0300 libero di accettare o rifiutare l\u2019incarico. Le DAT sono valide anche se non contengono l\u2019indicazione di un fiduciario.<\/p>\n<p><strong>INFORMAZIONE MEDICA<br \/>\n<\/strong>Nel redigere le Disposizioni Anticipate di Trattamento sarebbe bene farsi assistere da un medico di fiducia (nel caso ideale il medico di base) il quale, con la sua firma, conferma che le Disposizioni Anticipate di Trattamento sono state rese dalla persona interessata nel pieno possesso delle sue facolta\u0300 mentali, previa illustrazione dei contenuti e delle possibili conseguenze delle disposizioni stabilite. Questa informazione dara\u0300 al personale sanitario e assistenziale, nonche\u0301 ai familiari della persona interessata, la certezza che le determinazioni assunte nelle Disposizioni Anticipate di Trattamento sono il risultato di una valutazione ponderata e informata. Si aumenta cosi\u0300 la probabilita\u0300 di una corretta attuazione delle volonta\u0300, in caso di effettiva necessita\u0300.<\/p>\n<p><strong>NOTE<\/strong><br \/>\nPer le DAT raccolte a partire dal 1 febbraio 2020 deve essere acquisito il consenso del disponente per la trasmissione di copia della DAT alla Banca Dati Nazionale delle DAT (ovvero indicare dove esse siano reperibili). Il disponente puo\u0300 anche esprimere il consenso per ricevere una notifica via email dell\u2019avvenuta registrazione delle proprie DAT nella Banca Dati Nazionale.<\/p>\n<\/div>\n<\/div>\n<\/div>\n<\/div>\n<h1>TESTAMENTO BIOLOGICO<\/h1><div class=\"patient_directive_table\"><div class=\"row\"><div class=\"col-full\">Persona responsabile con dati di contatto:<\/div><\/div><div class=\"row\"><div class=\"col-title\">SafeBlood Donation Numero di soci:<\/div><div class=\"col-data\"><\/div><\/div><div class=\"row\"><div class=\"col-title\">SafeBlood Collegare i dati personali:<\/div><div class=\"col-data\">https:\/\/sbl.onl\/-<\/div><\/div><div class=\"row\"><div class=\"col-title\">Nome, Cognome:<\/div><div class=\"col-data\"> <\/div><\/div><div class=\"row\"><div class=\"col-title\">Data di nascita:<\/div><div class=\"col-data\">01.01.1970<\/div><\/div><div class=\"row\"><div style=\"vertical-align:top;\" class=\"col-title\">Indirizzo postale:<\/div><div class=\"col-data\"> <br> <\/div><\/div><div class=\"row\"><div class=\"col-title\">Paese:<\/div><div class=\"col-data\"><\/div><\/div><div class=\"row\"><div class=\"col-title\">Mobile:<\/div><div class=\"col-data\"><\/div><\/div><div class=\"row\"><div class=\"col-title\">E-mail:<\/div><div class=\"col-data\"><\/div><\/div><div class=\"row\"><\/div><div class=\"row\"><div class=\"col-full\">Persona in possesso di dati medici:<\/div><\/div><div class=\"row\"><div class=\"col-title\">Gruppo sanguigno:<\/div><div class=\"col-data\"><\/div><\/div><div class=\"row\"><div class=\"col-title\">Gruppo sanguigno RH Kell:<\/div><div class=\"col-data\"><\/div><\/div><div class=\"row\"><div class=\"col-title\">Anticorpi:<\/div><div class=\"col-data\"><\/div><\/div><div class=\"row\"><div class=\"col-title\">Stato di vaccinazione Covid:<\/div><div class=\"col-data\"><\/div><\/div><div class=\"row\"><div class=\"col-title\">Informazioni di emergenza:<\/div><div class=\"col-data\"><\/div><\/div><\/div><br><br><br><br><p><form  name=\"edit_patient_directive\" method=\"POST\"><div id=\"wp-long_patient_directive-wrap\" class=\"wp-core-ui wp-editor-wrap tmce-active\"><link rel='stylesheet' id='dashicons-css'  href='https:\/\/safeblood.at\/wp-includes\/css\/dashicons.min.css?ver=6.0.3' type='text\/css' media='all' \/>\n<link rel='stylesheet' id='editor-buttons-css'  href='https:\/\/safeblood.at\/wp-includes\/css\/editor.min.css?ver=6.0.3' type='text\/css' media='all' \/>\n<div id=\"wp-long_patient_directive-editor-container\" class=\"wp-editor-container\"><textarea class=\"wp-editor-area\" rows=\"10\" autocomplete=\"off\" cols=\"40\" name=\"long_patient_directive\" id=\"long_patient_directive\">&lt;h3&gt;Verf\u00fcgende und vertretungsberechtigte Person&lt;\/h3&gt;\r\nIch, ... &lt;em&gt;(Vorname + Name)&lt;\/em&gt;, ernenne folgende vertretungsberechtigte Person, die im Falle meiner Urteilsunfa\u0308higkeit mit der behandelnden \u00c4rztin oder dem behandelnden Arzt die medizinischen Massnahmen besprechen und in meinem Namen entscheiden soll.\r\n&lt;h3&gt;Vertretungsberechtigte Vertrauensperson&lt;\/h3&gt;\r\n... &lt;em&gt;(Name, Adresse, Email + Tel.)&lt;\/em&gt;\r\nEs besteht ein besonderes Vertrauensverh\u00e4ltnis, kein Interessenkonflikt, die Person ist in der Lage, meine Werte und Haltungen auch in Ernstsituationen durchzusetzen. Sie vertritt mich zu 100% bei jeder Entscheidung.\r\n&lt;h3&gt;Medizinische Behandlungen in einer Notfallsituation:&lt;\/h3&gt;\r\nDurchgef\u00fchrt werden d\u00fcrfen und sollen s\u00e4mtliche auf der Intensivstation in Notfallsituationen normalerweise angewendeten Massnahmen, in Absprache mit der von mir genannten vertretungsberechtigten Person, mit folgenden Ausnahmen:\r\n\r\n&lt;strong&gt;Keine maschinelle Intubation.&lt;\/strong&gt;\r\n\r\n&lt;strong&gt;Keine Verwendung von Blutkonserven, &lt;\/strong&gt;es sei denn, sie tragen das Attribut \"nur f\u00fcr Safeblood-Mitglieder verwenden\". Im Notfall will ich aus pers\u00f6nlichen Gr\u00fcnden Blut ausschlie\u00dflich von meiner oben genannten Vertrauensperson gespendet bekommen - sie hat eine kompatible Blutgruppe. Ich akzeptiere ihr Blut im Notfall auch als Direkttransfusion ohne jegliche Aufbereitung. Meine Vertrauensperson ist bei jedem terminierten Eingriff pers\u00f6nlich anwesend und kann daher unmittelbar als Blutspender dienen. Ist sie ausnahmsweise direkt nicht verf\u00fcgbar, bestimmt nur sie, oder die Organisation SafeBlood Donation, einen geeigneten Ersatz - in der Regel die oben erw\u00e4hnte Blutkonserve mit der Bezeichnung \"nur f\u00fcr Safeblood-Mitglieder verwenden\".\r\n&lt;strong&gt;Transfusionen sollen nur bei lebensbedrohlichen Situationen angewendet werden&lt;\/strong&gt;, und erst, wenn der H\u00e4moglobinwert unter 5 g\/dl liegt, und nachdem alle Optionen ausgesch\u00f6pft worden sind, wie Volumenexpander (Kochsalz, Dextran, Haemaccel, Ringer-Laktat-L\u00f6sung. Hydroxy\u00e4thylst\u00e4rke H\u00c4S) oder \u00e4hnliches, und Methoden wie Elektrokauter, Eisenpr\u00e4parate (intramuskul\u00e4r oder intraven\u00f6s), k\u00fcnstlich hergestelltes ESF, &lt;strong&gt;oder und insbesondere&lt;\/strong&gt; Absaugen des Blutes aus der Wunde und R\u00fcckf\u00fchrung in den Kreislauf (Autotransfusion ATS\/MAT oder Re-Transfusion ADR).\r\n\r\nTelefon SafeBlood Donation Switzerland: +41 79 55 99 079\r\n&lt;h3&gt;Organspende&lt;\/h3&gt;\r\nIch m\u00f6chte keine Spenderin sein, au\u00dfer f\u00fcr direkte Verwandte in einer lebensbedrohlichen Situation.\r\n\r\n&amp;nbsp;\r\n\r\n\u2026., \u2026.., .....&lt;em&gt; (Vorname + Name, Ort, Datum)&lt;\/em&gt;\r\n&lt;strong&gt;Digital unterschrieben&lt;\/strong&gt; im Mitgliederbereich von SafeBlood.net\r\n(Das unterschriebene Original\/Papierversion kann auf Verlangen nachgeliefert werden.)\r\n\r\n&amp;nbsp;\r\n\r\n.............................................................................................................\r\n\r\n&lt;em&gt;(Unterschrift f\u00fcr die gedruckte Version)&lt;\/em&gt;<\/textarea><\/div>\n<\/div>\n\n<br><br><input type=\"submit\" name=\"edit\" value=\"Salva le modifiche\" \/> <a href=\"\/it\/tessera-socio-e-volonta-in-vita\/?id=\"  class=\"nectar-button regular       regular-button \">Indietro<\/a> <input type=\"submit\" style=\"background-color:black;\" name=\"preview\" value=\"Visualizza il testamento biologico\" \/><input type=\"hidden\" name=\"code\" value=\"\" \/><input type=\"hidden\" name=\"edit_patient_directive\" value=\"\" \/><\/form><p class=\"signature-error\">Error: User ID is required.<\/p><\/p>\n\t<style>\n\t.patient_directive_table .row {\n\t\twidth: 90%;\n\t}\n\t\n\t.row, div.clear {\n\t\tpadding-bottom: 0;\n\t}\n\t\n\t.patient_directive_table .row:nth-child(2n) {\n\t\tbackground: #f6f7f7;\n\t}\n\t\n\t.patient_directive_table .col-full {\n\t\twidth: 100%;\n\t\tfont-weight: bold;\n\t\tmargin-left:5mm;\n\t}\n\t\n\t.patient_directive_table .col-title {\n\t\twidth: 34%;\n\t\tdisplay: inline-block;\n\t\tvertical-align:top;\n\t\tmargin-left:10mm;\n\t}\n\t\n\t.patient_directive_table .col-data {\n\t\twidth: 58%;\n\t\tdisplay: inline-block;\n\t\tvertical-align:top;\n\t\tpadding-left: 10mm;\n\t}\n\t\n\t@media print  {\n\t\tbody {\n\t\t  margin: 0;\n\t\t  color: #000;\n\t\t  background-color: #fff;\n\t\t}\n\t\n\t\t#footer-outer,.pd-buttons {display: none;}\n\t\t#header-outer {display: block; z-index: 0;}\n\t\n\t}\n\t\n\t.heading-title {display: none;}\n\t<\/style>\n[\/vc_column_text][\/vc_column][\/vc_row]\n","protected":false},"excerpt":{"rendered":"<p>[vc_row type=&#8221;in_container&#8221; full_screen_row_position=&#8221;middle&#8221; column_margin=&#8221;default&#8221; column_direction=&#8221;default&#8221; column_direction_tablet=&#8221;default&#8221; column_direction_phone=&#8221;default&#8221; scene_position=&#8221;center&#8221; text_color=&#8221;dark&#8221; text_align=&#8221;left&#8221; row_border_radius=&#8221;none&#8221; row_border_radius_applies=&#8221;bg&#8221; overlay_strength=&#8221;0.3&#8243; gradient_direction=&#8221;left_to_right&#8221; shape_divider_position=&#8221;bottom&#8221; bg_image_animation=&#8221;none&#8221;][vc_column column_padding=&#8221;no-extra-padding&#8221; column_padding_tablet=&#8221;inherit&#8221; column_padding_phone=&#8221;inherit&#8221; column_padding_position=&#8221;all&#8221; column_element_spacing=&#8221;default&#8221; background_color_opacity=&#8221;1&#8243; background_hover_color_opacity=&#8221;1&#8243; column_shadow=&#8221;none&#8221; column_border_radius=&#8221;none&#8221; column_link_target=&#8221;_self&#8221; gradient_direction=&#8221;left_to_right&#8221; overlay_strength=&#8221;0.3&#8243; width=&#8221;1\/1&#8243; tablet_width_inherit=&#8221;default&#8221;&#8230;<\/p>\n","protected":false},"author":2,"featured_media":0,"parent":0,"menu_order":0,"comment_status":"closed","ping_status":"closed","template":"","meta":[],"_links":{"self":[{"href":"https:\/\/safeblood.at\/it\/wp-json\/wp\/v2\/pages\/68368"}],"collection":[{"href":"https:\/\/safeblood.at\/it\/wp-json\/wp\/v2\/pages"}],"about":[{"href":"https:\/\/safeblood.at\/it\/wp-json\/wp\/v2\/types\/page"}],"author":[{"embeddable":true,"href":"https:\/\/safeblood.at\/it\/wp-json\/wp\/v2\/users\/2"}],"replies":[{"embeddable":true,"href":"https:\/\/safeblood.at\/it\/wp-json\/wp\/v2\/comments?post=68368"}],"version-history":[{"count":13,"href":"https:\/\/safeblood.at\/it\/wp-json\/wp\/v2\/pages\/68368\/revisions"}],"predecessor-version":[{"id":79585,"href":"https:\/\/safeblood.at\/it\/wp-json\/wp\/v2\/pages\/68368\/revisions\/79585"}],"wp:attachment":[{"href":"https:\/\/safeblood.at\/it\/wp-json\/wp\/v2\/media?parent=68368"}],"curies":[{"name":"wp","href":"https:\/\/api.w.org\/{rel}","templated":true}]}}