{"id":68383,"date":"2023-02-13T12:03:34","date_gmt":"2023-02-13T11:03:34","guid":{"rendered":"https:\/\/safeblood.at\/?page_id=68383"},"modified":"2023-11-13T15:38:28","modified_gmt":"2023-11-13T14:38:28","slug":"tessera-socio-e-volonta-in-vita","status":"publish","type":"page","link":"https:\/\/safeblood.at\/it\/tessera-socio-e-volonta-in-vita\/","title":{"rendered":"Tessera socio e  volonta\u0300 in vita"},"content":{"rendered":"[vc_row type=&#8221;in_container&#8221; full_screen_row_position=&#8221;middle&#8221; column_margin=&#8221;default&#8221; column_direction=&#8221;default&#8221; column_direction_tablet=&#8221;default&#8221; column_direction_phone=&#8221;default&#8221; scene_position=&#8221;center&#8221; text_color=&#8221;dark&#8221; text_align=&#8221;left&#8221; row_border_radius=&#8221;none&#8221; row_border_radius_applies=&#8221;bg&#8221; overlay_strength=&#8221;0.3&#8243; gradient_direction=&#8221;left_to_right&#8221; shape_divider_position=&#8221;bottom&#8221; bg_image_animation=&#8221;none&#8221;][vc_column column_padding=&#8221;no-extra-padding&#8221; column_padding_tablet=&#8221;inherit&#8221; column_padding_phone=&#8221;inherit&#8221; column_padding_position=&#8221;all&#8221; column_element_spacing=&#8221;default&#8221; background_color_opacity=&#8221;1&#8243; background_hover_color_opacity=&#8221;1&#8243; column_shadow=&#8221;none&#8221; column_border_radius=&#8221;none&#8221; column_link_target=&#8221;_self&#8221; gradient_direction=&#8221;left_to_right&#8221; overlay_strength=&#8221;0.3&#8243; width=&#8221;1\/1&#8243; tablet_width_inherit=&#8221;default&#8221; tablet_text_alignment=&#8221;default&#8221; phone_text_alignment=&#8221;default&#8221; bg_image_animation=&#8221;none&#8221; border_type=&#8221;simple&#8221; column_border_width=&#8221;none&#8221; column_border_style=&#8221;solid&#8221;][vc_column_text]\n<h3>Tessera socio:<\/h3>\n<p>In questa pagina si trova <strong>la carta d&#8217;identit\u00e0 del socio<\/strong>, che funge anche da carta d&#8217;identit\u00e0 del gruppo sanguigno. I dati sono stati inseriti da voi stessi al momento della registrazione come socio e possono essere modificati in qualsiasi momento (ad esempio, le informazioni di emergenza) nel vostro account. (<a href=\"https:\/\/safeblood.it\/it\/profile\/\" target=\"_blank\" rel=\"noopener\">Profile<\/a>). Questa carta d&#8217;identit\u00e0 contiene anche <strong>un breve modulo del testamento biologico<\/strong>.<br \/>\nPotete <strong>stampare la carta d&#8217;identit\u00e0 qui<\/strong> (pulsante &#8220;stampa tessera socio&#8221;), a casa, in ufficio, da un fornitore online o in una copisteria. Su carta (stampata, piegata e plastificata) o su carta plastificata.<br \/>\n\u00c8 anche possibile utilizzarla <strong>in modo digitale<\/strong>, ad esempio scaricandola sul proprio smartphone (pulsante &#8220;salva come immagine&#8221;) e salvandola nel proprio album fotografico o in Apple Wallet o simili.<br \/>\nInoltre, \u00e8 possibile importare <strong>l&#8217;ID membro e il testamento biologico<\/strong> tramite il codice di emergenza sottostante direttamente nelle informazioni di emergenza dello smartphone, che il personale medico di emergenza pu\u00f2 recuperare senza dover sbloccare il telefono.<br \/>\nIl <strong>codice QR<\/strong> e il link sopra di esso sono destinati anche <strong>al personale medico di emergenza<\/strong>. La scansione di questo codice\/link condurr\u00e0 direttamente al vostro testamento biologico e a tutti i dati medici rilevanti, in una versione speciale solo per i medici, che vi troveranno la possibilit\u00e0 di tradurre questi dati nelle principali lingue del mondo in pochi secondi.<br \/>\n<strong>Si noti che, affinch\u00e9 il codice QR funzioni, \u00e8 necessario adattare, firmare e salvare il testamento biologico. In caso contrario, il codice QR far\u00e0 riferimento a un testamento biologico inesistente e generer\u00e0 un messaggio di errore.<\/strong><\/p>\n<p><strong>(Per ulteriori informazioni sulla carta socio, consultare il sito web <a href=\"https:\/\/safeblood.it\/it\/ufaq\/lid-come-membro-la-carta-del-gruppo-sanguigno\/\" target=\"_blank\" rel=\"noopener\">qui<\/a>).<\/strong><\/p>\n<h3>Testamento biologico:<\/h3>\n<p>Il pulsante &#8220;visualizza testamento biologico&#8221; consente di <strong>visualizzare il proprio testamento biologico<\/strong>. Prima di poterlo fare, tuttavia, <strong>\u00e8 necessario modificarlo e salvarlo<\/strong> (pulsante &#8220;modifica decreto del paziente&#8221;). Questo pulsante vi porter\u00e0 alla schermata di modifica, dove potrete personalizzare la direttiva come desiderate e dove verr\u00e0 spiegata la procedura. Non dimenticate di salvarla prima.<\/p>\n<p><strong>(Ulteriori informazioni sul testamento biologico sono disponibili <a href=\"https:\/\/safeblood.it\/it\/ufaq\/testamento-biologico-volonta-in-vita-direttiva-del-paziente\/\" target=\"_blank\" rel=\"noopener\">qui<\/a>).<\/strong><\/p>\n<div class=\"members-id\"><h2>Tessera socio e  volonta\u0300 in vita<\/h2><iframe id=\"membercard\" width=\"100%\" style=\"height:6cm;\" src=\"\/it\/tessera-socio\/?id=\"><\/iframe><\/div><div class=\"member-prints\"><a href=\"#\" class=\"nectar-button regular   has-icon jumbo regular-button \" onclick=\"document.getElementById('membercard').contentWindow.print();\" ><i class=\"fa fa-print\"><\/i>\nStampa della tessera associativa<\/a> <a href=\"#\" class=\"nectar-button save_as_image regular  has-icon jumbo    regular-button \"><i class=\"fa fa-picture-o\" aria-hidden=\"true\"><\/i>Salva come immagine<\/a> <a href=\"\/it\/edit-volonta-in-vita\/?code=-\" class=\"nectar-button regular  has-icon jumbo    regular-button \"><i class=\"fa fa-file-text\" aria-hidden=\"true\"><\/i>Edit volonta in vita<\/a> <a target=\"_blank\" href=\"https:\/\/sbl.onl\/-\" class=\"nectar-button regular   has-icon jumbo  regular-button \"><i class=\"fa fa-eye\" aria-hidden=\"true\"><\/i>Visualizza il testamento biologico<\/a><\/div>\n<script src=\"https:\/\/safeblood.at\/wp-content\/plugins\/save-my-frame-as-screenshot\/html2canvas.min.js\" ><\/script>\n\t<script>\n\t\t\njQuery(\".save_as_image\").click(function(){\n\t\n                                \n                                if (jQuery(window).width() > 1000) {\n                                        document.getElementById(\"membercard\").width = \"50%\";\n                                }\n                        \n                               html2canvas(jQuery(\"#membercard\").contents().find('.both-sides')[0],{\n  width: 325,\n  height: 412\n}).then(canvas => {\n                                                                                   document.querySelector(\".image-content\").style.display =\"none\";\n            document.querySelector(\".image-content\").appendChild(canvas);\n                                                                                  return canvas;\n                                                                                  \n                                                            \n\n                       \n                                                        \n                                                                                  }).then(canvas => {\n                                                                                      const image = canvas.toDataURL('image\/png').replace('image\/png', 'image\/octet-stream')\n                                                                                      const a = document.createElement('a')\n                                                                                      a.setAttribute('download', 'safeblood-membercard.png')\n                                                                                      a.setAttribute('href', image)\n                                                                                      a.click()\n                                                                                      canvas.remove()\n                                                                                          document.getElementById(\"membercard\").width = \"100%\";\n                                                                                  })\n                               \n                               \n                               ;});\n\t\t\n<\/script>\n<div class=\"image-content\"><\/div>\n\n\n<hr \/>\n<h3>Informazioni di emergenza<\/h3>\n<p>Impostate le informazioni di emergenza sul vostro telefono con il seguente codice, ma solo dopo aver personalizzato e salvato il testamento biologico. Copiate questo codice nella vostra applicazione medica &#8211; un esempio di foto che mostra come e dove inserire il codice si trova in fondo a questa pagina:<br \/>\n\n<p><strong>(Maggiori informazioni sulle informazioni di emergenza sono disponibili <a href=\"https:\/\/safeblood.it\/it\/ufaq\/informazioni-di-emergenza-codice-qr-link\/\" target=\"_blank\" rel=\"noopener\">qui<\/a>).<\/strong><\/p>\n<p>Per <a href=\"https:\/\/support.google.com\/android\/answer\/9319337?hl=en\" target=\"_blank\" rel=\"noopener\">Android<\/a><br \/>\nPer <a href=\"https:\/\/support.apple.com\/en-us\/HT207021\" target=\"_blank\" rel=\"noopener\">iPhone<\/a><\/p>\n<p>Qui potete vedere dove potete utilizzare il codice e cos&#8217;altro potete aggiungere se lo desiderate:<\/p>\n<p><a href=\"https:\/\/safeblood.at\/wp-content\/uploads\/2023\/11\/medical-info-example.jpg\"><img loading=\"lazy\" class=\"aligncenter size-large wp-image-73144\" src=\"https:\/\/safeblood.at\/wp-content\/uploads\/2023\/11\/medical-info-example-576x1024.jpg\" alt=\"\" width=\"576\" height=\"1024\" srcset=\"https:\/\/safeblood.at\/wp-content\/uploads\/2023\/11\/medical-info-example-576x1024.jpg 576w, https:\/\/safeblood.at\/wp-content\/uploads\/2023\/11\/medical-info-example-169x300.jpg 169w, https:\/\/safeblood.at\/wp-content\/uploads\/2023\/11\/medical-info-example.jpg 750w\" sizes=\"(max-width: 576px) 100vw, 576px\" \/><\/a>[\/vc_column_text][\/vc_column][\/vc_row]\n","protected":false},"excerpt":{"rendered":"<p>[vc_row type=&#8221;in_container&#8221; full_screen_row_position=&#8221;middle&#8221; column_margin=&#8221;default&#8221; column_direction=&#8221;default&#8221; column_direction_tablet=&#8221;default&#8221; column_direction_phone=&#8221;default&#8221; scene_position=&#8221;center&#8221; text_color=&#8221;dark&#8221; text_align=&#8221;left&#8221; row_border_radius=&#8221;none&#8221; row_border_radius_applies=&#8221;bg&#8221; overlay_strength=&#8221;0.3&#8243; gradient_direction=&#8221;left_to_right&#8221; shape_divider_position=&#8221;bottom&#8221; bg_image_animation=&#8221;none&#8221;][vc_column column_padding=&#8221;no-extra-padding&#8221; column_padding_tablet=&#8221;inherit&#8221; column_padding_phone=&#8221;inherit&#8221; column_padding_position=&#8221;all&#8221; column_element_spacing=&#8221;default&#8221; background_color_opacity=&#8221;1&#8243; background_hover_color_opacity=&#8221;1&#8243; column_shadow=&#8221;none&#8221; column_border_radius=&#8221;none&#8221; column_link_target=&#8221;_self&#8221; gradient_direction=&#8221;left_to_right&#8221; overlay_strength=&#8221;0.3&#8243; width=&#8221;1\/1&#8243; tablet_width_inherit=&#8221;default&#8221;&#8230;<\/p>\n","protected":false},"author":2,"featured_media":0,"parent":0,"menu_order":0,"comment_status":"closed","ping_status":"closed","template":"","meta":[],"_links":{"self":[{"href":"https:\/\/safeblood.at\/it\/wp-json\/wp\/v2\/pages\/68383"}],"collection":[{"href":"https:\/\/safeblood.at\/it\/wp-json\/wp\/v2\/pages"}],"about":[{"href":"https:\/\/safeblood.at\/it\/wp-json\/wp\/v2\/types\/page"}],"author":[{"embeddable":true,"href":"https:\/\/safeblood.at\/it\/wp-json\/wp\/v2\/users\/2"}],"replies":[{"embeddable":true,"href":"https:\/\/safeblood.at\/it\/wp-json\/wp\/v2\/comments?post=68383"}],"version-history":[{"count":8,"href":"https:\/\/safeblood.at\/it\/wp-json\/wp\/v2\/pages\/68383\/revisions"}],"predecessor-version":[{"id":73152,"href":"https:\/\/safeblood.at\/it\/wp-json\/wp\/v2\/pages\/68383\/revisions\/73152"}],"wp:attachment":[{"href":"https:\/\/safeblood.at\/it\/wp-json\/wp\/v2\/media?parent=68383"}],"curies":[{"name":"wp","href":"https:\/\/api.w.org\/{rel}","templated":true}]}}