{"id":76814,"date":"2024-06-27T12:04:37","date_gmt":"2024-06-27T10:04:37","guid":{"rendered":"https:\/\/safeblood.at\/?page_id=76814"},"modified":"2025-12-29T17:01:17","modified_gmt":"2025-12-29T16:01:17","slug":"biorisonanza-di-biophotonic","status":"publish","type":"page","link":"https:\/\/safeblood.at\/it\/biorisonanza-di-biophotonic\/","title":{"rendered":"BioRisonanza di BioPhotonic"},"content":{"rendered":"[vc_row type=&#8221;in_container&#8221; full_screen_row_position=&#8221;middle&#8221; column_margin=&#8221;default&#8221; column_direction=&#8221;default&#8221; column_direction_tablet=&#8221;default&#8221; column_direction_phone=&#8221;default&#8221; scene_position=&#8221;center&#8221; text_color=&#8221;dark&#8221; text_align=&#8221;left&#8221; row_border_radius=&#8221;none&#8221; row_border_radius_applies=&#8221;bg&#8221; overlay_strength=&#8221;0.3&#8243; gradient_direction=&#8221;left_to_right&#8221; shape_divider_position=&#8221;bottom&#8221; bg_image_animation=&#8221;none&#8221; shape_type=&#8221;&#8221;][vc_column column_padding=&#8221;no-extra-padding&#8221; column_padding_tablet=&#8221;inherit&#8221; column_padding_phone=&#8221;inherit&#8221; column_padding_position=&#8221;all&#8221; top_margin=&#8221;-90&#8243; top_margin_tablet=&#8221;-90&#8243; top_margin_phone=&#8221;-90&#8243; column_element_spacing=&#8221;default&#8221; background_color_opacity=&#8221;1&#8243; background_hover_color_opacity=&#8221;1&#8243; column_shadow=&#8221;none&#8221; column_border_radius=&#8221;none&#8221; column_link_target=&#8221;_self&#8221; gradient_direction=&#8221;left_to_right&#8221; overlay_strength=&#8221;0.3&#8243; width=&#8221;1\/3&#8243; tablet_width_inherit=&#8221;default&#8221; tablet_text_alignment=&#8221;default&#8221; phone_text_alignment=&#8221;default&#8221; bg_image_animation=&#8221;none&#8221; border_type=&#8221;simple&#8221; column_border_width=&#8221;none&#8221; column_border_style=&#8221;solid&#8221;][image_with_animation image_url=&#8221;76533&#8243; animation=&#8221;None&#8221; hover_animation=&#8221;none&#8221; alignment=&#8221;&#8221; img_link_target=&#8221;_blank&#8221; border_radius=&#8221;none&#8221; box_shadow=&#8221;none&#8221; image_loading=&#8221;default&#8221; max_width=&#8221;100%&#8221; max_width_mobile=&#8221;default&#8221; margin_top=&#8221;70&#8243; margin_top_tablet=&#8221;40&#8243; margin_top_phone=&#8221;40&#8243; img_link=&#8221;https:\/\/safeblood.net\/&#8221;][\/vc_column][vc_column column_padding=&#8221;no-extra-padding&#8221; column_padding_tablet=&#8221;inherit&#8221; column_padding_phone=&#8221;inherit&#8221; column_padding_position=&#8221;all&#8221; top_margin=&#8221;-90&#8243; top_margin_tablet=&#8221;-90&#8243; top_margin_phone=&#8221;-90&#8243; column_element_spacing=&#8221;default&#8221; background_color_opacity=&#8221;1&#8243; background_hover_color_opacity=&#8221;1&#8243; column_shadow=&#8221;none&#8221; column_border_radius=&#8221;none&#8221; column_link_target=&#8221;_self&#8221; gradient_direction=&#8221;left_to_right&#8221; overlay_strength=&#8221;0.3&#8243; width=&#8221;1\/3&#8243; tablet_width_inherit=&#8221;default&#8221; tablet_text_alignment=&#8221;default&#8221; phone_text_alignment=&#8221;default&#8221; bg_image_animation=&#8221;none&#8221; border_type=&#8221;simple&#8221; column_border_width=&#8221;none&#8221; column_border_style=&#8221;solid&#8221;][image_with_animation image_url=&#8221;76493&#8243; animation=&#8221;None&#8221; hover_animation=&#8221;none&#8221; alignment=&#8221;center&#8221; img_link_target=&#8221;_blank&#8221; border_radius=&#8221;none&#8221; box_shadow=&#8221;none&#8221; image_loading=&#8221;default&#8221; max_width=&#8221;75%&#8221; max_width_mobile=&#8221;default&#8221; margin_top=&#8221;50&#8243; margin_top_tablet=&#8221;50&#8243; margin_top_phone=&#8221;50&#8243; img_link=&#8221;https:\/\/biophotonic.uk\/&#8221; margin_left=&#8221;10&#8243; margin_left_tablet=&#8221;10&#8243; margin_left_phone=&#8221;10&#8243;][\/vc_column][vc_column column_padding=&#8221;no-extra-padding&#8221; column_padding_tablet=&#8221;inherit&#8221; column_padding_phone=&#8221;inherit&#8221; column_padding_position=&#8221;all&#8221; top_margin=&#8221;-90&#8243; top_margin_tablet=&#8221;-90&#8243; top_margin_phone=&#8221;-90&#8243; column_element_spacing=&#8221;default&#8221; background_color_opacity=&#8221;1&#8243; background_hover_color_opacity=&#8221;1&#8243; column_shadow=&#8221;none&#8221; column_border_radius=&#8221;none&#8221; column_link_target=&#8221;_self&#8221; gradient_direction=&#8221;left_to_right&#8221; overlay_strength=&#8221;0.3&#8243; width=&#8221;1\/3&#8243; tablet_width_inherit=&#8221;default&#8221; tablet_text_alignment=&#8221;default&#8221; phone_text_alignment=&#8221;default&#8221; bg_image_animation=&#8221;none&#8221; border_type=&#8221;simple&#8221; column_border_width=&#8221;none&#8221; column_border_style=&#8221;solid&#8221;][image_with_animation image_url=&#8221;76553&#8243; animation=&#8221;None&#8221; hover_animation=&#8221;none&#8221; alignment=&#8221;&#8221; img_link_target=&#8221;_blank&#8221; border_radius=&#8221;none&#8221; box_shadow=&#8221;none&#8221; image_loading=&#8221;default&#8221; max_width=&#8221;100%&#8221; max_width_mobile=&#8221;default&#8221; margin_top=&#8221;50&#8243; margin_top_tablet=&#8221;55&#8243; margin_top_phone=&#8221;55&#8243; img_link=&#8221;https:\/\/safereproduction.net\/&#8221;][\/vc_column][\/vc_row][vc_row type=&#8221;in_container&#8221; full_screen_row_position=&#8221;middle&#8221; column_margin=&#8221;default&#8221; column_direction=&#8221;default&#8221; column_direction_tablet=&#8221;default&#8221; column_direction_phone=&#8221;default&#8221; scene_position=&#8221;center&#8221; text_color=&#8221;dark&#8221; text_align=&#8221;left&#8221; row_border_radius=&#8221;none&#8221; row_border_radius_applies=&#8221;bg&#8221; overlay_strength=&#8221;0.3&#8243; gradient_direction=&#8221;left_to_right&#8221; shape_divider_position=&#8221;bottom&#8221; bg_image_animation=&#8221;none&#8221;][vc_column column_padding=&#8221;no-extra-padding&#8221; column_padding_tablet=&#8221;inherit&#8221; column_padding_phone=&#8221;inherit&#8221; column_padding_position=&#8221;all&#8221; column_element_spacing=&#8221;default&#8221; background_color_opacity=&#8221;1&#8243; background_hover_color_opacity=&#8221;1&#8243; column_shadow=&#8221;none&#8221; column_border_radius=&#8221;none&#8221; column_link_target=&#8221;_self&#8221; gradient_direction=&#8221;left_to_right&#8221; overlay_strength=&#8221;0.3&#8243; width=&#8221;1\/1&#8243; tablet_width_inherit=&#8221;default&#8221; tablet_text_alignment=&#8221;default&#8221; phone_text_alignment=&#8221;default&#8221; bg_image_animation=&#8221;none&#8221; border_type=&#8221;simple&#8221; column_border_width=&#8221;none&#8221; column_border_style=&#8221;solid&#8221;][vc_column_text css=&#8221;.vc_custom_1719485116818{margin-top: -50px !important;}&#8221;]\n<h2 style=\"text-align: center;\"><strong>La BioRisonanza di BioPhotonic<\/strong><\/h2>\n[\/vc_column_text][\/vc_column][\/vc_row][vc_row type=&#8221;in_container&#8221; full_screen_row_position=&#8221;middle&#8221; column_margin=&#8221;default&#8221; column_direction=&#8221;default&#8221; column_direction_tablet=&#8221;default&#8221; column_direction_phone=&#8221;default&#8221; scene_position=&#8221;center&#8221; text_color=&#8221;dark&#8221; text_align=&#8221;left&#8221; row_border_radius=&#8221;none&#8221; row_border_radius_applies=&#8221;bg&#8221; overlay_strength=&#8221;0.3&#8243; gradient_direction=&#8221;left_to_right&#8221; shape_divider_position=&#8221;bottom&#8221; bg_image_animation=&#8221;none&#8221;][vc_column column_padding=&#8221;no-extra-padding&#8221; column_padding_tablet=&#8221;inherit&#8221; column_padding_phone=&#8221;inherit&#8221; column_padding_position=&#8221;all&#8221; column_element_spacing=&#8221;default&#8221; background_color_opacity=&#8221;1&#8243; background_hover_color_opacity=&#8221;1&#8243; column_shadow=&#8221;none&#8221; column_border_radius=&#8221;none&#8221; column_link_target=&#8221;_self&#8221; gradient_direction=&#8221;left_to_right&#8221; overlay_strength=&#8221;0.3&#8243; width=&#8221;1\/1&#8243; tablet_width_inherit=&#8221;default&#8221; tablet_text_alignment=&#8221;default&#8221; phone_text_alignment=&#8221;default&#8221; bg_image_animation=&#8221;none&#8221; border_type=&#8221;simple&#8221; column_border_width=&#8221;none&#8221; column_border_style=&#8221;solid&#8221;][vc_column_text css=&#8221;.vc_custom_1767024073052{margin-top: -20px !important;}&#8221;]Dall&#8217;inizio delle nostre attivit\u00e0 con <a href=\"https:\/\/safeblood.it\/it\/\" target=\"_blank\" rel=\"noopener\">SafeBlood<\/a> e <a href=\"https:\/\/safereproduction.net\/\" target=\"_blank\" rel=\"noopener\">Safereproduction<\/a> siamo alla ricerca di metodi di trattamento efficaci che aiutino a rimuovere i residui nocivi dei vaccini mRNA dai nostri organismi. Questa \u00e8 una sfida importante poich\u00e9 la tecnica dell\u2019mRNA danneggia il corpo su pi\u00f9 livelli.<\/p>\n<p>Uno dei modi pi\u00f9 efficaci \u00e8 sicuramente rivolgersi al \u201ccentro di comando\u201d del corpo, che funziona con l&#8217;energia: le frequenze, gli impulsi elettrici, controllano la biochimica e quindi l&#8217;intero metabolismo.<\/p>\n<p>Fortunatamente, <a href=\"https:\/\/biophotonic.uk\/\" target=\"_blank\" rel=\"noopener\">BioPhotonic<\/a>\u00a0ha lanciato una nuova linea di dispositivi di biorisonanza quantistica che aiutano con questi 3 punti chiave, oltre a fornire molti altri vantaggi:<\/p>\n<ol>\n<li><strong>Disintossicazione<\/strong> dai residui di eventuali vaccini Covid19<\/li>\n<li><strong>Protezione contro i campi elettromagnetici e lo stress geopatico<\/strong> (WiFi, 5G, smartphone ecc.)<\/li>\n<li><strong>Riparazione del DNA<\/strong><\/li>\n<\/ol>\n<p>Quest\u2019ultima \u00e8 la caratteristica pi\u00f9 sorprendente, perch\u00e9 non conosco nessun altro metodo in grado di riparare il DNA danneggiato, che purtroppo \u00e8 uno degli effetti collaterali pi\u00f9 gravi dei vaccini a mRNA.<\/p>\n<p>Questi dispositivi sono piccoli, portatili, convenienti e presentano numerosi vantaggi per tutti i tipi di problemi di salute: prevenzione, terapia, protezione e, soprattutto, disintossicazione.<br \/>\n<em>Questa \u00e8 la gamma dei prodotti:<\/em><a href=\"https:\/\/biophotonic.uk\/\" target=\"_blank\" rel=\"noopener\"><img loading=\"lazy\" class=\"aligncenter size-large wp-image-76564\" src=\"https:\/\/safeblood.at\/wp-content\/uploads\/2024\/06\/biophotonics-pic-1-1024x582.jpg\" alt=\"\" width=\"1024\" height=\"582\" srcset=\"https:\/\/safeblood.at\/wp-content\/uploads\/2024\/06\/biophotonics-pic-1-1024x582.jpg 1024w, https:\/\/safeblood.at\/wp-content\/uploads\/2024\/06\/biophotonics-pic-1-300x170.jpg 300w, https:\/\/safeblood.at\/wp-content\/uploads\/2024\/06\/biophotonics-pic-1-768x436.jpg 768w, https:\/\/safeblood.at\/wp-content\/uploads\/2024\/06\/biophotonics-pic-1-1536x872.jpg 1536w, https:\/\/safeblood.at\/wp-content\/uploads\/2024\/06\/biophotonics-pic-1-2048x1163.jpg 2048w\" sizes=\"(max-width: 1024px) 100vw, 1024px\" \/><\/a>Il nostro interesse principale riguarda, ovviamente, la rimozione dei residui dei vaccini a mRNA. Ma ci sono tanti benefici per la salute generale, come la protezione dalla geopatia. BioPhotonic ha condotto diversi studi con analisi del sangue in vivo documentando i vantaggi dei propri dispositivi. Il seguente video \u00e8 un esempio di protezione dalle radiazioni 5G o simili per i telefoni cellulari:<\/p>\n<p><center><br \/>\n<iframe loading=\"lazy\" title=\"YouTube video player\" src=\"https:\/\/www.youtube.com\/embed\/1V8FnD8eyt0?si=chHr3heBxGtdcEUt\" width=\"560\" height=\"315\" frameborder=\"0\" allowfullscreen=\"allowfullscreen\" data-mce-fragment=\"1\"><\/iframe><\/center><br \/>\nNelle mie attivit\u00e0 come naturopata ho lavorato con ogni tipo di dispositivo a frequenze: biorisonanza, generatori di frequenza (sia per la diagnosi che per il trattamento) secondo la Dr.ssa Clark o Rife, campi magnetici, ecc. ecc., e sono sempre rimasto stupito di quanto bene funzionino.\u00a0I dispositivi a frequenze che ho utilizzato nella mia clinica erano ovviamente grandi, molto costosi (stiamo parlando di dispositivi per un valore delle centinaia di migliaia) e richiedevano un\u2019intensa conoscenza medica.<\/p>\n<p>I <strong>dispositivi BioPhotonic<\/strong> sono, come ho detto, <strong>piccoli e portatili<\/strong> e certamente non economici, ma <strong>accessibili<\/strong>. Non servono nemmeno conoscenze mediche, basta seguire le istruzioni, e ad ogni modo non possono farti alcun male.<\/p>\n<p>Siamo lieti che <strong>BioPhotonic offra uno sconto del 10%<\/strong> su tutti i suoi dispositivi per gli <strong>abbonati alla newsletter di SafeBlood<\/strong> e del <strong>20% per i membri SafeBlood<\/strong>. Clicca sul pulsante rosso in basso per ordinare o semplicemente per ricevere informazioni pi\u00f9 dettagliate sui principi o sui prodotti.<\/p>\n<p><span style=\"color: #ff0000;\"><span style=\"color: #000000;\">Per ricevere lo <strong>sconto per i membri di SafeBlood<\/strong>, aggiungi questo codice sconto<\/span>*<\/span>  al tuo ordine. Inseriscilo nel campo &#8220;Codice coupon&#8221; durante il pagamento.<br \/>\n<span style=\"color: #ff0000;\">*<\/span><em>Vedrai il codice qui <strong>solo<\/strong> se hai effettuato l&#8217;accesso come membro SafeBlood. Se non vedi un codice qui, vai alla pagina di accesso di SafeBlood prima di tornare a questa pagina.<br \/>\n<\/em>Per ricevere lo <strong>sconto riservato agli iscritti alla newsletter di SafeBlood<\/strong>, aggiungi al tuo ordine il codice <em>SB10<\/em> oppure il codice che trovi nella newsletter in cui abbiamo annunciato la nostra collaborazione con BioPhotonic. Puoi trovare il nostro archivio delle newsletter <a href=\"https:\/\/safeblood.it\/it\/archivio-newsletter\/\" target=\"_blank\" rel=\"noopener\">qui<\/a>.<br \/>\n<em>Tieni presente che non \u00e8 possibile combinare due codici sconto.<\/em><\/p>\n<p>Se desideri <strong>diventare membro in questo momento<\/strong>, puoi farlo <a href=\"https:\/\/safeblood.it\/it\/diventa-un-socio\/\" target=\"_blank\" rel=\"noopener\"><u>qui<\/u><\/a>. Una volta registrato con successo, diventerai immediatamente membro e potrai procedere con il tuo ordine. Aggiorna questa pagina per vedere il codice sconto prima di premere il pulsante rosso.[\/vc_column_text][\/vc_column][\/vc_row][vc_row type=&#8221;in_container&#8221; full_screen_row_position=&#8221;middle&#8221; column_margin=&#8221;default&#8221; column_direction=&#8221;default&#8221; column_direction_tablet=&#8221;default&#8221; column_direction_phone=&#8221;default&#8221; scene_position=&#8221;center&#8221; text_color=&#8221;dark&#8221; text_align=&#8221;left&#8221; row_border_radius=&#8221;none&#8221; row_border_radius_applies=&#8221;bg&#8221; overlay_strength=&#8221;0.3&#8243; gradient_direction=&#8221;left_to_right&#8221; shape_divider_position=&#8221;bottom&#8221; bg_image_animation=&#8221;none&#8221;][vc_column column_padding=&#8221;no-extra-padding&#8221; column_padding_tablet=&#8221;inherit&#8221; column_padding_phone=&#8221;inherit&#8221; column_padding_position=&#8221;all&#8221; column_element_spacing=&#8221;default&#8221; centered_text=&#8221;true&#8221; background_color_opacity=&#8221;1&#8243; background_hover_color_opacity=&#8221;1&#8243; column_shadow=&#8221;none&#8221; column_border_radius=&#8221;none&#8221; column_link_target=&#8221;_self&#8221; gradient_direction=&#8221;left_to_right&#8221; overlay_strength=&#8221;0.3&#8243; width=&#8221;1\/1&#8243; tablet_width_inherit=&#8221;default&#8221; tablet_text_alignment=&#8221;default&#8221; phone_text_alignment=&#8221;default&#8221; bg_image_animation=&#8221;none&#8221; border_type=&#8221;simple&#8221; column_border_width=&#8221;none&#8221; column_border_style=&#8221;solid&#8221;][nectar_btn size=&#8221;jumbo&#8221; open_new_tab=&#8221;true&#8221; button_style=&#8221;regular&#8221; button_color_2=&#8221;Accent-Color&#8221; icon_family=&#8221;default_arrow&#8221; text=&#8221;Portami al sito web di BioPhotonic per ulteriori spiegazioni e il modulo d&#8217;ordine.&#8221; url=&#8221;https:\/\/biophotonic.uk\/&#8221;][\/vc_column][\/vc_row][vc_row type=&#8221;in_container&#8221; full_screen_row_position=&#8221;middle&#8221; column_margin=&#8221;default&#8221; column_direction=&#8221;default&#8221; column_direction_tablet=&#8221;default&#8221; column_direction_phone=&#8221;default&#8221; scene_position=&#8221;center&#8221; text_color=&#8221;dark&#8221; text_align=&#8221;left&#8221; row_border_radius=&#8221;none&#8221; row_border_radius_applies=&#8221;bg&#8221; overlay_strength=&#8221;0.3&#8243; gradient_direction=&#8221;left_to_right&#8221; shape_divider_position=&#8221;bottom&#8221; bg_image_animation=&#8221;none&#8221;][vc_column column_padding=&#8221;no-extra-padding&#8221; column_padding_tablet=&#8221;inherit&#8221; column_padding_phone=&#8221;inherit&#8221; column_padding_position=&#8221;all&#8221; column_element_spacing=&#8221;default&#8221; background_color_opacity=&#8221;1&#8243; background_hover_color_opacity=&#8221;1&#8243; column_shadow=&#8221;none&#8221; column_border_radius=&#8221;none&#8221; column_link_target=&#8221;_self&#8221; gradient_direction=&#8221;left_to_right&#8221; overlay_strength=&#8221;0.3&#8243; width=&#8221;1\/1&#8243; tablet_width_inherit=&#8221;default&#8221; tablet_text_alignment=&#8221;default&#8221; phone_text_alignment=&#8221;default&#8221; bg_image_animation=&#8221;none&#8221; border_type=&#8221;simple&#8221; column_border_width=&#8221;none&#8221; column_border_style=&#8221;solid&#8221;][vc_column_text]Un ultimo commento: nella mia pratica come naturopata, ho sempre provato prima su me stesso tutti i metodi che utilizzo per i miei pazienti ed anche con SafeBlood abbiamo testato noi stessi i dispositivi menzionati e riscontrato effetti significativi.<\/p>\n<p>Ti consigliamo inoltre di iscriverti alla pagina YouTube di BioPhotonic, dove troverai numerosi video con istruzioni, feedback degli utenti e ulteriori dettagli:<br \/>\n<a href=\"https:\/\/www.youtube.com\/@biophotonic791\" target=\"_blank\" rel=\"noopener\">https:\/\/www.youtube.com\/@biophotonic791<\/a><\/p>\n<p><strong>DISCLAIMER<\/strong>:<br \/>\nSAFE BLOOD DONATION NON FORNISCE CONSULENZA MEDICA.<br \/>\nLe informazioni, inclusi ma non limitati a, testo, grafica, immagini e altro materiale pubblicato o trasmesso da Safe Blood Donation e dai suoi affiliati, direttori, funzionari, manager, dipendenti o altri rappresentanti sono solo a scopo informativo. Nessun materiale \u00e8 destinato a sostituire la consulenza, la diagnosi o il trattamento medico professionale. Chiedi sempre il parere del tuo medico di fiducia per qualsiasi domanda tu possa avere riguardo una condizione medica o un trattamento e prima di intraprendere un nuovo regime sanitario, e non ignorare mai il consiglio medico professionale n\u00e9 ritardare nel richiederlo a causa di qualcosa che hai letto o visto in qualsiasi pubblicazione o trasmissione di Safe Blood Donation.[\/vc_column_text][\/vc_column][\/vc_row]\n","protected":false},"excerpt":{"rendered":"<p>[vc_row type=&#8221;in_container&#8221; full_screen_row_position=&#8221;middle&#8221; column_margin=&#8221;default&#8221; column_direction=&#8221;default&#8221; column_direction_tablet=&#8221;default&#8221; column_direction_phone=&#8221;default&#8221; scene_position=&#8221;center&#8221; text_color=&#8221;dark&#8221; text_align=&#8221;left&#8221; row_border_radius=&#8221;none&#8221; row_border_radius_applies=&#8221;bg&#8221; overlay_strength=&#8221;0.3&#8243; gradient_direction=&#8221;left_to_right&#8221; shape_divider_position=&#8221;bottom&#8221; bg_image_animation=&#8221;none&#8221; shape_type=&#8221;&#8221;][vc_column column_padding=&#8221;no-extra-padding&#8221; column_padding_tablet=&#8221;inherit&#8221; column_padding_phone=&#8221;inherit&#8221; column_padding_position=&#8221;all&#8221; top_margin=&#8221;-90&#8243; top_margin_tablet=&#8221;-90&#8243; top_margin_phone=&#8221;-90&#8243; column_element_spacing=&#8221;default&#8221; background_color_opacity=&#8221;1&#8243; background_hover_color_opacity=&#8221;1&#8243; column_shadow=&#8221;none&#8221; column_border_radius=&#8221;none&#8221; column_link_target=&#8221;_self&#8221;&#8230;<\/p>\n","protected":false},"author":2,"featured_media":0,"parent":0,"menu_order":0,"comment_status":"closed","ping_status":"closed","template":"","meta":[],"_links":{"self":[{"href":"https:\/\/safeblood.at\/it\/wp-json\/wp\/v2\/pages\/76814"}],"collection":[{"href":"https:\/\/safeblood.at\/it\/wp-json\/wp\/v2\/pages"}],"about":[{"href":"https:\/\/safeblood.at\/it\/wp-json\/wp\/v2\/types\/page"}],"author":[{"embeddable":true,"href":"https:\/\/safeblood.at\/it\/wp-json\/wp\/v2\/users\/2"}],"replies":[{"embeddable":true,"href":"https:\/\/safeblood.at\/it\/wp-json\/wp\/v2\/comments?post=76814"}],"version-history":[{"count":7,"href":"https:\/\/safeblood.at\/it\/wp-json\/wp\/v2\/pages\/76814\/revisions"}],"predecessor-version":[{"id":81384,"href":"https:\/\/safeblood.at\/it\/wp-json\/wp\/v2\/pages\/76814\/revisions\/81384"}],"wp:attachment":[{"href":"https:\/\/safeblood.at\/it\/wp-json\/wp\/v2\/media?parent=76814"}],"curies":[{"name":"wp","href":"https:\/\/api.w.org\/{rel}","templated":true}]}}