{"id":59140,"date":"2022-09-13T22:50:15","date_gmt":"2022-09-13T20:50:15","guid":{"rendered":"https:\/\/safeblood.at\/?page_id=59140"},"modified":"2023-08-08T20:41:48","modified_gmt":"2023-08-08T18:41:48","slug":"termos-e-condicoes-gerais","status":"publish","type":"page","link":"https:\/\/safeblood.at\/pt-pt\/termos-e-condicoes-gerais\/","title":{"rendered":"Termos e Condi\u00e7\u00f5es Gerais"},"content":{"rendered":"[vc_row type=&#8221;in_container&#8221; full_screen_row_position=&#8221;middle&#8221; column_margin=&#8221;default&#8221; column_direction=&#8221;default&#8221; column_direction_tablet=&#8221;default&#8221; column_direction_phone=&#8221;default&#8221; scene_position=&#8221;center&#8221; text_color=&#8221;dark&#8221; text_align=&#8221;left&#8221; row_border_radius=&#8221;none&#8221; row_border_radius_applies=&#8221;bg&#8221; overlay_strength=&#8221;0.3&#8243; gradient_direction=&#8221;left_to_right&#8221; shape_divider_position=&#8221;bottom&#8221; bg_image_animation=&#8221;none&#8221;][vc_column column_padding=&#8221;no-extra-padding&#8221; column_padding_tablet=&#8221;inherit&#8221; column_padding_phone=&#8221;inherit&#8221; column_padding_position=&#8221;all&#8221; column_element_spacing=&#8221;default&#8221; background_color_opacity=&#8221;1&#8243; background_hover_color_opacity=&#8221;1&#8243; column_shadow=&#8221;none&#8221; column_border_radius=&#8221;none&#8221; column_link_target=&#8221;_self&#8221; gradient_direction=&#8221;left_to_right&#8221; overlay_strength=&#8221;0.3&#8243; width=&#8221;1\/1&#8243; tablet_width_inherit=&#8221;default&#8221; tablet_text_alignment=&#8221;default&#8221; phone_text_alignment=&#8221;default&#8221; bg_image_animation=&#8221;none&#8221; border_type=&#8221;simple&#8221; column_border_width=&#8221;none&#8221; column_border_style=&#8221;solid&#8221;][vc_column_text]\n<div class=\"page\" title=\"Page 1\">\n<div class=\"section\">\n<div class=\"layoutArea\">\n<div class=\"column\"><\/div>\n<p class=\"p1\">Para continuar o processo de registo, por favor leia primeiro o texto abaixo. Ao clicar na caixa no fundo, confirma que leu, compreendeu e aceitou os termos e condi\u00e7\u00f5es gerais.<\/p>\n<p class=\"p2\"><b>Termos e condi\u00e7\u00f5es gerais<\/b><\/p>\n<p class=\"p1\">Ao registar-me como membro da SafeBlood Donation, reconhe\u00e7o o seguinte:<\/p>\n<ul>\n<li class=\"p1\">Concordo que as minhas informa\u00e7\u00f5es podem ser utilizadas pela SafeBlood Donation para encontrar um dador de sangue adequado. Em troca, a SafeBlood Donation concorda em nunca revelar esta informa\u00e7\u00e3o a terceiros. Os nomes s\u00f3 ser\u00e3o revelados e comunicados no momento em que um dador e um receptor sejam referenciados em pessoa.<\/li>\n<li class=\"p1\">Nos pa\u00edses onde este servi\u00e7o j\u00e1 est\u00e1 em funcionamento, um quadro de distribui\u00e7\u00e3o (call center) far\u00e1 a troca. Onde este servi\u00e7o n\u00e3o esteja ainda em funcionamento, concordo que os meus dados de contacto possam ser fornecidos diretamente ao receptor em caso de troca de Safeblood, e serei contactado diretamente pelo receptor.<\/li>\n<li class=\"p1\"><span class=\"s1\">Liberto<\/span> potenciais dadores, receptores, institui\u00e7\u00f5es m\u00e9dicas envolvidas e a SafeBlood Donation como intermedi\u00e1rio, de qualquer responsabilidade.<\/li>\n<li class=\"p1\">Preenchi todos os campos corretamente ao introduzir as minhas informa\u00e7\u00f5es. Estou ciente de que informa\u00e7\u00f5es falsas, especialmente no que diz respeito ao meu estado de vacina\u00e7\u00e3o e dados pessoais, s\u00e3o enganadoras e podem resultar n\u00e3o s\u00f3 na expuls\u00e3o imediata da associa\u00e7\u00e3o, mas tamb\u00e9m em processos criminais. \u00c9 t\u00e3o importante para mim como para qualquer outro receptor potencial ter a certeza absoluta de que apenas o sangue de membros n\u00e3o vacinados ser\u00e1 fornecido aqui.<\/li>\n<li class=\"p1\">Estou ciente de que posso tamb\u00e9m atualizar posteriormente os campos em qualquer altura para os manter atualizados. Por exemplo, se eu n\u00e3o souber o meu tipo de sangue no momento do registo, ainda posso registar-me e adicion\u00e1-lo mais tarde. No entanto, o funcionamento do servi\u00e7o de compatibilidade de dadores de sangue depende da indica\u00e7\u00e3o correta dos grupos sangu\u00edneos por todos os membros, porque esta \u00e9 a \u00fanica forma de encontrar facilmente um dador de sangue para o meu grupo sangu\u00edneo em qualquer altura em &#8220;Encontrar um dador de sangue&#8221;. Da mesma forma, o meu endere\u00e7o deve ser introduzido corretamente para este fim (rua, n\u00ba, c\u00f3digo postal, cidade, estado\/distrito), pa\u00eds. Caso contr\u00e1rio, o sistema operador n\u00e3o \u00e9 capaz de me localizar.<\/li>\n<\/ul>\n<p><input class=\"btn-close closemodale cbutton\" style=\"background: red;\" type=\"button\" value=\"Aceitar e fechar\" \/><\/p>\n<\/div>\n<\/div>\n<\/div>\n[\/vc_column_text][\/vc_column][\/vc_row]\n","protected":false},"excerpt":{"rendered":"<p>[vc_row type=&#8221;in_container&#8221; full_screen_row_position=&#8221;middle&#8221; column_margin=&#8221;default&#8221; column_direction=&#8221;default&#8221; column_direction_tablet=&#8221;default&#8221; column_direction_phone=&#8221;default&#8221; scene_position=&#8221;center&#8221; text_color=&#8221;dark&#8221; text_align=&#8221;left&#8221; row_border_radius=&#8221;none&#8221; row_border_radius_applies=&#8221;bg&#8221; overlay_strength=&#8221;0.3&#8243; gradient_direction=&#8221;left_to_right&#8221; shape_divider_position=&#8221;bottom&#8221; bg_image_animation=&#8221;none&#8221;][vc_column column_padding=&#8221;no-extra-padding&#8221; column_padding_tablet=&#8221;inherit&#8221; column_padding_phone=&#8221;inherit&#8221; column_padding_position=&#8221;all&#8221; column_element_spacing=&#8221;default&#8221; background_color_opacity=&#8221;1&#8243; background_hover_color_opacity=&#8221;1&#8243; column_shadow=&#8221;none&#8221; column_border_radius=&#8221;none&#8221; column_link_target=&#8221;_self&#8221; gradient_direction=&#8221;left_to_right&#8221; overlay_strength=&#8221;0.3&#8243; width=&#8221;1\/1&#8243; tablet_width_inherit=&#8221;default&#8221;&#8230;<\/p>\n","protected":false},"author":2,"featured_media":0,"parent":0,"menu_order":0,"comment_status":"closed","ping_status":"closed","template":"","meta":[],"_links":{"self":[{"href":"https:\/\/safeblood.at\/pt-pt\/wp-json\/wp\/v2\/pages\/59140"}],"collection":[{"href":"https:\/\/safeblood.at\/pt-pt\/wp-json\/wp\/v2\/pages"}],"about":[{"href":"https:\/\/safeblood.at\/pt-pt\/wp-json\/wp\/v2\/types\/page"}],"author":[{"embeddable":true,"href":"https:\/\/safeblood.at\/pt-pt\/wp-json\/wp\/v2\/users\/2"}],"replies":[{"embeddable":true,"href":"https:\/\/safeblood.at\/pt-pt\/wp-json\/wp\/v2\/comments?post=59140"}],"version-history":[{"count":8,"href":"https:\/\/safeblood.at\/pt-pt\/wp-json\/wp\/v2\/pages\/59140\/revisions"}],"predecessor-version":[{"id":71460,"href":"https:\/\/safeblood.at\/pt-pt\/wp-json\/wp\/v2\/pages\/59140\/revisions\/71460"}],"wp:attachment":[{"href":"https:\/\/safeblood.at\/pt-pt\/wp-json\/wp\/v2\/media?parent=59140"}],"curies":[{"name":"wp","href":"https:\/\/api.w.org\/{rel}","templated":true}]}}