{"id":71490,"date":"2023-08-11T10:11:41","date_gmt":"2023-08-11T08:11:41","guid":{"rendered":"https:\/\/safeblood.at\/?page_id=71490"},"modified":"2023-08-28T16:29:39","modified_gmt":"2023-08-28T14:29:39","slug":"exemplo-de-cartao-de-associado","status":"publish","type":"page","link":"https:\/\/safeblood.at\/pt-pt\/exemplo-de-cartao-de-associado\/","title":{"rendered":"Exemplo de Cart\u00e3o de Associado"},"content":{"rendered":"[vc_row type=&#8221;in_container&#8221; full_screen_row_position=&#8221;middle&#8221; column_margin=&#8221;default&#8221; column_direction=&#8221;default&#8221; column_direction_tablet=&#8221;default&#8221; column_direction_phone=&#8221;default&#8221; scene_position=&#8221;center&#8221; text_color=&#8221;dark&#8221; text_align=&#8221;left&#8221; row_border_radius=&#8221;none&#8221; row_border_radius_applies=&#8221;bg&#8221; overlay_strength=&#8221;0.3&#8243; gradient_direction=&#8221;left_to_right&#8221; shape_divider_position=&#8221;bottom&#8221; bg_image_animation=&#8221;none&#8221;][vc_column column_padding=&#8221;no-extra-padding&#8221; column_padding_tablet=&#8221;inherit&#8221; column_padding_phone=&#8221;inherit&#8221; column_padding_position=&#8221;all&#8221; column_element_spacing=&#8221;default&#8221; background_color_opacity=&#8221;1&#8243; background_hover_color_opacity=&#8221;1&#8243; column_shadow=&#8221;none&#8221; column_border_radius=&#8221;none&#8221; column_link_target=&#8221;_self&#8221; gradient_direction=&#8221;left_to_right&#8221; overlay_strength=&#8221;0.3&#8243; width=&#8221;1\/1&#8243; tablet_width_inherit=&#8221;default&#8221; tablet_text_alignment=&#8221;default&#8221; phone_text_alignment=&#8221;default&#8221; bg_image_animation=&#8221;none&#8221; border_type=&#8221;simple&#8221; column_border_width=&#8221;none&#8221; column_border_style=&#8221;solid&#8221;][vc_column_text]\n<p class=\"p1\">Nesta p\u00e1gina encontra um <strong>exemplo de um cart\u00e3o de membro<\/strong> que tamb\u00e9m serve como cart\u00e3o de grupo sangu\u00edneo. Introduza os dados que constar\u00e3o do cart\u00e3o quando se regista como membro, e pode modific\u00e1-los (por exemplo, as informa\u00e7\u00f5es de emerg\u00eancia) na sua conta em qualquer altura.<\/p>\n<p class=\"p1\">Este cart\u00e3o de identifica\u00e7\u00e3o tamb\u00e9m cont\u00e9m uma breve resumo do <strong>seu testamento vital<\/strong>.<\/p>\n<p class=\"p1\">Pode <strong>imprimir<\/strong> o cart\u00e3o de identifica\u00e7\u00e3o em casa, no escrit\u00f3rio, a partir de um fornecedor online, ou numa loja de c\u00f3pias. Em papel (impresso, dobrado e plastificado) ou num cart\u00e3o de pl\u00e1stico. Mas tamb\u00e9m pode utiliz\u00e1-lo <strong>digitalmente<\/strong>, por exemplo, descarreg\u00e1-lo para o seu smartphone e guard\u00e1-lo no seu \u00e1lbum de fotografias ou nuvem da Apple ou similar.<\/p>\n<p>Adicionalmente, pode <strong>importar tanto o ID de membro, como o testamento vital<\/strong> directamente para a informa\u00e7\u00e3o de emerg\u00eancia no seu smartphone, ao qual os profissionais de s\u00e1ude podem recorrer sem ter de desbloquear o telefone, em situa\u00e7\u00e3o de emerg\u00eancia.<\/p>\n<p class=\"p1\">O <strong>c\u00f3digo QR<\/strong> e a liga\u00e7\u00e3o acima indicados s\u00e3o tamb\u00e9m para <strong>o pessoal m\u00e9dico de emerg\u00eancia<\/strong>. A digitaliza\u00e7\u00e3o deste c\u00f3digo\/link ir\u00e1 lev\u00e1-los directamente ao seu <strong>testamento vital<\/strong> e a todos os dados m\u00e9dicos relevantes, numa vers\u00e3o especial apenas para profissionais, que encontrar\u00e3o a\u00ed a op\u00e7\u00e3o de traduzir estes dados para as principais l\u00ednguas mundiais em poucos segundos.<\/p>\n<p class=\"p1\"><strong>Testamento Vital<br \/>\n<\/strong>O bot\u00e3o &#8220;Ver testamento vital&#8221; permite-lhe ter <strong>acesso<\/strong> ao seu testamento vital. Antes de o poder fazer, <strong>deve primeiro edit\u00e1-lo e guard\u00e1-lo<\/strong> (encontrar\u00e1 um modelo que poder\u00e1 personalizar como desejar).<\/p>\n<p><a href=\"https:\/\/safeblood.at\/wp-content\/uploads\/2023\/08\/mitgliederausweis-beispiel-portugiesisch.jpg\"><img loading=\"lazy\" class=\"alignleft size-large wp-image-72171\" src=\"https:\/\/safeblood.at\/wp-content\/uploads\/2023\/08\/mitgliederausweis-beispiel-portugiesisch-1024x594.jpg\" alt=\"\" width=\"1024\" height=\"594\" srcset=\"https:\/\/safeblood.at\/wp-content\/uploads\/2023\/08\/mitgliederausweis-beispiel-portugiesisch-1024x594.jpg 1024w, https:\/\/safeblood.at\/wp-content\/uploads\/2023\/08\/mitgliederausweis-beispiel-portugiesisch-300x174.jpg 300w, https:\/\/safeblood.at\/wp-content\/uploads\/2023\/08\/mitgliederausweis-beispiel-portugiesisch-768x446.jpg 768w, https:\/\/safeblood.at\/wp-content\/uploads\/2023\/08\/mitgliederausweis-beispiel-portugiesisch-1536x892.jpg 1536w, https:\/\/safeblood.at\/wp-content\/uploads\/2023\/08\/mitgliederausweis-beispiel-portugiesisch-2048x1189.jpg 2048w\" sizes=\"(max-width: 1024px) 100vw, 1024px\" \/><\/a>[\/vc_column_text][\/vc_column][\/vc_row]\n","protected":false},"excerpt":{"rendered":"<p>[vc_row type=&#8221;in_container&#8221; full_screen_row_position=&#8221;middle&#8221; column_margin=&#8221;default&#8221; column_direction=&#8221;default&#8221; column_direction_tablet=&#8221;default&#8221; column_direction_phone=&#8221;default&#8221; scene_position=&#8221;center&#8221; text_color=&#8221;dark&#8221; text_align=&#8221;left&#8221; row_border_radius=&#8221;none&#8221; row_border_radius_applies=&#8221;bg&#8221; overlay_strength=&#8221;0.3&#8243; gradient_direction=&#8221;left_to_right&#8221; shape_divider_position=&#8221;bottom&#8221; bg_image_animation=&#8221;none&#8221;][vc_column column_padding=&#8221;no-extra-padding&#8221; column_padding_tablet=&#8221;inherit&#8221; column_padding_phone=&#8221;inherit&#8221; column_padding_position=&#8221;all&#8221; column_element_spacing=&#8221;default&#8221; background_color_opacity=&#8221;1&#8243; background_hover_color_opacity=&#8221;1&#8243; column_shadow=&#8221;none&#8221; column_border_radius=&#8221;none&#8221; column_link_target=&#8221;_self&#8221; gradient_direction=&#8221;left_to_right&#8221; overlay_strength=&#8221;0.3&#8243; width=&#8221;1\/1&#8243; tablet_width_inherit=&#8221;default&#8221;&#8230;<\/p>\n","protected":false},"author":2,"featured_media":0,"parent":0,"menu_order":0,"comment_status":"closed","ping_status":"closed","template":"","meta":[],"_links":{"self":[{"href":"https:\/\/safeblood.at\/pt-pt\/wp-json\/wp\/v2\/pages\/71490"}],"collection":[{"href":"https:\/\/safeblood.at\/pt-pt\/wp-json\/wp\/v2\/pages"}],"about":[{"href":"https:\/\/safeblood.at\/pt-pt\/wp-json\/wp\/v2\/types\/page"}],"author":[{"embeddable":true,"href":"https:\/\/safeblood.at\/pt-pt\/wp-json\/wp\/v2\/users\/2"}],"replies":[{"embeddable":true,"href":"https:\/\/safeblood.at\/pt-pt\/wp-json\/wp\/v2\/comments?post=71490"}],"version-history":[{"count":3,"href":"https:\/\/safeblood.at\/pt-pt\/wp-json\/wp\/v2\/pages\/71490\/revisions"}],"predecessor-version":[{"id":72180,"href":"https:\/\/safeblood.at\/pt-pt\/wp-json\/wp\/v2\/pages\/71490\/revisions\/72180"}],"wp:attachment":[{"href":"https:\/\/safeblood.at\/pt-pt\/wp-json\/wp\/v2\/media?parent=71490"}],"curies":[{"name":"wp","href":"https:\/\/api.w.org\/{rel}","templated":true}]}}