{"id":71497,"date":"2023-08-11T11:07:19","date_gmt":"2023-08-11T09:07:19","guid":{"rendered":"https:\/\/safeblood.at\/?page_id=71497"},"modified":"2023-08-28T16:24:26","modified_gmt":"2023-08-28T14:24:26","slug":"exemplo-de-testamento-vital","status":"publish","type":"page","link":"https:\/\/safeblood.at\/pt-pt\/exemplo-de-testamento-vital\/","title":{"rendered":"Exemplo de Testamento Vital"},"content":{"rendered":"[vc_row type=&#8221;in_container&#8221; full_screen_row_position=&#8221;middle&#8221; column_margin=&#8221;default&#8221; column_direction=&#8221;default&#8221; column_direction_tablet=&#8221;default&#8221; column_direction_phone=&#8221;default&#8221; scene_position=&#8221;center&#8221; text_color=&#8221;dark&#8221; text_align=&#8221;left&#8221; row_border_radius=&#8221;none&#8221; row_border_radius_applies=&#8221;bg&#8221; overlay_strength=&#8221;0.3&#8243; gradient_direction=&#8221;left_to_right&#8221; shape_divider_position=&#8221;bottom&#8221; bg_image_animation=&#8221;none&#8221;][vc_column column_padding=&#8221;no-extra-padding&#8221; column_padding_tablet=&#8221;inherit&#8221; column_padding_phone=&#8221;inherit&#8221; column_padding_position=&#8221;all&#8221; column_element_spacing=&#8221;default&#8221; background_color_opacity=&#8221;1&#8243; background_hover_color_opacity=&#8221;1&#8243; column_shadow=&#8221;none&#8221; column_border_radius=&#8221;none&#8221; column_link_target=&#8221;_self&#8221; gradient_direction=&#8221;left_to_right&#8221; overlay_strength=&#8221;0.3&#8243; width=&#8221;1\/1&#8243; tablet_width_inherit=&#8221;default&#8221; tablet_text_alignment=&#8221;default&#8221; phone_text_alignment=&#8221;default&#8221; bg_image_animation=&#8221;none&#8221; border_type=&#8221;simple&#8221; column_border_width=&#8221;none&#8221; column_border_style=&#8221;solid&#8221;][vc_column_text]\n<p class=\"p1\">Esta \u00e9 um <strong>exemplo de um testamento vital<\/strong>. Se quiser um seu, aceda ao <a href=\"https:\/\/safeblood.pt\/pt-pt\/login-iniciar-sessao\/\" target=\"_blank\" rel=\"noopener\">login<\/a>\u00a0como membro, onde pode modificar este documento como desejar. Ou pode tornar-se um membro <a href=\"https:\/\/safeblood.pt\/pt-pt\/torne-se-um-membro\/\" target=\"_blank\" rel=\"noopener\">aqui<\/a>. Assim, n\u00e3o s\u00f3 ter\u00e1 o seu pr\u00f3prio testamento e cart\u00e3o de membro\/grupo sangu\u00edneo, como tamb\u00e9m um c\u00f3digo individual que o pessoal m\u00e9dico pode utilizar em caso de emerg\u00eancia &#8211; com todos os seus dados m\u00e9dicos.<\/p>\n<p><a href=\"https:\/\/safeblood.at\/wp-content\/uploads\/2023\/08\/patientenverfu\u0308gung-muster-portugiesisch.jpg\"><img loading=\"lazy\" class=\"alignleft size-large wp-image-72151\" src=\"https:\/\/safeblood.at\/wp-content\/uploads\/2023\/08\/patientenverfu\u0308gung-muster-portugiesisch-676x1024.jpg\" alt=\"\" width=\"676\" height=\"1024\" srcset=\"https:\/\/safeblood.at\/wp-content\/uploads\/2023\/08\/patientenverfu\u0308gung-muster-portugiesisch-676x1024.jpg 676w, https:\/\/safeblood.at\/wp-content\/uploads\/2023\/08\/patientenverfu\u0308gung-muster-portugiesisch-198x300.jpg 198w, https:\/\/safeblood.at\/wp-content\/uploads\/2023\/08\/patientenverfu\u0308gung-muster-portugiesisch-768x1163.jpg 768w, https:\/\/safeblood.at\/wp-content\/uploads\/2023\/08\/patientenverfu\u0308gung-muster-portugiesisch-1014x1536.jpg 1014w, https:\/\/safeblood.at\/wp-content\/uploads\/2023\/08\/patientenverfu\u0308gung-muster-portugiesisch-1353x2048.jpg 1353w, https:\/\/safeblood.at\/wp-content\/uploads\/2023\/08\/patientenverfu\u0308gung-muster-portugiesisch.jpg 1387w\" sizes=\"(max-width: 676px) 100vw, 676px\" \/><\/a>[\/vc_column_text][\/vc_column][\/vc_row]\n","protected":false},"excerpt":{"rendered":"<p>[vc_row type=&#8221;in_container&#8221; full_screen_row_position=&#8221;middle&#8221; column_margin=&#8221;default&#8221; column_direction=&#8221;default&#8221; column_direction_tablet=&#8221;default&#8221; column_direction_phone=&#8221;default&#8221; scene_position=&#8221;center&#8221; text_color=&#8221;dark&#8221; text_align=&#8221;left&#8221; row_border_radius=&#8221;none&#8221; row_border_radius_applies=&#8221;bg&#8221; overlay_strength=&#8221;0.3&#8243; gradient_direction=&#8221;left_to_right&#8221; shape_divider_position=&#8221;bottom&#8221; bg_image_animation=&#8221;none&#8221;][vc_column column_padding=&#8221;no-extra-padding&#8221; column_padding_tablet=&#8221;inherit&#8221; column_padding_phone=&#8221;inherit&#8221; column_padding_position=&#8221;all&#8221; column_element_spacing=&#8221;default&#8221; background_color_opacity=&#8221;1&#8243; background_hover_color_opacity=&#8221;1&#8243; column_shadow=&#8221;none&#8221; column_border_radius=&#8221;none&#8221; column_link_target=&#8221;_self&#8221; gradient_direction=&#8221;left_to_right&#8221; overlay_strength=&#8221;0.3&#8243; width=&#8221;1\/1&#8243; tablet_width_inherit=&#8221;default&#8221;&#8230;<\/p>\n","protected":false},"author":2,"featured_media":0,"parent":0,"menu_order":0,"comment_status":"closed","ping_status":"closed","template":"","meta":[],"_links":{"self":[{"href":"https:\/\/safeblood.at\/pt-pt\/wp-json\/wp\/v2\/pages\/71497"}],"collection":[{"href":"https:\/\/safeblood.at\/pt-pt\/wp-json\/wp\/v2\/pages"}],"about":[{"href":"https:\/\/safeblood.at\/pt-pt\/wp-json\/wp\/v2\/types\/page"}],"author":[{"embeddable":true,"href":"https:\/\/safeblood.at\/pt-pt\/wp-json\/wp\/v2\/users\/2"}],"replies":[{"embeddable":true,"href":"https:\/\/safeblood.at\/pt-pt\/wp-json\/wp\/v2\/comments?post=71497"}],"version-history":[{"count":4,"href":"https:\/\/safeblood.at\/pt-pt\/wp-json\/wp\/v2\/pages\/71497\/revisions"}],"predecessor-version":[{"id":72160,"href":"https:\/\/safeblood.at\/pt-pt\/wp-json\/wp\/v2\/pages\/71497\/revisions\/72160"}],"wp:attachment":[{"href":"https:\/\/safeblood.at\/pt-pt\/wp-json\/wp\/v2\/media?parent=71497"}],"curies":[{"name":"wp","href":"https:\/\/api.w.org\/{rel}","templated":true}]}}