{"id":77241,"date":"2024-07-15T11:31:37","date_gmt":"2024-07-15T09:31:37","guid":{"rendered":"https:\/\/safeblood.at\/?page_id=77241"},"modified":"2025-12-29T17:02:31","modified_gmt":"2025-12-29T16:02:31","slug":"biofotonico-bioressonancia","status":"publish","type":"page","link":"https:\/\/safeblood.at\/pt-pt\/biofotonico-bioressonancia\/","title":{"rendered":"BioFot\u00f3nico BioResson\u00e2ncia"},"content":{"rendered":"[vc_row type=&#8221;in_container&#8221; full_screen_row_position=&#8221;middle&#8221; column_margin=&#8221;default&#8221; column_direction=&#8221;default&#8221; column_direction_tablet=&#8221;default&#8221; column_direction_phone=&#8221;default&#8221; scene_position=&#8221;center&#8221; text_color=&#8221;dark&#8221; text_align=&#8221;left&#8221; row_border_radius=&#8221;none&#8221; row_border_radius_applies=&#8221;bg&#8221; overlay_strength=&#8221;0.3&#8243; gradient_direction=&#8221;left_to_right&#8221; shape_divider_position=&#8221;bottom&#8221; bg_image_animation=&#8221;none&#8221; shape_type=&#8221;&#8221;][vc_column column_padding=&#8221;no-extra-padding&#8221; column_padding_tablet=&#8221;inherit&#8221; column_padding_phone=&#8221;inherit&#8221; column_padding_position=&#8221;all&#8221; top_margin=&#8221;-90&#8243; top_margin_tablet=&#8221;-90&#8243; top_margin_phone=&#8221;-90&#8243; column_element_spacing=&#8221;default&#8221; background_color_opacity=&#8221;1&#8243; background_hover_color_opacity=&#8221;1&#8243; column_shadow=&#8221;none&#8221; column_border_radius=&#8221;none&#8221; column_link_target=&#8221;_self&#8221; gradient_direction=&#8221;left_to_right&#8221; overlay_strength=&#8221;0.3&#8243; width=&#8221;1\/3&#8243; tablet_width_inherit=&#8221;default&#8221; tablet_text_alignment=&#8221;default&#8221; phone_text_alignment=&#8221;default&#8221; bg_image_animation=&#8221;none&#8221; border_type=&#8221;simple&#8221; column_border_width=&#8221;none&#8221; column_border_style=&#8221;solid&#8221;][image_with_animation image_url=&#8221;76533&#8243; animation=&#8221;None&#8221; hover_animation=&#8221;none&#8221; alignment=&#8221;&#8221; img_link_target=&#8221;_blank&#8221; border_radius=&#8221;none&#8221; box_shadow=&#8221;none&#8221; image_loading=&#8221;default&#8221; max_width=&#8221;100%&#8221; max_width_mobile=&#8221;default&#8221; margin_top=&#8221;70&#8243; margin_top_tablet=&#8221;40&#8243; margin_top_phone=&#8221;40&#8243; img_link=&#8221;https:\/\/safeblood.net\/&#8221;][\/vc_column][vc_column column_padding=&#8221;no-extra-padding&#8221; column_padding_tablet=&#8221;inherit&#8221; column_padding_phone=&#8221;inherit&#8221; column_padding_position=&#8221;all&#8221; top_margin=&#8221;-90&#8243; top_margin_tablet=&#8221;-90&#8243; top_margin_phone=&#8221;-90&#8243; column_element_spacing=&#8221;default&#8221; background_color_opacity=&#8221;1&#8243; background_hover_color_opacity=&#8221;1&#8243; column_shadow=&#8221;none&#8221; column_border_radius=&#8221;none&#8221; column_link_target=&#8221;_self&#8221; gradient_direction=&#8221;left_to_right&#8221; overlay_strength=&#8221;0.3&#8243; width=&#8221;1\/3&#8243; tablet_width_inherit=&#8221;default&#8221; tablet_text_alignment=&#8221;default&#8221; phone_text_alignment=&#8221;default&#8221; bg_image_animation=&#8221;none&#8221; border_type=&#8221;simple&#8221; column_border_width=&#8221;none&#8221; column_border_style=&#8221;solid&#8221;][image_with_animation image_url=&#8221;76493&#8243; animation=&#8221;None&#8221; hover_animation=&#8221;none&#8221; alignment=&#8221;center&#8221; img_link_target=&#8221;_blank&#8221; border_radius=&#8221;none&#8221; box_shadow=&#8221;none&#8221; image_loading=&#8221;default&#8221; max_width=&#8221;75%&#8221; max_width_mobile=&#8221;default&#8221; margin_top=&#8221;50&#8243; margin_top_tablet=&#8221;50&#8243; margin_top_phone=&#8221;50&#8243; img_link=&#8221;https:\/\/biophotonic.uk\/&#8221; margin_left=&#8221;10&#8243; margin_left_tablet=&#8221;10&#8243; margin_left_phone=&#8221;10&#8243;][\/vc_column][vc_column column_padding=&#8221;no-extra-padding&#8221; column_padding_tablet=&#8221;inherit&#8221; column_padding_phone=&#8221;inherit&#8221; column_padding_position=&#8221;all&#8221; top_margin=&#8221;-90&#8243; top_margin_tablet=&#8221;-90&#8243; top_margin_phone=&#8221;-90&#8243; column_element_spacing=&#8221;default&#8221; background_color_opacity=&#8221;1&#8243; background_hover_color_opacity=&#8221;1&#8243; column_shadow=&#8221;none&#8221; column_border_radius=&#8221;none&#8221; column_link_target=&#8221;_self&#8221; gradient_direction=&#8221;left_to_right&#8221; overlay_strength=&#8221;0.3&#8243; width=&#8221;1\/3&#8243; tablet_width_inherit=&#8221;default&#8221; tablet_text_alignment=&#8221;default&#8221; phone_text_alignment=&#8221;default&#8221; bg_image_animation=&#8221;none&#8221; border_type=&#8221;simple&#8221; column_border_width=&#8221;none&#8221; column_border_style=&#8221;solid&#8221;][image_with_animation image_url=&#8221;76553&#8243; animation=&#8221;None&#8221; hover_animation=&#8221;none&#8221; alignment=&#8221;&#8221; img_link_target=&#8221;_blank&#8221; border_radius=&#8221;none&#8221; box_shadow=&#8221;none&#8221; image_loading=&#8221;default&#8221; max_width=&#8221;100%&#8221; max_width_mobile=&#8221;default&#8221; margin_top=&#8221;50&#8243; margin_top_tablet=&#8221;55&#8243; margin_top_phone=&#8221;55&#8243; img_link=&#8221;https:\/\/safereproduction.net\/&#8221;][\/vc_column][\/vc_row][vc_row type=&#8221;in_container&#8221; full_screen_row_position=&#8221;middle&#8221; column_margin=&#8221;default&#8221; column_direction=&#8221;default&#8221; column_direction_tablet=&#8221;default&#8221; column_direction_phone=&#8221;default&#8221; scene_position=&#8221;center&#8221; text_color=&#8221;dark&#8221; text_align=&#8221;left&#8221; row_border_radius=&#8221;none&#8221; row_border_radius_applies=&#8221;bg&#8221; overlay_strength=&#8221;0.3&#8243; gradient_direction=&#8221;left_to_right&#8221; shape_divider_position=&#8221;bottom&#8221; bg_image_animation=&#8221;none&#8221;][vc_column column_padding=&#8221;no-extra-padding&#8221; column_padding_tablet=&#8221;inherit&#8221; column_padding_phone=&#8221;inherit&#8221; column_padding_position=&#8221;all&#8221; column_element_spacing=&#8221;default&#8221; background_color_opacity=&#8221;1&#8243; background_hover_color_opacity=&#8221;1&#8243; column_shadow=&#8221;none&#8221; column_border_radius=&#8221;none&#8221; column_link_target=&#8221;_self&#8221; gradient_direction=&#8221;left_to_right&#8221; overlay_strength=&#8221;0.3&#8243; width=&#8221;1\/1&#8243; tablet_width_inherit=&#8221;default&#8221; tablet_text_alignment=&#8221;default&#8221; phone_text_alignment=&#8221;default&#8221; bg_image_animation=&#8221;none&#8221; border_type=&#8221;simple&#8221; column_border_width=&#8221;none&#8221; column_border_style=&#8221;solid&#8221;][vc_column_text css=&#8221;.vc_custom_1721034915165{margin-top: -50px !important;}&#8221;]\n<h1 style=\"text-align: center;\"><strong>BioFot\u00f3nico BioResson\u00e2ncia<\/strong><\/h1>\n[\/vc_column_text][\/vc_column][\/vc_row][vc_row type=&#8221;in_container&#8221; full_screen_row_position=&#8221;middle&#8221; column_margin=&#8221;default&#8221; column_direction=&#8221;default&#8221; column_direction_tablet=&#8221;default&#8221; column_direction_phone=&#8221;default&#8221; scene_position=&#8221;center&#8221; text_color=&#8221;dark&#8221; text_align=&#8221;left&#8221; row_border_radius=&#8221;none&#8221; row_border_radius_applies=&#8221;bg&#8221; overlay_strength=&#8221;0.3&#8243; gradient_direction=&#8221;left_to_right&#8221; shape_divider_position=&#8221;bottom&#8221; bg_image_animation=&#8221;none&#8221;][vc_column column_padding=&#8221;no-extra-padding&#8221; column_padding_tablet=&#8221;inherit&#8221; column_padding_phone=&#8221;inherit&#8221; column_padding_position=&#8221;all&#8221; column_element_spacing=&#8221;default&#8221; background_color_opacity=&#8221;1&#8243; background_hover_color_opacity=&#8221;1&#8243; column_shadow=&#8221;none&#8221; column_border_radius=&#8221;none&#8221; column_link_target=&#8221;_self&#8221; gradient_direction=&#8221;left_to_right&#8221; overlay_strength=&#8221;0.3&#8243; width=&#8221;1\/1&#8243; tablet_width_inherit=&#8221;default&#8221; tablet_text_alignment=&#8221;default&#8221; phone_text_alignment=&#8221;default&#8221; bg_image_animation=&#8221;none&#8221; border_type=&#8221;simple&#8221; column_border_width=&#8221;none&#8221; column_border_style=&#8221;solid&#8221;][vc_column_text css=&#8221;.vc_custom_1767024147368{margin-top: -20px !important;}&#8221;]Desde a introdu\u00e7\u00e3o do\u00a0 <a href=\"https:\/\/safeblood.net\/pt-pt\/\" target=\"_blank\" rel=\"noopener\">SafeBlood<\/a> e\u00a0<a href=\"https:\/\/safereproduction.net\/\" target=\"_blank\" rel=\"noopener\">Safereproduction<\/a>, que temos procurado m\u00e9todos de tratamento eficazes que ajudem a remover dos nossos organismos os res\u00edduos nocivos das vacinas de mRNA. Trata-se de um grande desafio, uma vez que a t\u00e9cnica de mRNA danifica o organismo a v\u00e1rios n\u00edveis.<\/p>\n<p>Uma das formas mais eficazes \u00e9, certamente, dirigir-se ao &#8220;centro de comando&#8221; do corpo, que funciona com energia; frequ\u00eancias, impulsos el\u00e9ctricos controlam a bioqu\u00edmica e, assim, todo o metabolismo.<\/p>\n<p>Felizmente, <a href=\"https:\/\/biophotonic.uk\/\" target=\"_blank\" rel=\"noopener\">BioPhotonics<\/a> lan\u00e7ou uma nova linha de <strong>aparelhos de biorresson\u00e2ncia qu\u00e2ntica<\/strong> que ajudam nestes 3 pontos-chave, entre muitos outros benef\u00edcios:<\/p>\n<ol>\n<li><strong>Desintoxica\u00e7\u00e3o<\/strong> de res\u00edduos de qualquer vacina Covid19<\/li>\n<li><strong>Protec\u00e7\u00e3o contra EMF e <\/strong>stress<strong> Geop\u00e1tico<\/strong> (WIFI, G5, smarthones etc.)<\/li>\n<li><strong>Repara\u00e7\u00e3o de DNA<\/strong><\/li>\n<\/ol>\n<p>Esta \u00faltima \u00e9 a carater\u00edstica mais surpreendente, porque n\u00e3o conhe\u00e7o nenhum outro m\u00e9todo que possa reparar o ADN danificado, que \u00e9, infelizmente, um dos efeitos secund\u00e1rios mais graves das vacinas de mRNA.<\/p>\n<p>Estes aparelhos s\u00e3o pequenos, port\u00e1teis, acess\u00edveis e t\u00eam in\u00fameras vantagens para todos os tipos de problemas de sa\u00fade: preven\u00e7\u00e3o, terapia, protec\u00e7\u00e3o e, sobretudo, desintoxica\u00e7\u00e3o.<br \/>\n<em>Esta \u00e9 a gama de produtos:<\/em><br \/>\n<a href=\"https:\/\/biophotonic.uk\/\" target=\"_blank\" rel=\"noopener\"><img loading=\"lazy\" class=\"aligncenter size-large wp-image-76564\" src=\"https:\/\/safeblood.at\/wp-content\/uploads\/2024\/06\/biophotonics-pic-1-1024x582.jpg\" alt=\"\" width=\"1024\" height=\"582\" srcset=\"https:\/\/safeblood.at\/wp-content\/uploads\/2024\/06\/biophotonics-pic-1-1024x582.jpg 1024w, https:\/\/safeblood.at\/wp-content\/uploads\/2024\/06\/biophotonics-pic-1-300x170.jpg 300w, https:\/\/safeblood.at\/wp-content\/uploads\/2024\/06\/biophotonics-pic-1-768x436.jpg 768w, https:\/\/safeblood.at\/wp-content\/uploads\/2024\/06\/biophotonics-pic-1-1536x872.jpg 1536w, https:\/\/safeblood.at\/wp-content\/uploads\/2024\/06\/biophotonics-pic-1-2048x1163.jpg 2048w\" sizes=\"(max-width: 1024px) 100vw, 1024px\" \/><\/a>O nosso principal interesse \u00e9, obviamente, a remo\u00e7\u00e3o de res\u00edduos de vacinas de mRNA. Mas h\u00e1 muitos benef\u00edcios para a sa\u00fade em geral, como a protec\u00e7\u00e3o contra a geopatia. A BioPhotonics realizou v\u00e1rios estudos com an\u00e1lises de sangue vivo que documentam os benef\u00edcios dos seus dispositivos. O v\u00eddeo seguinte \u00e9 um exemplo de protec\u00e7\u00e3o contra a radia\u00e7\u00e3o G5 ou semelhante para telem\u00f3veis:<\/p>\n<p><center><br \/>\n<iframe loading=\"lazy\" title=\"YouTube video player\" src=\"https:\/\/www.youtube.com\/embed\/1V8FnD8eyt0?si=chHr3heBxGtdcEUt\" width=\"560\" height=\"315\" frameborder=\"0\" allowfullscreen=\"allowfullscreen\" data-mce-fragment=\"1\"><\/iframe><\/center><br \/>\nJ\u00e1 trabalhei com todo o tipo de aparelhos de frequ\u00eancia na minha pr\u00e1tica naturop\u00e1tica: Bioresson\u00e2ncia, geradores de frequ\u00eancias (tanto para diagn\u00f3stico como para tratamento), de acordo com o Dr. Clark ou Rife, campo magn\u00e9tico, etc. etc., e fiquei sempre espantado com o seu bom funcionamento.\u00a0Os aparelhos de frequ\u00eancia que utilizei na minha cl\u00ednica eram, obviamente, grandes, muito caros (estamos a falar de aparelhos no valor de centenas de milhares) e exigiam conhecimentos m\u00e9dicos intensivos. Os <strong>aparelhos BioPhotonic<\/strong> s\u00e3o, como j\u00e1 disse, <strong>pequenos e port\u00e1teis<\/strong> e certamente n\u00e3o s\u00e3o baratos, mas <strong>s\u00e3o acess\u00edveis<\/strong>. Tamb\u00e9m n\u00e3o precisa de conhecimentos m\u00e9dicos, s\u00f3 tem de seguir as instru\u00e7\u00f5es e, em qualquer caso, n\u00e3o lhe podem fazer mal nenhum.<\/p>\n<p>Temos o prazer de saber que a <strong>BioPhotonic oferece um desconto de 10%<\/strong> em todos os seus dispositivos <strong>para os subscritores do boletim informativo da SafeBlood<\/strong> e <strong>20% para os membros SafeBlood.<\/strong> Clique no bot\u00e3o vermelho abaixo para encomendar ou apenas para saber mais sobre os princ\u00edpios ou os produtos em pormenor.<\/p>\n<p><span style=\"color: #ff0000;\"><span style=\"color: #000000;\">Para beneficiar do <strong>desconto para membros do SafeBlood,<\/strong> adicione \u00e0 sua encomenda este c\u00f3digo de desconto<\/span>*<\/span>  Introduza-o no campo &#8220;C\u00f3digo do cup\u00e3o&#8221; durante o checkout.<br \/>\n<span style=\"color: #ff0000;\">*<\/span><em><strong>S\u00f3<\/strong> ver\u00e1 o c\u00f3digo aqui se tiver sess\u00e3o iniciada como membro SafeBlood. Se n\u00e3o vir um c\u00f3digo aqui, aceda \u00e0 p\u00e1gina de in\u00edcio de sess\u00e3o do SafeBlood antes de voltar a esta p\u00e1gina<br \/>\n<\/em>Para receber o <strong>desconto para os subscritores do boletim informativo da SafeBlood,<\/strong> adicione \u00e0 sua encomends o c\u00f3digo <em>SB10<\/em> ou o c\u00f3digo que encontra no boletim informativo em que anunci\u00e1mos a nossa colabora\u00e7\u00e3o com a BioPhotonic. Pode encontrar o arquivo do nosso boletim informativo <a href=\"https:\/\/safeblood.net\/pt-pt\/arquivo-de-boletins-informativos\/\" target=\"_blank\" rel=\"noopener\">aqui<\/a>.<br \/>\n<em>Tenha em aten\u00e7\u00e3o que n\u00e3o pode combinar dois c\u00f3digos de desconto.<\/em><br \/>\nSe quiser <strong>tornar-se membro agora<\/strong>, pode faz\u00ea-lo <a href=\"https:\/\/safeblood.at\/pt-pt\/torne-se-um-membro\/\" target=\"_blank\" rel=\"noopener\">aqui<\/a>. Depois de se ter registado com sucesso, torna-se imediatamente membro e pode prosseguir com a sua encomenda. Actualize esta p\u00e1gina para ver o c\u00f3digo de desconto antes de premir o bot\u00e3o vermelho.[\/vc_column_text][\/vc_column][\/vc_row][vc_row type=&#8221;in_container&#8221; full_screen_row_position=&#8221;middle&#8221; column_margin=&#8221;default&#8221; column_direction=&#8221;default&#8221; column_direction_tablet=&#8221;default&#8221; column_direction_phone=&#8221;default&#8221; scene_position=&#8221;center&#8221; text_color=&#8221;dark&#8221; text_align=&#8221;left&#8221; row_border_radius=&#8221;none&#8221; row_border_radius_applies=&#8221;bg&#8221; overlay_strength=&#8221;0.3&#8243; gradient_direction=&#8221;left_to_right&#8221; shape_divider_position=&#8221;bottom&#8221; bg_image_animation=&#8221;none&#8221;][vc_column column_padding=&#8221;no-extra-padding&#8221; column_padding_tablet=&#8221;inherit&#8221; column_padding_phone=&#8221;inherit&#8221; column_padding_position=&#8221;all&#8221; column_element_spacing=&#8221;default&#8221; centered_text=&#8221;true&#8221; background_color_opacity=&#8221;1&#8243; background_hover_color_opacity=&#8221;1&#8243; column_shadow=&#8221;none&#8221; column_border_radius=&#8221;none&#8221; column_link_target=&#8221;_self&#8221; gradient_direction=&#8221;left_to_right&#8221; overlay_strength=&#8221;0.3&#8243; width=&#8221;1\/1&#8243; tablet_width_inherit=&#8221;default&#8221; tablet_text_alignment=&#8221;default&#8221; phone_text_alignment=&#8221;default&#8221; bg_image_animation=&#8221;none&#8221; border_type=&#8221;simple&#8221; column_border_width=&#8221;none&#8221; column_border_style=&#8221;solid&#8221;][nectar_btn size=&#8221;jumbo&#8221; open_new_tab=&#8221;true&#8221; button_style=&#8221;regular&#8221; button_color_2=&#8221;Accent-Color&#8221; icon_family=&#8221;default_arrow&#8221; text=&#8221;Direccione-me para o site da BioPhotonic para obter mais explica\u00e7\u00f5es e o formul\u00e1rio de encomenda.&#8221; url=&#8221;https:\/\/biophotonic.uk\/&#8221;][\/vc_column][\/vc_row][vc_row type=&#8221;in_container&#8221; full_screen_row_position=&#8221;middle&#8221; column_margin=&#8221;default&#8221; column_direction=&#8221;default&#8221; column_direction_tablet=&#8221;default&#8221; column_direction_phone=&#8221;default&#8221; scene_position=&#8221;center&#8221; text_color=&#8221;dark&#8221; text_align=&#8221;left&#8221; row_border_radius=&#8221;none&#8221; row_border_radius_applies=&#8221;bg&#8221; overlay_strength=&#8221;0.3&#8243; gradient_direction=&#8221;left_to_right&#8221; shape_divider_position=&#8221;bottom&#8221; bg_image_animation=&#8221;none&#8221;][vc_column column_padding=&#8221;no-extra-padding&#8221; column_padding_tablet=&#8221;inherit&#8221; column_padding_phone=&#8221;inherit&#8221; column_padding_position=&#8221;all&#8221; column_element_spacing=&#8221;default&#8221; background_color_opacity=&#8221;1&#8243; background_hover_color_opacity=&#8221;1&#8243; column_shadow=&#8221;none&#8221; column_border_radius=&#8221;none&#8221; column_link_target=&#8221;_self&#8221; gradient_direction=&#8221;left_to_right&#8221; overlay_strength=&#8221;0.3&#8243; width=&#8221;1\/1&#8243; tablet_width_inherit=&#8221;default&#8221; tablet_text_alignment=&#8221;default&#8221; phone_text_alignment=&#8221;default&#8221; bg_image_animation=&#8221;none&#8221; border_type=&#8221;simple&#8221; column_border_width=&#8221;none&#8221; column_border_style=&#8221;solid&#8221;][vc_column_text]Um coment\u00e1rio final: na minha pr\u00e1tica naturop\u00e1tica experimentei sempre em mim pr\u00f3prio todos os m\u00e9todos que utilizo para os meus pacientes e na SafeBlood tamb\u00e9m test\u00e1mos os dispositivos mencionados e encontr\u00e1mos efeitos significativos.<\/p>\n<p>Recomendamos tamb\u00e9m que subscreva a p\u00e1gina do YouTube da BioPhotonic, onde encontrar\u00e1 in\u00fameros v\u00eddeos com instru\u00e7\u00f5es, coment\u00e1rios de utilizadores e detalhes:<br \/>\n<a href=\"https:\/\/www.youtube.com\/@biophotonic791\" target=\"_blank\" rel=\"noopener\">https:\/\/www.youtube.com\/@biophotonic791<\/a><\/p>\n<p class=\"p1\"><strong>AVISO DE ISEN\u00c7\u00c3O DE RESPONSABILIDADE:<\/strong><\/p>\n<p class=\"p1\">A SAFE BLOOD DONATION N\u00c3O FORNECE ACONSELHAMENTO M\u00c9DICO.<\/p>\n<p class=\"p1\">As informa\u00e7\u00f5es, incluindo, mas n\u00e3o se limitando a, texto, gr\u00e1ficos, imagens e outros materiais publicados ou transmitidos pela Safe Blood Donation e pelos seus afiliados, directores, administradores, gestores, funcion\u00e1rios ou outros representantes, destinam-se apenas a fins informativos. Nenhum material se destina a substituir o aconselhamento, diagn\u00f3stico ou tratamento m\u00e9dico profissional. Procure sempre o conselho do seu prestador de cuidados de sa\u00fade de confian\u00e7a com quaisquer d\u00favidas que possa ter em rela\u00e7\u00e3o a uma condi\u00e7\u00e3o m\u00e9dica ou tratamento e antes de iniciar um novo regime de cuidados de sa\u00fade e nunca desconsidere o conselho m\u00e9dico profissional ou demore a procur\u00e1-lo por causa de algo que tenha lido ou visto em qualquer publica\u00e7\u00e3o ou transmiss\u00e3o da Safe Blood Donation.<\/p>\n[\/vc_column_text][\/vc_column][\/vc_row]\n","protected":false},"excerpt":{"rendered":"<p>[vc_row type=&#8221;in_container&#8221; full_screen_row_position=&#8221;middle&#8221; column_margin=&#8221;default&#8221; column_direction=&#8221;default&#8221; column_direction_tablet=&#8221;default&#8221; column_direction_phone=&#8221;default&#8221; scene_position=&#8221;center&#8221; text_color=&#8221;dark&#8221; text_align=&#8221;left&#8221; row_border_radius=&#8221;none&#8221; row_border_radius_applies=&#8221;bg&#8221; overlay_strength=&#8221;0.3&#8243; gradient_direction=&#8221;left_to_right&#8221; shape_divider_position=&#8221;bottom&#8221; bg_image_animation=&#8221;none&#8221; shape_type=&#8221;&#8221;][vc_column column_padding=&#8221;no-extra-padding&#8221; column_padding_tablet=&#8221;inherit&#8221; column_padding_phone=&#8221;inherit&#8221; column_padding_position=&#8221;all&#8221; top_margin=&#8221;-90&#8243; top_margin_tablet=&#8221;-90&#8243; top_margin_phone=&#8221;-90&#8243; column_element_spacing=&#8221;default&#8221; background_color_opacity=&#8221;1&#8243; background_hover_color_opacity=&#8221;1&#8243; column_shadow=&#8221;none&#8221; column_border_radius=&#8221;none&#8221; column_link_target=&#8221;_self&#8221;&#8230;<\/p>\n","protected":false},"author":2,"featured_media":0,"parent":0,"menu_order":0,"comment_status":"closed","ping_status":"closed","template":"","meta":[],"_links":{"self":[{"href":"https:\/\/safeblood.at\/pt-pt\/wp-json\/wp\/v2\/pages\/77241"}],"collection":[{"href":"https:\/\/safeblood.at\/pt-pt\/wp-json\/wp\/v2\/pages"}],"about":[{"href":"https:\/\/safeblood.at\/pt-pt\/wp-json\/wp\/v2\/types\/page"}],"author":[{"embeddable":true,"href":"https:\/\/safeblood.at\/pt-pt\/wp-json\/wp\/v2\/users\/2"}],"replies":[{"embeddable":true,"href":"https:\/\/safeblood.at\/pt-pt\/wp-json\/wp\/v2\/comments?post=77241"}],"version-history":[{"count":3,"href":"https:\/\/safeblood.at\/pt-pt\/wp-json\/wp\/v2\/pages\/77241\/revisions"}],"predecessor-version":[{"id":81385,"href":"https:\/\/safeblood.at\/pt-pt\/wp-json\/wp\/v2\/pages\/77241\/revisions\/81385"}],"wp:attachment":[{"href":"https:\/\/safeblood.at\/pt-pt\/wp-json\/wp\/v2\/media?parent=77241"}],"curies":[{"name":"wp","href":"https:\/\/api.w.org\/{rel}","templated":true}]}}