{"id":82162,"date":"2026-04-14T15:52:00","date_gmt":"2026-04-14T13:52:00","guid":{"rendered":"https:\/\/safeblood.at\/?page_id=82162"},"modified":"2026-04-14T15:52:00","modified_gmt":"2026-04-14T13:52:00","slug":"prispiet","status":"publish","type":"page","link":"https:\/\/safeblood.at\/sk\/prispiet\/","title":{"rendered":"Prispie\u0165"},"content":{"rendered":"[vc_row type=&#8220;in_container&#8220; full_screen_row_position=&#8220;middle&#8220; column_margin=&#8220;default&#8220; column_direction=&#8220;default&#8220; column_direction_tablet=&#8220;default&#8220; column_direction_phone=&#8220;default&#8220; scene_position=&#8220;center&#8220; text_color=&#8220;dark&#8220; text_align=&#8220;left&#8220; row_border_radius=&#8220;none&#8220; row_border_radius_applies=&#8220;bg&#8220; overlay_strength=&#8220;0.3&#8243; gradient_direction=&#8220;left_to_right&#8220; shape_divider_position=&#8220;bottom&#8220; bg_image_animation=&#8220;none&#8220;][vc_column column_padding=&#8220;no-extra-padding&#8220; column_padding_tablet=&#8220;inherit&#8220; column_padding_phone=&#8220;inherit&#8220; column_padding_position=&#8220;all&#8220; column_element_spacing=&#8220;default&#8220; background_color_opacity=&#8220;1&#8243; background_hover_color_opacity=&#8220;1&#8243; column_shadow=&#8220;none&#8220; column_border_radius=&#8220;none&#8220; column_link_target=&#8220;_self&#8220; gradient_direction=&#8220;left_to_right&#8220; overlay_strength=&#8220;0.3&#8243; width=&#8220;1\/6&#8243; tablet_width_inherit=&#8220;default&#8220; tablet_text_alignment=&#8220;default&#8220; phone_text_alignment=&#8220;default&#8220; bg_image_animation=&#8220;none&#8220; border_type=&#8220;simple&#8220; column_border_width=&#8220;none&#8220; column_border_style=&#8220;solid&#8220;][\/vc_column][vc_column column_padding=&#8220;no-extra-padding&#8220; column_padding_tablet=&#8220;inherit&#8220; column_padding_phone=&#8220;inherit&#8220; column_padding_position=&#8220;all&#8220; column_element_spacing=&#8220;default&#8220; background_color_opacity=&#8220;1&#8243; background_hover_color_opacity=&#8220;1&#8243; column_shadow=&#8220;none&#8220; column_border_radius=&#8220;none&#8220; column_link_target=&#8220;_self&#8220; gradient_direction=&#8220;left_to_right&#8220; overlay_strength=&#8220;0.3&#8243; width=&#8220;2\/3&#8243; tablet_width_inherit=&#8220;default&#8220; tablet_text_alignment=&#8220;default&#8220; phone_text_alignment=&#8220;default&#8220; bg_image_animation=&#8220;none&#8220; border_type=&#8220;simple&#8220; column_border_width=&#8220;none&#8220; column_border_style=&#8220;solid&#8220;][vc_column_text]\t<div class=\"asp_product_item\">\n\t\t<div class=\"asp_product_item_top\">\n\t\t<div class=\"asp_product_item_thumbnail\">\n\t\t\t\n\t\t<\/div>\n\t\t<div class=\"asp_product_name\">\n\t\t\tPodpora bezpe\u010dn\u00e9ho darcovstva krvi\n\t\t<\/div>\n\t\t<\/div>\n\t\t<div style=\"clear:both;\"><\/div>\n\t\t<div class=\"asp_product_description\">\n\t\t<p>Sme neziskov\u00e1 organiz\u00e1cia, teda zdru\u017eenie, ktor\u00e9 nie je zameran\u00e9 na zisk. Na\u0161\u00edm jedin\u00fdm cie\u013eom je umo\u017eni\u0165, aby mal ka\u017ed\u00fd \u010dlovek slobodn\u00fa vo\u013ebu p\u00f4vodu a typu darovanej krvi. V\u017edy a v\u0161ade.<\/p>\n<p>\u010eakujeme, \u017ee k tomu prispievate svoj\u00edm <strong>darom<\/strong> \u2013 bez va\u0161ej pomoci to nedok\u00e1\u017eeme.<\/p>\n<hr \/>\n<p><span style=\"color: #ff0000;\"><strong>KREDITN\u00c1 KARTA:<br \/>\n<\/strong><\/span>Pre platby kreditnou kartou prejdite \u00faplne nadol a kliknite na \u010derven\u00e9 tla\u010didlo <span style=\"color: #ff0000;\">Darova\u0165 kreditnou kartou<\/span>.<\/p>\n<hr \/>\n<p><span style=\"color: #ff0000;\"><strong>BANKOV\u00dd PREVOD \/ CHF<\/strong>:<br \/>\n<\/span>N\u00e1\u0161 \u00fa\u010det v PostFinance pre prevody v CHF je<\/p>\n<p><strong>CH96 0900 0000 1586 7596 5<\/strong><br \/>\nSafeBlood, Ankenweid 29, 8041 Z\u00fcrich<\/p>\n<p>Pre platby zo zahrani\u010dia potrebujete navy\u0161e nasleduj\u00faci BIC (SWIFT k\u00f3d):<br \/>\nPOFICHBEXXX<br \/>\nN\u00e1zov banky: PostFinance AG, Mingerstrasse 20, CH-3030 Bern, \u0160vaj\u010diarsko<\/p>\n<p><a href=\"https:\/\/safeblood.at\/wp-content\/uploads\/2024\/02\/QR-code-postfinance.jpg\"><img class=\"alignleft size-thumbnail wp-image-73974\" src=\"https:\/\/safeblood.at\/wp-content\/uploads\/2024\/02\/QR-code-postfinance-150x150.jpg\" alt=\"\" width=\"150\" height=\"150\" \/><\/a><\/p>\n<p>Pri platb\u00e1ch na po\u0161tov\u00fd \u00fa\u010det uve\u010fte do spr\u00e1vy pre prij\u00edmate\u013ea \u00fa\u010del platby:<br \/>\n<strong>Dar <\/strong>alebo \u010clensk\u00fd pr\u00edspevok 2026<\/p>\n<hr \/>\n<p><span style=\"color: #ff0000;\"><strong>BANKOV\u00dd PREVOD \/ EURO (\u20ac)<\/strong>:<br \/>\n<\/span>N\u00e1\u0161 \u00fa\u010det v PostFinance pre prevody v EURO je<\/p>\n<p class=\"p1\"><strong>CH54 0900 0000 1686 2698 1<br \/>\n<\/strong>SafeBlood, Ankenweid 29, 8041 Z\u00fcrich<\/p>\n<p>Pre platby zo zahrani\u010dia potrebujete navy\u0161e nasleduj\u00faci BIC (SWIFT k\u00f3d):<br \/>\nPOFICHBEXXX<br \/>\nN\u00e1zov banky: PostFinance AG, Mingerstrasse 20, CH-3030 Bern, \u0160vaj\u010diarsko<\/p>\n<p><a href=\"https:\/\/safeblood.at\/wp-content\/uploads\/2026\/04\/QR-code-postfinance-eurokonto.jpg\"><img class=\"alignleft wp-image-82070 size-thumbnail\" src=\"https:\/\/safeblood.at\/wp-content\/uploads\/2026\/04\/QR-code-postfinance-eurokonto-150x150.jpg\" alt=\"\" width=\"150\" height=\"150\" \/><\/a><\/p>\n<p>Pri platb\u00e1ch na po\u0161tov\u00fd \u00fa\u010det uve\u010fte do spr\u00e1vy pre prij\u00edmate\u013ea \u00fa\u010del platby:<br \/>\n<strong>Dar <\/strong>alebo \u010clensk\u00fd pr\u00edspevok 2026<\/p>\n<hr \/>\n<p class=\"p1\"><span style=\"color: #ff0000;\"><strong>PAYPAL:<br \/>\n<\/strong><\/span>Ak chcete plati\u0165 cez PayPal, kliknite na tla\u010didlo \"Darova\u0165\" alebo naskenujte QR k\u00f3d aplik\u00e1ciou PayPal:<\/p>\n<div >\n<form target='_blank' action='https:\/\/www.paypal.com\/cgi-bin\/webscr' method='post'><input type='hidden' name='cmd' value='_donations' \/><input type='hidden' name='business' value='george@safeblood.net' \/><input type='hidden' name='item_name' value='Spenden' \/><input type='hidden' name='item_number' value='' \/><input type='hidden' name='currency_code' value='CHF' \/><input type='hidden' name='amount' id='amount_c4be06b29e71c8fffd096944919dde03' value='' \/><input type='hidden' name='no_note' value='0'><input type='hidden' name='no_shipping' value='1'><input type='hidden' name='notify_url' value='https:\/\/safeblood.at\/wp-admin\/admin-post.php?action=add_wpedon_button_ipn'><input type='hidden' name='lc' value='de_DE'><input type='hidden' name='bn' value='WPPlugin_SP'><input type='hidden' name='return' value='' \/><input type='hidden' name='cancel_return' value='' \/><input class='wpedon_paypalbuttonimage' type='image' src='https:\/\/www.paypal.com\/de_DE\/DE\/i\/btn\/btn_donate_LG.gif' border='0' name='submit' alt='Make your payments with PayPal. It is free, secure, effective.' style='border: none;'><img alt='' border='0' style='border:none;display:none;' src='https:\/\/www.paypal.com\/de_DE\/i\/scr\/pixel.gif' width='1' height='1'><\/form>\n<\/div>\n<p><a href=\"https:\/\/safeblood.at\/wp-content\/uploads\/2025\/07\/qrcode.png\"><img class=\"alignleft size-thumbnail wp-image-80095\" src=\"https:\/\/safeblood.at\/wp-content\/uploads\/2025\/07\/qrcode-150x150.png\" alt=\"\" width=\"150\" height=\"150\" \/><\/a><\/p>\n<p>&nbsp;<\/p>\n<p>&nbsp;<\/p>\n<hr \/>\n<p><span style=\"color: #ff0000;\"><strong>BITCOIN:<br \/>\n<\/strong><\/span>Na\u0161a adresa pre Bitcoin platby je:<\/p>\n<p><img class=\"alignleft wp-image-69880\" src=\"https:\/\/safeblood.at\/wp-content\/uploads\/2023\/04\/download.png\" alt=\"\" width=\"207\" height=\"207\" \/><\/p>\n<p><strong>bc1q786u8x2mhu03utewejpq45tnjrqck3shvpn7le<\/strong><\/p>\n<p>Pri platb\u00e1ch Bitcoinom n\u00e1m pros\u00edm po\u0161lite <a href=\"mailto:george@safeblood.net\" target=\"_blank\" rel=\"noopener\">e-mail<\/a> s uveden\u00edm sumy, d\u00e1tumu, v\u00e1\u0161ho mena a \u00fa\u010delu platby.<\/p>\n<hr \/>\n<p><span style=\"color: #ff0000;\"><strong>UNVAXCOIN:<br \/>\n<\/strong><\/span>Na\u0161a adresa pre UNVAXCOIN platby je:<\/p>\n<p><a href=\"https:\/\/safeblood.at\/wp-content\/uploads\/2023\/07\/sbqr1.png\"><img class=\"alignleft wp-image-71118\" src=\"https:\/\/safeblood.at\/wp-content\/uploads\/2023\/07\/sbqr1-150x150.png\" alt=\"\" width=\"207\" height=\"206\" \/><\/a><\/p>\n<p class=\"p1\"><b>rM43qVSpPGsyJjzonFmWWAuDPSz3s2tKUx<br \/>\n<\/b><br \/>\nPri platb\u00e1ch Unvaxcoinom n\u00e1m pros\u00edm po\u0161lite <a href=\"mailto:george@safeblood.net\" target=\"_blank\" rel=\"noopener\">e-mail<\/a> s uveden\u00edm sumy, d\u00e1tumu, v\u00e1\u0161ho mena a \u00fa\u010delu platby.<\/p>\n<hr \/>\n<p><span style=\"color: #ff0000;\"><strong>KREDITN\u00c1 KARTA:<br \/>\n<\/strong><\/span>Alternat\u00edvne m\u00f4\u017eete, ako u\u017e bolo spomenut\u00e9, samozrejme plati\u0165 kreditnou kartou v akejko\u013evek mene pomocou tla\u010didla <strong>ni\u017e\u0161ie<\/strong>.<\/p>\n\n\t\t<\/div>\n\t\t<div class=\"asp_price_container\">\n\t\t<span class=\"asp_price_amount\"><\/span> <span class=\"asp_new_price_amount\"><\/span> <span class=\"asp_quantity\"><\/span>\n\t\t<div class=\"asp_under_price_line\"><\/div>\n\t\t<\/div>\n\t\t<div class=\"asp_product_buy_button\">\n\t\t<div class=\"asp-processing-cont\" style=\"display:none;\"><span class=\"asp-processing\">Processing <i>.<\/i><i>.<\/i><i>.<\/i><\/span><\/div><form id = 'asp_ng_form_069e1e31db3687' class='asp-stripe-form' action = '' METHOD = 'POST'> <input type='hidden' name='asp_product_id' value='82161' \/><div class=\"asp-child-hidden-fields\" style=\"display: none !important;\"><\/div><\/form><div id=\"asp-all-buttons-container-069e1e31db3687\" class=\"asp_all_buttons_container\"><div class=\"asp_product_buy_btn_container\"><button id=\"asp_ng_button_069e1e31db3687\" type=\"submit\" class=\"credit-card-donation-button\"><span>Prispie\u0165 kreditnou kartou<\/span><\/button><\/div><noscript>Stripe Payments requires Javascript to be supported by the browser in order to operate.<\/noscript><\/div><div id=\"asp-btn-spinner-container-069e1e31db3687\" class=\"asp-btn-spinner-container\" style=\"display: none !important\"><div class=\"asp-btn-spinner\"><div><\/div><div><\/div><div><\/div><div><\/div><\/div><\/div><script>var asp_data_069e1e31db3687 = {\"is_live\":true,\"product_id\":\"82161\",\"iframe_url\":\"https:\\\/\\\/safeblood.at\\\/sk\\\/asp-payment-box\\\/?product_id=82161\",\"button_key\":\"33711364d49d164fcef7fc3c72bd1ea2\",\"item_price\":0,\"quantity\":1,\"custom_quantity\":\"\",\"description\":\"\",\"descrGenerated\":false,\"shipping\":0,\"tax\":0,\"image\":\"\",\"currency\":\"EUR\",\"currency_variable\":\"1\",\"locale\":\"auto\",\"name\":\"Podpora bezpe\\u010dn\\u00e9ho darcovstva krvi\",\"url\":\"\",\"amount\":0,\"billingAddress\":false,\"shippingAddress\":false,\"customer_email\":\"\",\"uniq_id\":\"069e1e31db3687\",\"variable\":true,\"zeroCents\":[\"JPY\",\"MGA\",\"VND\",\"KRW\"],\"addonHooks\":[\"recaptcha\"],\"button_text\":\"Prispie\\u0165 kreditnou kartou\",\"out_of_stock\":false,\"stock_control_enabled\":false,\"stock_items\":0,\"currencyFormat\":{\"c\":2,\"d\":\".\",\"t\":\",\",\"s\":\"\\u20ac\",\"pos\":\"left\"},\"displayStr\":{\"tax\":\"%s (tax)\",\"ship\":\"%s (shipping)\"},\"thankyou_page_url\":\"\",\"show_custom_amount_input\":false,\"recaptchaSiteKey\":\"6LfNlfEgAAAAAJCVtvZhjFEaSnxftRmKtPbnUBRs\",\"recaptchaInvisible\":0};if(typeof jQuery!==\"undefined\") {jQuery(document).ready(function() {new stripeHandlerNG(asp_data_069e1e31db3687);});} else { if (typeof wpaspInitOnDocReady===\"undefined\") {var wpaspInitOnDocReady=[];} wpaspInitOnDocReady.push(asp_data_069e1e31db3687);}<\/script>\n\t\t<\/div>\n\t<\/div>\n\t[\/vc_column_text][\/vc_column][vc_column column_padding=&#8220;no-extra-padding&#8220; column_padding_tablet=&#8220;inherit&#8220; column_padding_phone=&#8220;inherit&#8220; column_padding_position=&#8220;all&#8220; column_element_spacing=&#8220;default&#8220; background_color_opacity=&#8220;1&#8243; background_hover_color_opacity=&#8220;1&#8243; column_shadow=&#8220;none&#8220; column_border_radius=&#8220;none&#8220; column_link_target=&#8220;_self&#8220; gradient_direction=&#8220;left_to_right&#8220; overlay_strength=&#8220;0.3&#8243; width=&#8220;1\/6&#8243; tablet_width_inherit=&#8220;default&#8220; tablet_text_alignment=&#8220;default&#8220; phone_text_alignment=&#8220;default&#8220; bg_image_animation=&#8220;none&#8220; border_type=&#8220;simple&#8220; column_border_width=&#8220;none&#8220; column_border_style=&#8220;solid&#8220;][\/vc_column][\/vc_row]\n","protected":false},"excerpt":{"rendered":"<p>Podpora bezpe\u010dn\u00e9ho darcovstva krvi Sme neziskov\u00e1 organiz\u00e1cia, teda zdru\u017eenie, ktor\u00e9 nie je zameran\u00e9 na zisk. Na\u0161\u00edm jedin\u00fdm cie\u013eom je umo\u017eni\u0165, aby mal ka\u017ed\u00fd \u010dlovek slobodn\u00fa vo\u013ebu p\u00f4vodu a typu darovanej&#8230;<\/p>\n","protected":false},"author":2,"featured_media":0,"parent":0,"menu_order":0,"comment_status":"closed","ping_status":"closed","template":"","meta":[],"_links":{"self":[{"href":"https:\/\/safeblood.at\/sk\/wp-json\/wp\/v2\/pages\/82162"}],"collection":[{"href":"https:\/\/safeblood.at\/sk\/wp-json\/wp\/v2\/pages"}],"about":[{"href":"https:\/\/safeblood.at\/sk\/wp-json\/wp\/v2\/types\/page"}],"author":[{"embeddable":true,"href":"https:\/\/safeblood.at\/sk\/wp-json\/wp\/v2\/users\/2"}],"replies":[{"embeddable":true,"href":"https:\/\/safeblood.at\/sk\/wp-json\/wp\/v2\/comments?post=82162"}],"version-history":[{"count":1,"href":"https:\/\/safeblood.at\/sk\/wp-json\/wp\/v2\/pages\/82162\/revisions"}],"predecessor-version":[{"id":82163,"href":"https:\/\/safeblood.at\/sk\/wp-json\/wp\/v2\/pages\/82162\/revisions\/82163"}],"wp:attachment":[{"href":"https:\/\/safeblood.at\/sk\/wp-json\/wp\/v2\/media?parent=82162"}],"curies":[{"name":"wp","href":"https:\/\/api.w.org\/{rel}","templated":true}]}}